{"id":9707,"date":"2021-12-23T00:05:40","date_gmt":"2021-12-23T00:05:40","guid":{"rendered":"https:\/\/aptecnologia.com.ar\/new\/?post_type=product&#038;p=9707"},"modified":"2022-04-18T14:05:06","modified_gmt":"2022-04-18T14:05:06","slug":"monitor-27-v270-hdmi-hp","status":"publish","type":"product","link":"https:\/\/aptecnologia.com.ar\/new\/productos\/monitor-27-v270-hdmi-hp\/","title":{"rendered":"Monitor 27&#8243; V270 HDMI &#8211; HP"},"content":{"rendered":"<p>La visi\u00f3n de HP es crear tecnolog\u00edas que mejoren ampliamente la vida de todas las personas del mundo. La empresa trabaja en la invenci\u00f3n y el dise\u00f1o de productos que brinden experiencias asombrosas. Tener un monitor HP es disfrutar de la alta calidad e innovaci\u00f3n que ofrece la marca.<\/p>\n<p>Un monitor a tu medida<br \/>\nCon tu pantalla LED no solo ahorr\u00e1s energ\u00eda, ya que su consumo es bajo, sino que vas a ver colores n\u00edtidos y definidos en tus pel\u00edculas o series favoritas.<\/p>\n<p>Una experiencia visual de calidad<br \/>\nEste monitor de 27&#8243; te va a resultar c\u00f3modo para estudiar, trabajar o ver una pel\u00edcula en tus tiempos de ocio. Asimismo, su resoluci\u00f3n de 1920 x 1080 te permite disfrutar de momentos \u00fanicos gracias a una imagen de alta fidelidad. Una de sus virtudes es que posee pantalla antirreflejo, de esta manera no ver\u00e1s reflejado lo que est\u00e1 detr\u00e1s de vos y vas a evitar forzar tu vista para enfocar el contenido. Su tiempo de respuesta de 5 ms lo hace ideal para gamers y cin\u00e9filos porque es capaz de mostrar im\u00e1genes en movimiento sin halos o bordes borrosos.<\/p>\n","protected":false},"excerpt":{"rendered":"<ul class=\"ui-vpp-highlighted-specs__features-list\">\n<li class=\"ui-vpp-highlighted-specs__features-list-item ui-pdp-color--BLACK ui-pdp-size--XSMALL ui-pdp-family--REGULAR\">Pantalla led de 27 \u00ab.<\/li>\n<li class=\"ui-vpp-highlighted-specs__features-list-item ui-pdp-color--BLACK ui-pdp-size--XSMALL ui-pdp-family--REGULAR\">Tiene una resoluci\u00f3n de 1920px-1080px.<\/li>\n<li class=\"ui-vpp-highlighted-specs__features-list-item ui-pdp-color--BLACK ui-pdp-size--XSMALL ui-pdp-family--REGULAR\">Relaci\u00f3n de aspecto de 16:9.<\/li>\n<li class=\"ui-vpp-highlighted-specs__features-list-item ui-pdp-color--BLACK ui-pdp-size--XSMALL ui-pdp-family--REGULAR\">Panel IPS.<\/li>\n<li class=\"ui-vpp-highlighted-specs__features-list-item ui-pdp-color--BLACK ui-pdp-size--XSMALL ui-pdp-family--REGULAR\">Su brillo es de 300cd\/m\u00b2.<\/li>\n<li class=\"ui-vpp-highlighted-specs__features-list-item ui-pdp-color--BLACK ui-pdp-size--XSMALL ui-pdp-family--REGULAR\">Tipos de conexi\u00f3n: VGA, HDMI 1.4, DVI-D.<\/li>\n<\/ul>\n","protected":false},"featured_media":9708,"comment_status":"open","ping_status":"closed","template":"","meta":[],"pwb-brand":[118],"product_cat":[66,81],"product_tag":[],"class_list":{"0":"post-9707","1":"product","2":"type-product","3":"status-publish","4":"has-post-thumbnail","6":"pwb-brand-hp","7":"product_cat-computacion","8":"product_cat-monitores","10":"first","11":"instock","12":"shipping-taxable","13":"purchasable","14":"product-type-simple"},"brands":[{"id":118,"name":"HP","slug":"hp"}],"_links":{"self":[{"href":"https:\/\/aptecnologia.com.ar\/new\/wp-json\/wp\/v2\/product\/9707","targetHints":{"allow":["GET"]}}],"collection":[{"href":"https:\/\/aptecnologia.com.ar\/new\/wp-json\/wp\/v2\/product"}],"about":[{"href":"https:\/\/aptecnologia.com.ar\/new\/wp-json\/wp\/v2\/types\/product"}],"replies":[{"embeddable":true,"href":"https:\/\/aptecnologia.com.ar\/new\/wp-json\/wp\/v2\/comments?post=9707"}],"version-history":[{"count":0,"href":"https:\/\/aptecnologia.com.ar\/new\/wp-json\/wp\/v2\/product\/9707\/revisions"}],"wp:featuredmedia":[{"embeddable":true,"href":"https:\/\/aptecnologia.com.ar\/new\/wp-json\/wp\/v2\/media\/9708"}],"wp:attachment":[{"href":"https:\/\/aptecnologia.com.ar\/new\/wp-json\/wp\/v2\/media?parent=9707"}],"wp:term":[{"taxonomy":"pwb-brand","embeddable":true,"href":"https:\/\/aptecnologia.com.ar\/new\/wp-json\/wp\/v2\/pwb-brand?post=9707"},{"taxonomy":"product_cat","embeddable":true,"href":"https:\/\/aptecnologia.com.ar\/new\/wp-json\/wp\/v2\/product_cat?post=9707"},{"taxonomy":"product_tag","embeddable":true,"href":"https:\/\/aptecnologia.com.ar\/new\/wp-json\/wp\/v2\/product_tag?post=9707"}],"curies":[{"name":"wp","href":"https:\/\/api.w.org\/{rel}","templated":true}]}}