{"id":9642,"date":"2021-12-22T16:25:20","date_gmt":"2021-12-22T16:25:20","guid":{"rendered":"https:\/\/aptecnologia.com.ar\/new\/?post_type=product&#038;p=9642"},"modified":"2022-03-12T15:31:19","modified_gmt":"2022-03-12T15:31:19","slug":"ups-ctb-800va-lyonn","status":"publish","type":"product","link":"https:\/\/aptecnologia.com.ar\/new\/productos\/ups-ctb-800va-lyonn\/","title":{"rendered":"UPS CTB-800VA &#8211; LYONN"},"content":{"rendered":"<p>Si busc\u00e1s equipos de alta calidad no dudes en elegir Lyonn, empresa argentina de amplia trayectoria. Son especialistas en brindar soluciones para equipamientos trif\u00e1sicos y monof\u00e1sicos, tanto en UPS como estabilizadores de tensi\u00f3n.<\/p>\n<p>Conexi\u00f3n segura<br \/>\nCon este UPS vas a tener tiempo para resguardar las tareas realizadas en equipos electr\u00f3nicos frente a situaciones improvistas en la red el\u00e9ctrica. Su funci\u00f3n principal consiste en brindar energ\u00eda por un periodo determinado ante cortes repentinos de luz.<\/p>\n","protected":false},"excerpt":{"rendered":"<p>UPS interactiva.<br \/>\nCon pantalla LCD.<br \/>\nPosee interruptor de ahorro de energ\u00eda.<br \/>\nCon puerto USB.<br \/>\nVoltaje monovolt.<br \/>\nTiene 4 tomas.<br \/>\nApto para varios dispositivos.<br \/>\nRango de voltaje de entrada CA: 162V &#8211; 290V.<br \/>\nPeso: 3.55 kg.<br \/>\nEnerg\u00eda asegurada para tus productos ante inconvenientes el\u00e9ctricos.<\/p>\n","protected":false},"featured_media":9641,"comment_status":"open","ping_status":"closed","template":"","meta":[],"pwb-brand":[127],"product_cat":[79,68],"product_tag":[],"class_list":{"0":"post-9642","1":"product","2":"type-product","3":"status-publish","4":"has-post-thumbnail","6":"pwb-brand-lyonn","7":"product_cat-estabilizadores-y-ups","8":"product_cat-seguridad-y-vigilancia","10":"first","11":"outofstock","12":"shipping-taxable","13":"purchasable","14":"product-type-simple"},"brands":[{"id":127,"name":"Lyonn","slug":"lyonn"}],"_links":{"self":[{"href":"https:\/\/aptecnologia.com.ar\/new\/wp-json\/wp\/v2\/product\/9642","targetHints":{"allow":["GET"]}}],"collection":[{"href":"https:\/\/aptecnologia.com.ar\/new\/wp-json\/wp\/v2\/product"}],"about":[{"href":"https:\/\/aptecnologia.com.ar\/new\/wp-json\/wp\/v2\/types\/product"}],"replies":[{"embeddable":true,"href":"https:\/\/aptecnologia.com.ar\/new\/wp-json\/wp\/v2\/comments?post=9642"}],"version-history":[{"count":0,"href":"https:\/\/aptecnologia.com.ar\/new\/wp-json\/wp\/v2\/product\/9642\/revisions"}],"wp:featuredmedia":[{"embeddable":true,"href":"https:\/\/aptecnologia.com.ar\/new\/wp-json\/wp\/v2\/media\/9641"}],"wp:attachment":[{"href":"https:\/\/aptecnologia.com.ar\/new\/wp-json\/wp\/v2\/media?parent=9642"}],"wp:term":[{"taxonomy":"pwb-brand","embeddable":true,"href":"https:\/\/aptecnologia.com.ar\/new\/wp-json\/wp\/v2\/pwb-brand?post=9642"},{"taxonomy":"product_cat","embeddable":true,"href":"https:\/\/aptecnologia.com.ar\/new\/wp-json\/wp\/v2\/product_cat?post=9642"},{"taxonomy":"product_tag","embeddable":true,"href":"https:\/\/aptecnologia.com.ar\/new\/wp-json\/wp\/v2\/product_tag?post=9642"}],"curies":[{"name":"wp","href":"https:\/\/api.w.org\/{rel}","templated":true}]}}