{"id":9639,"date":"2021-12-22T16:19:48","date_gmt":"2021-12-22T16:19:48","guid":{"rendered":"https:\/\/aptecnologia.com.ar\/new\/?post_type=product&#038;p=9639"},"modified":"2022-02-21T17:12:13","modified_gmt":"2022-02-21T17:12:13","slug":"ups-ctb-1200ap-lyonn","status":"publish","type":"product","link":"https:\/\/aptecnologia.com.ar\/new\/productos\/ups-ctb-1200ap-lyonn\/","title":{"rendered":"UPS CTB-1200AP &#8211; LYONN"},"content":{"rendered":"<p>Sistema UPS para estaciones de trabajo y PC: CTB 1200 de Lyonn.<br \/>\nEsta UPS ha sido dise\u00f1ada para brindar protecci\u00f3n de energ\u00eda de buena calidad a estaciones de trabajo comerciales y computadoras personales. Su capacidad de regulaci\u00f3n autom\u00e1tica de tensi\u00f3n (AVR) corrige en forma autom\u00e1tica las condiciones de baja tensi\u00f3n y sobretensi\u00f3n m\u00e1s graves sin utilizar la bater\u00eda y as\u00ed preserva la energ\u00eda de la bater\u00eda para momentos en los que sea realmente necesaria.<br \/>\nDetalles T\u00e9cnicos:<br \/>\nAmplio rango de tensi\u00f3n de entrada.<br \/>\nEficiencia mayor al 95%.<br \/>\nProtecci\u00f3n contra picos.<br \/>\nDise\u00f1o con circuitos integrados.<br \/>\nDisponible para todo tipo de instrumentos sensibles.<br \/>\nIndicadores LED paso a paso.<br \/>\nCircuito de protecci\u00f3n para redes \/ LAN.<br \/>\nFiltro telef\u00f3nico modem \/ fax.<br \/>\nProtecci\u00f3n de sobrecarga de salida, combinada con un interruptor autom\u00e1tico de corte.<\/p>\n","protected":false},"excerpt":{"rendered":"<p>Voltaje de entrada: 220V<br \/>\nCantidad de tomas: 3<br \/>\nAutonom\u00eda m\u00e1xima de la bater\u00eda: 15 m<br \/>\nVoltaje de entrada CA: 220V\/230V\/240V<br \/>\nPotencia pico: 1200VA<\/p>\n","protected":false},"featured_media":9640,"comment_status":"open","ping_status":"closed","template":"","meta":[],"pwb-brand":[127],"product_cat":[79,68],"product_tag":[],"class_list":{"0":"post-9639","1":"product","2":"type-product","3":"status-publish","4":"has-post-thumbnail","6":"pwb-brand-lyonn","7":"product_cat-estabilizadores-y-ups","8":"product_cat-seguridad-y-vigilancia","10":"first","11":"outofstock","12":"shipping-taxable","13":"purchasable","14":"product-type-simple"},"brands":[{"id":127,"name":"Lyonn","slug":"lyonn"}],"_links":{"self":[{"href":"https:\/\/aptecnologia.com.ar\/new\/wp-json\/wp\/v2\/product\/9639","targetHints":{"allow":["GET"]}}],"collection":[{"href":"https:\/\/aptecnologia.com.ar\/new\/wp-json\/wp\/v2\/product"}],"about":[{"href":"https:\/\/aptecnologia.com.ar\/new\/wp-json\/wp\/v2\/types\/product"}],"replies":[{"embeddable":true,"href":"https:\/\/aptecnologia.com.ar\/new\/wp-json\/wp\/v2\/comments?post=9639"}],"version-history":[{"count":0,"href":"https:\/\/aptecnologia.com.ar\/new\/wp-json\/wp\/v2\/product\/9639\/revisions"}],"wp:featuredmedia":[{"embeddable":true,"href":"https:\/\/aptecnologia.com.ar\/new\/wp-json\/wp\/v2\/media\/9640"}],"wp:attachment":[{"href":"https:\/\/aptecnologia.com.ar\/new\/wp-json\/wp\/v2\/media?parent=9639"}],"wp:term":[{"taxonomy":"pwb-brand","embeddable":true,"href":"https:\/\/aptecnologia.com.ar\/new\/wp-json\/wp\/v2\/pwb-brand?post=9639"},{"taxonomy":"product_cat","embeddable":true,"href":"https:\/\/aptecnologia.com.ar\/new\/wp-json\/wp\/v2\/product_cat?post=9639"},{"taxonomy":"product_tag","embeddable":true,"href":"https:\/\/aptecnologia.com.ar\/new\/wp-json\/wp\/v2\/product_tag?post=9639"}],"curies":[{"name":"wp","href":"https:\/\/api.w.org\/{rel}","templated":true}]}}