{"id":9637,"date":"2021-12-22T15:28:44","date_gmt":"2021-12-22T15:28:44","guid":{"rendered":"https:\/\/aptecnologia.com.ar\/new\/?post_type=product&#038;p=9637"},"modified":"2025-05-16T17:17:08","modified_gmt":"2025-05-16T20:17:08","slug":"tv-50-uhd-android-l50p715-tcl","status":"publish","type":"product","link":"https:\/\/aptecnologia.com.ar\/new\/productos\/tv-50-uhd-android-l50p715-tcl\/","title":{"rendered":"TV 50&#8243; UHD Android &#8211; TCL"},"content":{"rendered":"<p>TCL es una de las empresas l\u00edderes en la industria global de televisores, dedicada a la investigaci\u00f3n y desarrollo de productos electr\u00f3nicos. Orientada a la satisfacci\u00f3n de sus clientes, se distingue por proveer una excelente experiencia a quienes adquieran y usen sus diferentes l\u00edneas de electrodom\u00e9sticos.<br \/>\nCon el Smart TV P715 vas a acceder a las aplicaciones en las que se encuentran tus contenidos favoritos. Adem\u00e1s, pod\u00e9s navegar por Internet, interactuar en redes sociales y divertirte con videojuegos.<\/p>\n<p>Viv\u00ed en 4K<br \/>\nLa cantidad de pixeles que ofrece es 4 veces mayor que la Full HD, \u00bfel resultado? Escenas mucho m\u00e1s realistas y con un nivel de detalle incre\u00edble. Ahora vas a conocer una aventura de inmersi\u00f3n que no va a dejar de sorprenderte.<\/p>\n<p>Un sonido que te envuelve<br \/>\nVas a sentir que proviene desde todas las direcciones posibles, lo cual enriquece la percepci\u00f3n del mismo. Los di\u00e1logos de tus series de fin de semana o la m\u00fasica de tus cantantes preferidos van a cobrar otro significado.<\/p>\n<p>M\u00e1s all\u00e1 de ver televisi\u00f3n<br \/>\nSu funci\u00f3n Screen Share permite duplicar la pantalla de tu smartphone o PC para que aparezca en la TV. De esta forma vas a poder visualizar todo tipo de contenido: material audiovisual, documentos de trabajo, correos electr\u00f3nicos y m\u00e1s.<\/p>\n","protected":false},"excerpt":{"rendered":"<ul class=\"ui-vpp-highlighted-specs__features-list\">\n<li class=\"ui-vpp-highlighted-specs__features-list-item ui-pdp-color--BLACK ui-pdp-size--XSMALL ui-pdp-family--REGULAR\">Su resoluci\u00f3n es 4K.<\/li>\n<li class=\"ui-vpp-highlighted-specs__features-list-item ui-pdp-color--BLACK ui-pdp-size--XSMALL ui-pdp-family--REGULAR\">Tecnolog\u00eda HDR para una calidad de imagen mejorada.<\/li>\n<li class=\"ui-vpp-highlighted-specs__features-list-item ui-pdp-color--BLACK ui-pdp-size--XSMALL ui-pdp-family--REGULAR\">Modo de sonido: Dolby Audio.<\/li>\n<li class=\"ui-vpp-highlighted-specs__features-list-item ui-pdp-color--BLACK ui-pdp-size--XSMALL ui-pdp-family--REGULAR\">Manejalo por comando de voz.<\/li>\n<li class=\"ui-vpp-highlighted-specs__features-list-item ui-pdp-color--BLACK ui-pdp-size--XSMALL ui-pdp-family--REGULAR\">Tiene funci\u00f3n Screen Share.<\/li>\n<li class=\"ui-vpp-highlighted-specs__features-list-item ui-pdp-color--BLACK ui-pdp-size--XSMALL ui-pdp-family--REGULAR\">Con Netflix, YouTube, Prime Video, Globoplay, Google Play Store, TCL App Store, Google Play Music, Google Play Movies &amp; TV.<\/li>\n<li class=\"ui-vpp-highlighted-specs__features-list-item ui-pdp-color--BLACK ui-pdp-size--XSMALL ui-pdp-family--REGULAR\">Google Assistant y AI-IN incorporados.<\/li>\n<li class=\"ui-vpp-highlighted-specs__features-list-item ui-pdp-color--BLACK ui-pdp-size--XSMALL ui-pdp-family--REGULAR\">Sistema operativo Android Pie.<\/li>\n<li class=\"ui-vpp-highlighted-specs__features-list-item ui-pdp-color--BLACK ui-pdp-size--XSMALL ui-pdp-family--REGULAR\">Capacidad de almacenamiento de 16GB.<\/li>\n<li class=\"ui-vpp-highlighted-specs__features-list-item ui-pdp-color--BLACK ui-pdp-size--XSMALL ui-pdp-family--REGULAR\">Conect\u00e1 tus dispositivos mediante sus 3 puertos HDMI y sus 2 puertos USB.<\/li>\n<li class=\"ui-vpp-highlighted-specs__features-list-item ui-pdp-color--BLACK ui-pdp-size--XSMALL ui-pdp-family--REGULAR\">Dimensiones: 1112mm de ancho, 655mm de alto, 79mm de profundidad.<\/li>\n<li class=\"ui-vpp-highlighted-specs__features-list-item ui-pdp-color--BLACK ui-pdp-size--XSMALL ui-pdp-family--REGULAR\">Entretenimiento y conectividad en un mismo lugar<\/li>\n<\/ul>\n","protected":false},"featured_media":9632,"comment_status":"open","ping_status":"closed","template":"","meta":[],"pwb-brand":[157],"product_cat":[73,67],"product_tag":[],"class_list":{"0":"post-9637","1":"product","2":"type-product","3":"status-publish","4":"has-post-thumbnail","6":"pwb-brand-tcl","7":"product_cat-tvs","8":"product_cat-audio-y-video","10":"first","11":"outofstock","12":"shipping-taxable","13":"purchasable","14":"product-type-simple"},"brands":[{"id":157,"name":"TCL","slug":"tcl"}],"_links":{"self":[{"href":"https:\/\/aptecnologia.com.ar\/new\/wp-json\/wp\/v2\/product\/9637","targetHints":{"allow":["GET"]}}],"collection":[{"href":"https:\/\/aptecnologia.com.ar\/new\/wp-json\/wp\/v2\/product"}],"about":[{"href":"https:\/\/aptecnologia.com.ar\/new\/wp-json\/wp\/v2\/types\/product"}],"replies":[{"embeddable":true,"href":"https:\/\/aptecnologia.com.ar\/new\/wp-json\/wp\/v2\/comments?post=9637"}],"version-history":[{"count":0,"href":"https:\/\/aptecnologia.com.ar\/new\/wp-json\/wp\/v2\/product\/9637\/revisions"}],"wp:featuredmedia":[{"embeddable":true,"href":"https:\/\/aptecnologia.com.ar\/new\/wp-json\/wp\/v2\/media\/9632"}],"wp:attachment":[{"href":"https:\/\/aptecnologia.com.ar\/new\/wp-json\/wp\/v2\/media?parent=9637"}],"wp:term":[{"taxonomy":"pwb-brand","embeddable":true,"href":"https:\/\/aptecnologia.com.ar\/new\/wp-json\/wp\/v2\/pwb-brand?post=9637"},{"taxonomy":"product_cat","embeddable":true,"href":"https:\/\/aptecnologia.com.ar\/new\/wp-json\/wp\/v2\/product_cat?post=9637"},{"taxonomy":"product_tag","embeddable":true,"href":"https:\/\/aptecnologia.com.ar\/new\/wp-json\/wp\/v2\/product_tag?post=9637"}],"curies":[{"name":"wp","href":"https:\/\/api.w.org\/{rel}","templated":true}]}}