{"id":9630,"date":"2021-12-22T14:21:20","date_gmt":"2021-12-22T14:21:20","guid":{"rendered":"https:\/\/aptecnologia.com.ar\/new\/productos\/tv-32-smart-android-tcl-copy\/"},"modified":"2023-09-07T16:40:27","modified_gmt":"2023-09-07T19:40:27","slug":"tv-42-smart-android-l42s6500-tcl","status":"publish","type":"product","link":"https:\/\/aptecnologia.com.ar\/new\/productos\/tv-42-smart-android-l42s6500-tcl\/","title":{"rendered":"TV 42&#8243; Smart Android &#8211; TCL"},"content":{"rendered":"<p class=\"ui-pdp-description__content\">TCL es una de las empresas l\u00edderes en la industria global de televisores, dedicada a la investigaci\u00f3n y desarrollo de productos electr\u00f3nicos. Orientada a la satisfacci\u00f3n de sus clientes, se distingue por proveer una excelente experiencia a quienes adquieran y usen sus diferentes l\u00edneas de electrodom\u00e9sticos.<br \/>\nCon el Smart TV L42s6500 vas a acceder a las aplicaciones en las que se encuentran tus contenidos favoritos. Adem\u00e1s, pod\u00e9s navegar por Internet, interactuar en redes sociales y divertirte con videojuegos.<\/p>\n<p>Sumergite en la pantalla<br \/>\nSu resoluci\u00f3n HD presenta im\u00e1genes con gran detalle y alta definici\u00f3n. Ahora todo lo que veas cobrar\u00e1 vida con brillo y colores m\u00e1s reales.<\/p>\n<p>Un sonido que te envuelve<br \/>\nVas a sentir que proviene desde todas las direcciones posibles, lo cual enriquece la percepci\u00f3n del mismo. Los di\u00e1logos de tus series de fin de semana o la m\u00fasica de tus cantantes preferidos van a cobrar otro significado.<\/p>\n<p>M\u00e1s all\u00e1 de ver televisi\u00f3n<br \/>\nSu funci\u00f3n Screen Share permite duplicar la pantalla de tu smartphone o PC para que aparezca en la TV. De esta forma vas a poder visualizar todo tipo de contenido: material audiovisual, documentos de trabajo, correos electr\u00f3nicos y m\u00e1s.<\/p>\n","protected":false},"excerpt":{"rendered":"<ul class=\"ui-vpp-highlighted-specs__features-list\">\n<li class=\"ui-vpp-highlighted-specs__features-list-item ui-pdp-color--BLACK ui-pdp-size--XSMALL ui-pdp-family--REGULAR\">Resoluci\u00f3n es HD.<\/li>\n<li class=\"ui-vpp-highlighted-specs__features-list-item ui-pdp-color--BLACK ui-pdp-size--XSMALL ui-pdp-family--REGULAR\">Tecnolog\u00eda HDR para una calidad de imagen mejorada.<\/li>\n<li class=\"ui-vpp-highlighted-specs__features-list-item ui-pdp-color--BLACK ui-pdp-size--XSMALL ui-pdp-family--REGULAR\">Modo de sonido: Dolby Audio, Stereo.<\/li>\n<li class=\"ui-vpp-highlighted-specs__features-list-item ui-pdp-color--BLACK ui-pdp-size--XSMALL ui-pdp-family--REGULAR\">Manejalo por comando de voz.<\/li>\n<li class=\"ui-vpp-highlighted-specs__features-list-item ui-pdp-color--BLACK ui-pdp-size--XSMALL ui-pdp-family--REGULAR\">Tiene funci\u00f3n Screen Share.<\/li>\n<li class=\"ui-vpp-highlighted-specs__features-list-item ui-pdp-color--BLACK ui-pdp-size--XSMALL ui-pdp-family--REGULAR\">Con YouTube, Netflix, Web browser, Spotify, Google Play Store.<\/li>\n<li class=\"ui-vpp-highlighted-specs__features-list-item ui-pdp-color--BLACK ui-pdp-size--XSMALL ui-pdp-family--REGULAR\">Google Assistant incorporado.<\/li>\n<li class=\"ui-vpp-highlighted-specs__features-list-item ui-pdp-color--BLACK ui-pdp-size--XSMALL ui-pdp-family--REGULAR\">Sistema operativo Android TV.<\/li>\n<li class=\"ui-vpp-highlighted-specs__features-list-item ui-pdp-color--BLACK ui-pdp-size--XSMALL ui-pdp-family--REGULAR\">Conect\u00e1 tus dispositivos mediante sus 2 puertos HDMI y su puerto USB.<\/li>\n<li class=\"ui-vpp-highlighted-specs__features-list-item ui-pdp-color--BLACK ui-pdp-size--XSMALL ui-pdp-family--REGULAR\">Dimensiones: 95.2 cm x 8 cm x 54.2 cm.<\/li>\n<li class=\"ui-vpp-highlighted-specs__features-list-item ui-pdp-color--BLACK ui-pdp-size--XSMALL ui-pdp-family--REGULAR\">Entretenimiento y conectividad en un mismo lugar.<\/li>\n<\/ul>\n","protected":false},"featured_media":9626,"comment_status":"open","ping_status":"closed","template":"","meta":[],"pwb-brand":[157],"product_cat":[73,67],"product_tag":[194],"class_list":{"0":"post-9630","1":"product","2":"type-product","3":"status-publish","4":"has-post-thumbnail","6":"pwb-brand-tcl","7":"product_cat-tvs","8":"product_cat-audio-y-video","9":"product_tag-pascuas","11":"first","12":"outofstock","13":"shipping-taxable","14":"purchasable","15":"product-type-simple"},"brands":[{"id":157,"name":"TCL","slug":"tcl"}],"_links":{"self":[{"href":"https:\/\/aptecnologia.com.ar\/new\/wp-json\/wp\/v2\/product\/9630","targetHints":{"allow":["GET"]}}],"collection":[{"href":"https:\/\/aptecnologia.com.ar\/new\/wp-json\/wp\/v2\/product"}],"about":[{"href":"https:\/\/aptecnologia.com.ar\/new\/wp-json\/wp\/v2\/types\/product"}],"replies":[{"embeddable":true,"href":"https:\/\/aptecnologia.com.ar\/new\/wp-json\/wp\/v2\/comments?post=9630"}],"version-history":[{"count":0,"href":"https:\/\/aptecnologia.com.ar\/new\/wp-json\/wp\/v2\/product\/9630\/revisions"}],"wp:featuredmedia":[{"embeddable":true,"href":"https:\/\/aptecnologia.com.ar\/new\/wp-json\/wp\/v2\/media\/9626"}],"wp:attachment":[{"href":"https:\/\/aptecnologia.com.ar\/new\/wp-json\/wp\/v2\/media?parent=9630"}],"wp:term":[{"taxonomy":"pwb-brand","embeddable":true,"href":"https:\/\/aptecnologia.com.ar\/new\/wp-json\/wp\/v2\/pwb-brand?post=9630"},{"taxonomy":"product_cat","embeddable":true,"href":"https:\/\/aptecnologia.com.ar\/new\/wp-json\/wp\/v2\/product_cat?post=9630"},{"taxonomy":"product_tag","embeddable":true,"href":"https:\/\/aptecnologia.com.ar\/new\/wp-json\/wp\/v2\/product_tag?post=9630"}],"curies":[{"name":"wp","href":"https:\/\/api.w.org\/{rel}","templated":true}]}}