{"id":9606,"date":"2021-12-22T01:09:29","date_gmt":"2021-12-22T01:09:29","guid":{"rendered":"https:\/\/aptecnologia.com.ar\/new\/?post_type=product&#038;p=9606"},"modified":"2023-07-04T12:06:45","modified_gmt":"2023-07-04T15:06:45","slug":"teclado-kb-116-usb-black-genius","status":"publish","type":"product","link":"https:\/\/aptecnologia.com.ar\/new\/productos\/teclado-kb-116-usb-black-genius\/","title":{"rendered":"Teclado KB-116 USB Black &#8211; GENIUS"},"content":{"rendered":"<p>Este teclado Genius es el mejor complemento para hacer todo tipo de actividades. Es c\u00f3modo y pr\u00e1ctico al momento de redactar documentos, navegar y hacer b\u00fasquedas por internet, ya sea en tu trabajo o en la comodidad del hogar.<\/p>\n","protected":false},"excerpt":{"rendered":"<p>Contiene teclado num\u00e9rico.<br \/>\nTipo de teclado: membrana.<br \/>\nTecla cil\u00edndrica.<br \/>\nCon conector USB.<br \/>\nMedidas: 435mm de ancho, 135mm de alto y 20.5mm de profundidad.<br \/>\nIndispensable para tus actividades.<br \/>\nLas im\u00e1genes pueden ser ilustrativas.<\/p>\n","protected":false},"featured_media":9602,"comment_status":"open","ping_status":"closed","template":"","meta":[],"pwb-brand":[109],"product_cat":[66,154,90],"product_tag":[],"class_list":{"0":"post-9606","1":"product","2":"type-product","3":"status-publish","4":"has-post-thumbnail","6":"pwb-brand-genius","7":"product_cat-computacion","8":"product_cat-teclados","9":"product_cat-perifericos","11":"first","12":"outofstock","13":"shipping-taxable","14":"purchasable","15":"product-type-simple"},"brands":[{"id":109,"name":"Genius","slug":"genius"}],"_links":{"self":[{"href":"https:\/\/aptecnologia.com.ar\/new\/wp-json\/wp\/v2\/product\/9606","targetHints":{"allow":["GET"]}}],"collection":[{"href":"https:\/\/aptecnologia.com.ar\/new\/wp-json\/wp\/v2\/product"}],"about":[{"href":"https:\/\/aptecnologia.com.ar\/new\/wp-json\/wp\/v2\/types\/product"}],"replies":[{"embeddable":true,"href":"https:\/\/aptecnologia.com.ar\/new\/wp-json\/wp\/v2\/comments?post=9606"}],"version-history":[{"count":0,"href":"https:\/\/aptecnologia.com.ar\/new\/wp-json\/wp\/v2\/product\/9606\/revisions"}],"wp:featuredmedia":[{"embeddable":true,"href":"https:\/\/aptecnologia.com.ar\/new\/wp-json\/wp\/v2\/media\/9602"}],"wp:attachment":[{"href":"https:\/\/aptecnologia.com.ar\/new\/wp-json\/wp\/v2\/media?parent=9606"}],"wp:term":[{"taxonomy":"pwb-brand","embeddable":true,"href":"https:\/\/aptecnologia.com.ar\/new\/wp-json\/wp\/v2\/pwb-brand?post=9606"},{"taxonomy":"product_cat","embeddable":true,"href":"https:\/\/aptecnologia.com.ar\/new\/wp-json\/wp\/v2\/product_cat?post=9606"},{"taxonomy":"product_tag","embeddable":true,"href":"https:\/\/aptecnologia.com.ar\/new\/wp-json\/wp\/v2\/product_tag?post=9606"}],"curies":[{"name":"wp","href":"https:\/\/api.w.org\/{rel}","templated":true}]}}