{"id":9597,"date":"2021-12-22T00:38:21","date_gmt":"2021-12-22T00:38:21","guid":{"rendered":"https:\/\/aptecnologia.com.ar\/new\/?post_type=product&#038;p=9597"},"modified":"2023-10-09T10:09:39","modified_gmt":"2023-10-09T13:09:39","slug":"teclado-k334-usb-multimedia-black-philips","status":"publish","type":"product","link":"https:\/\/aptecnologia.com.ar\/new\/productos\/teclado-k334-usb-multimedia-black-philips\/","title":{"rendered":"Teclado K334 USB Multimedia Black &#8211; PHILIPS"},"content":{"rendered":"<p>Rendimiento con dise\u00f1o. El nuevo teclado K334 cuenta con delicadas teclas redondas que son geniales para escribir y una serie de atajos multimedia que son bastante convenientes y eficientes.<br \/>\nSimplicidad cableada, dise\u00f1o compacto<br \/>\nUSB 2.0 con cable<br \/>\nDise\u00f1o elegante<br \/>\nAtajos multimedia<br \/>\nConvenientes atajos multimedia<br \/>\nCon estos accesos directos multimedia, puede cambiar f\u00e1cilmente a la reproducci\u00f3n de m\u00fasica, volumen o video con un simple clic.<br \/>\nTap\u00f3n redondo delicado<br \/>\nTap\u00f3n redondo delicado, simple y elegante, de primera calidad. Revela tu gusto por cada peque\u00f1o detalle.<br \/>\nEl dise\u00f1o elegante se adapta a tu estilo genial<br \/>\nCon el dise\u00f1o delgado, es m\u00e1s probable que lo lleve consigo para la productividad en movimiento.<\/p>\n","protected":false},"excerpt":{"rendered":"<p>teclado con cable<br \/>\nTipo de dise\u00f1o<br \/>\nDise\u00f1o ergon\u00f3mico y elegante<br \/>\nConectividad<br \/>\nUSB 2.0 con cable<br \/>\nMaterial del panel frontal<br \/>\nABS de pl\u00e1stico<br \/>\nColor del panel frontal<br \/>\nNegro<br \/>\n104 teclas<\/p>\n","protected":false},"featured_media":9598,"comment_status":"open","ping_status":"closed","template":"","meta":[],"pwb-brand":[117],"product_cat":[66,154,90],"product_tag":[],"class_list":{"0":"post-9597","1":"product","2":"type-product","3":"status-publish","4":"has-post-thumbnail","6":"pwb-brand-philips","7":"product_cat-computacion","8":"product_cat-teclados","9":"product_cat-perifericos","11":"first","12":"instock","13":"shipping-taxable","14":"purchasable","15":"product-type-simple"},"brands":[{"id":117,"name":"Philips","slug":"philips"}],"_links":{"self":[{"href":"https:\/\/aptecnologia.com.ar\/new\/wp-json\/wp\/v2\/product\/9597","targetHints":{"allow":["GET"]}}],"collection":[{"href":"https:\/\/aptecnologia.com.ar\/new\/wp-json\/wp\/v2\/product"}],"about":[{"href":"https:\/\/aptecnologia.com.ar\/new\/wp-json\/wp\/v2\/types\/product"}],"replies":[{"embeddable":true,"href":"https:\/\/aptecnologia.com.ar\/new\/wp-json\/wp\/v2\/comments?post=9597"}],"version-history":[{"count":0,"href":"https:\/\/aptecnologia.com.ar\/new\/wp-json\/wp\/v2\/product\/9597\/revisions"}],"wp:featuredmedia":[{"embeddable":true,"href":"https:\/\/aptecnologia.com.ar\/new\/wp-json\/wp\/v2\/media\/9598"}],"wp:attachment":[{"href":"https:\/\/aptecnologia.com.ar\/new\/wp-json\/wp\/v2\/media?parent=9597"}],"wp:term":[{"taxonomy":"pwb-brand","embeddable":true,"href":"https:\/\/aptecnologia.com.ar\/new\/wp-json\/wp\/v2\/pwb-brand?post=9597"},{"taxonomy":"product_cat","embeddable":true,"href":"https:\/\/aptecnologia.com.ar\/new\/wp-json\/wp\/v2\/product_cat?post=9597"},{"taxonomy":"product_tag","embeddable":true,"href":"https:\/\/aptecnologia.com.ar\/new\/wp-json\/wp\/v2\/product_tag?post=9597"}],"curies":[{"name":"wp","href":"https:\/\/api.w.org\/{rel}","templated":true}]}}