{"id":9586,"date":"2021-12-21T14:27:37","date_gmt":"2021-12-21T14:27:37","guid":{"rendered":"https:\/\/aptecnologia.com.ar\/new\/?post_type=product&#038;p=9586"},"modified":"2022-03-11T19:36:11","modified_gmt":"2022-03-11T19:36:11","slug":"switch-5p-sg1005d-10-100-1000-tp-link","status":"publish","type":"product","link":"https:\/\/aptecnologia.com.ar\/new\/productos\/switch-5p-sg1005d-10-100-1000-tp-link\/","title":{"rendered":"Switch 5P SG1005D 10\/100\/1000 &#8211; TP-LINK"},"content":{"rendered":"<p>Switch de escritorio 5-Puertos Gigabit<br \/>\nTL-SG1005D<br \/>\n5 puertos RJ45 Gigabit con Auto-Negociaci\u00f3n, compatible con Auto MDI \/ MDIX<br \/>\nTecnolog\u00eda Green Ethernet ahorra la energ\u00eda hasta un 70%<br \/>\nIEEE 802.3x control de flujo proporciona una transferencia de datos fiables<br \/>\nCaja de pl\u00e1stico, dise\u00f1o de montaje de escritorio o en pared<br \/>\nPlug and play, sin necesidad de configuraci\u00f3n<\/p>\n<p>Para qu\u00e9 sirve este producto<\/p>\n<p>El TL-SG1005D de TP-LINK es un switch de sobremesa con 5 puertos Gigabit que le permite migrar f\u00e1cilmente su red a la tecnolog\u00eda Gigabit Ethernet. Aumente tanto la velocidad de su servidor de red como la de las conexiones troncales o lleve la experiencia Gigabit a su escritorio. Adicionalmente, el dise\u00f1o del TL-SG1005D le permite tener un menor consumo el\u00e9ctrico. Gracias a su innovadora tecnolog\u00eda de eficiencia energ\u00e9tica, el TL-SG1005D ahorra hasta un 70% de energ\u00eda el\u00e9ctrica, lo que lo convierte en una soluci\u00f3n ecol\u00f3gica para la red de su hogar o lugar de trabajo.<\/p>\n<p>Switch Gigabit<\/p>\n<p>El TL-SG1005D dispone de 5 puertos a 10\/100\/1000 Mbps que le permiten ampliar significativamente la capacidad de su red y disfrutar de unas velocidades de transferencia instant\u00e1neas cuando se manejan archivos de gran tama\u00f1o. De este modo, los usuarios m\u00e1s avanzados disponen del ancho de banda suficiente para transferir archivos de grandes dimensiones, ya sea en un entorno dom\u00e9stico, oficina, grupo de trabajo o de producci\u00f3n creativa. Transfiera archivos gr\u00e1ficos, CGI, CAD o multimedia en un instante a trav\u00e9s de la red.<\/p>\n<p>Convierta su red Ethernet en ecol\u00f3gica<\/p>\n<p>Ahora tiene la oportunidad de convertir su red en ecol\u00f3gica al mismo tiempo que la actualiza a la tecnolog\u00eda Gigabit. El switch de nueva generaci\u00f3n equipado con 5 puertos Gigabit TL-SG1005D incorpora la m\u00e1s innovadora y reciente tecnolog\u00eda de eficiencia energ\u00e9tica. Ello le permite ampliar la capacidad de su red empleando mucha menos energ\u00eda el\u00e9ctrica. Ajusta autom\u00e1ticamente el consumo de energ\u00eda de acuerdo con el estado del enlace y la longitud del cable, limitando as\u00ed la huella de carbono de su red.<\/p>\n<p>Apagado de puertos no activos<\/p>\n<p>En un switch tradicional, cuando se apaga un ordenador u otro dispositivo de red, el puerto correspondiente contin\u00faa consumiendo una considerable cantidad de energ\u00eda. El TL-SG1005D detecta autom\u00e1ticamente el estado de la conexi\u00f3n de cada uno de los puertos y reduce el consumo el\u00e9ctrico de aquellos que no est\u00e1n activos, lo que permite disminuir el consumo el\u00e9ctrico hasta en un 80%.<\/p>\n<p>Consumo acorde con la longitud del cable<\/p>\n<p>Idealmente, un cable de menor longitud deber\u00eda consumir menos energ\u00eda debido a que la p\u00e9rdida de \u00e9sta es menor. Sin embargo, esto no es as\u00ed en la mayor\u00eda de los dispositivos ya que \u00e9stos emplean la misma energ\u00eda independientemente de la longitud de cable.<\/p>\n<p>F\u00e1cil de Usar<\/p>\n<p>Las funcionalidades autom\u00e1ticas de este switch Gigabit posibilitan una instalaci\u00f3n Plug and Play sin complicaciones. No es necesaria ninguna configuraci\u00f3n. Auto MDI\/MDIX eliminate the need for crossover cables. La funci\u00f3n de detecci\u00f3n autom\u00e1tica de los puertos identifica la velocidad de enlace del dispositivo de red (10, 100 o 1000 Mbps) y la ajusta de forma inteligente a fin de garantizar la compatibilidad y el mejor rendimiento.<\/p>\n<p>* Ahorro m\u00e1ximo de energ\u00eda comparado con un switch tradicional de TP-LINK. El porcentaje de ahorro final puede variar dependiendo de las condiciones de uso.<\/p>\n<p>CARACTER\u00cdSTICAS DE HARDWARE<br \/>\nInterfaz 5 10\/100\/1000Mbps RJ45 Ports<br \/>\nAUTO Negotiation\/AUTO MDI\/MDIX<br \/>\nCantidad de Ventilador Sin Ventilador<br \/>\nConsumo de Energ\u00eda M\u00e1ximo: 3W (220V\/50Hz)<br \/>\nFuente de Alimentaci\u00f3n Externa 100~240VAC, 50\/60Hz<br \/>\nDimensiones (W X D X H) 5.5*3.5*0.9 pulgadas (140*88*23 mm)<br \/>\nCARACTER\u00cdSTICAS DE SOFTWARE<br \/>\nTransmission Method Store and Forward<br \/>\nAdvanced Functions Green Technology, 802.3x Flow Control, Back Pressure, 802.1p\/DSCP QoS*<\/p>\n<p>*Only for V7 version<br \/>\nOTHERS<br \/>\nCertification FCC, CE, RoHs<br \/>\nPackage Contents 5 Puertos de Gigabit TL-SG1005D<br \/>\nAdaptador de Poder<br \/>\nGu\u00eda de Instalaci\u00f3n<br \/>\nSystem Requirements Microsoft\u00ae Windows\u00ae 98SE, NT, 2000, XP, Vista\u2122 or Windows 8\/7, MAC\u00ae OS, NetWare\u00ae, UNIX\u00ae or Linux.<br \/>\nEnvironment Temperatura de Funcionamiento: 0\u00bf~40\u00bf (32\u00bf~104\u00bf)<br \/>\nTemperatura de Almacenamiento: -40\u00bf~70\u00bf (-40\u00bf~158\u00bf)<br \/>\nHumedad de Funcionamiento: 10%~90% sin condensaci\u00f3n<br \/>\nHumedad de Almacenamiento: 5%~90% sin condensaci\u00f3n<\/p>\n","protected":false},"excerpt":{"rendered":"<p>Serie: SG1000<br \/>\nPuertos incluidos: 5 puertos RJ-45<br \/>\nTipo de telecomunicaci\u00f3n: Store and forward<br \/>\nCapacidad de conmutaci\u00f3n: 10 Gbps<br \/>\nEs gestionable: No<br \/>\nAncho x Profundidad x Altura: 140 mm x 88 mm x 23 mm<br \/>\nPeso: 600 g<br \/>\nEs montable en rack: No<\/p>\n","protected":false},"featured_media":9580,"comment_status":"open","ping_status":"closed","template":"","meta":[],"pwb-brand":[102],"product_cat":[87,70],"product_tag":[],"class_list":{"0":"post-9586","1":"product","2":"type-product","3":"status-publish","4":"has-post-thumbnail","6":"pwb-brand-tplink","7":"product_cat-switchs","8":"product_cat-conectividad-y-redes","10":"first","11":"outofstock","12":"shipping-taxable","13":"purchasable","14":"product-type-simple"},"brands":[{"id":102,"name":"Tp-Link","slug":"tplink"}],"_links":{"self":[{"href":"https:\/\/aptecnologia.com.ar\/new\/wp-json\/wp\/v2\/product\/9586","targetHints":{"allow":["GET"]}}],"collection":[{"href":"https:\/\/aptecnologia.com.ar\/new\/wp-json\/wp\/v2\/product"}],"about":[{"href":"https:\/\/aptecnologia.com.ar\/new\/wp-json\/wp\/v2\/types\/product"}],"replies":[{"embeddable":true,"href":"https:\/\/aptecnologia.com.ar\/new\/wp-json\/wp\/v2\/comments?post=9586"}],"version-history":[{"count":0,"href":"https:\/\/aptecnologia.com.ar\/new\/wp-json\/wp\/v2\/product\/9586\/revisions"}],"wp:featuredmedia":[{"embeddable":true,"href":"https:\/\/aptecnologia.com.ar\/new\/wp-json\/wp\/v2\/media\/9580"}],"wp:attachment":[{"href":"https:\/\/aptecnologia.com.ar\/new\/wp-json\/wp\/v2\/media?parent=9586"}],"wp:term":[{"taxonomy":"pwb-brand","embeddable":true,"href":"https:\/\/aptecnologia.com.ar\/new\/wp-json\/wp\/v2\/pwb-brand?post=9586"},{"taxonomy":"product_cat","embeddable":true,"href":"https:\/\/aptecnologia.com.ar\/new\/wp-json\/wp\/v2\/product_cat?post=9586"},{"taxonomy":"product_tag","embeddable":true,"href":"https:\/\/aptecnologia.com.ar\/new\/wp-json\/wp\/v2\/product_tag?post=9586"}],"curies":[{"name":"wp","href":"https:\/\/api.w.org\/{rel}","templated":true}]}}