{"id":9577,"date":"2021-12-20T17:31:03","date_gmt":"2021-12-20T17:31:03","guid":{"rendered":"https:\/\/aptecnologia.com.ar\/new\/?post_type=product&#038;p=9577"},"modified":"2022-05-16T15:17:24","modified_gmt":"2022-05-16T15:17:24","slug":"escaner-portatil-iris-express-4-iris","status":"publish","type":"product","link":"https:\/\/aptecnologia.com.ar\/new\/productos\/escaner-portatil-iris-express-4-iris\/","title":{"rendered":"Escaner Portatil Iris Express 4 &#8211; IRIS"},"content":{"rendered":"<p>Escanee documentos con gran precisi\u00f3n en cualquier lugar<\/p>\n<p>Cartas, contratos, facturas, recibos, correspondencia escrita a mano, fotograf\u00edas o tarjetas de visita. \u00a1Escanee cualquier documento desde cualquier lugar! El IRIScan\u2122 Express 4 es una potente combinaci\u00f3n de un escaner en color totalmente port\u00e1til y un innovador software de OCR. Con esta soluci\u00f3n podr\u00e1 olvidarse de reescribir la informaci\u00f3n impresa est\u00e9 donde est\u00e9. Compacto, ligero y con alimentaci\u00f3n por USB, est\u00e1 pensado para poderlo llevar a todas partes y cabe perfectamente en cualquier bolso o malet\u00edn de ordenador port\u00e1til.<\/p>\n<p>+ Escaneado de alta precisi\u00f3n con una resoluci\u00f3n \u00f3ptica de 1200 PPP (novedad)<br \/>\n+ Alta velocidad de escaneado: hasta 8 p\u00e1ginas por minuto (novedad)<br \/>\n+ Con alimentaci\u00f3n por USB, no es necesario conectarlo a la corriente<br \/>\n+ Compacto y ligero: 400 g<br \/>\nBotones Smart para tareas inteligentes (novedad)<\/p>\n<p>No pierda el tiempo con el software de escaneado: empiece a escanear con solo pulsar un bot\u00f3n. IRIScan Express 4 incorpora un bot\u00f3n personalizable para automatizar las tareas de escaneado m\u00e1s frecuentes. Una vez configurado el bot\u00f3n con el software que se suministra, los documentos se procesar\u00e1n con los ajustes que desee con solo pulsarlo.<\/p>\n<p>+ Detecci\u00f3n del tama\u00f1o del documento, rotaci\u00f3n y recorte autom\u00e1tico<br \/>\n+ Creaci\u00f3n de archivos PDF de varias p\u00e1ginas<br \/>\n+ Denominaci\u00f3n autom\u00e1tica de documentos<br \/>\n+ Escanee documentos y convi\u00e9rtalos a PDF, PDF de varias p\u00e1ginas, JPEG, PNG, TIFF, TIFF de varias p\u00e1ginas, etc.<br \/>\n+ Escanee documentos y env\u00edelos a Dropbox, Evernote, OneDrive, Google Drive, SharePoint, etc.<br \/>\n+ Escanee documentos y convi\u00e9rtalos en archivos de Word, Excel o PDF con posibilidades de b\u00fasqueda, entre otros formatos<br \/>\n+ Configure hasta 9 procesos distintos<\/p>\n<p>Olv\u00eddese de reproducir texto manualmente en el ordenador<\/p>\n<p>Aunque tenga una pila enorme de documentos por escanear, con la reconocida aplicaci\u00f3n de OCR Readiris\u2122 14 incluida (novedad), podr\u00e1 reconocer todo el texto de sus documentos y convertirlos en archivos editables que podr\u00e1 abrir y editar (en Word, Pages, Excel, etc.), as\u00ed como enviarlos a la nube (Dropbox, Evernote, Google Drive y Skydrive, entre otros destinos).<\/p>\n<p>+ Conversi\u00f3n de documentos sin necesidad de reescribirlos<br \/>\n+ Creaci\u00f3n y edici\u00f3n de archivos PDF<br \/>\nM\u00e1s informaci\u00f3n sobre Readiris\u2122 14<br \/>\nCree archivos PDF comprimidos y con posibilidades de b\u00fasqueda<\/p>\n<p>Con Readiris 14 podr\u00e1 crear archivos PDF comprimidos y con posibilidades de b\u00fasqueda, compatibles con pr\u00e1cticamente cualquier ordenador. El PDF final tendr\u00e1 el mismo aspecto que el documento escaneado original, pero su tama\u00f1o ser\u00e1 cinco veces m\u00e1s reducido y contendr\u00e1 una capa de texto en la que se podr\u00e1n realizar b\u00fasquedas. Ahora le resultar\u00e1 muy f\u00e1cil encontrar la informaci\u00f3n exacta que est\u00e1 buscando en miles de archivos, y tampoco tendr\u00e1 que preocuparse por el tama\u00f1o de los documentos digitales a la hora de almacenarlos o transferirlos.<\/p>\n<p>Acceda a sus documentos desde cualquier lugar<\/p>\n<p>Con el esc\u00e1ner IRIScan\u2122 Express 4 es muy f\u00e1cil exportar los documentos escaneados al servicio en la nube que elija. Puede o bien configurar el bot\u00f3n Smart para enviar los archivos escaneados a una aplicaci\u00f3n de alojamiento en la nube instalada en el ordenador (como Evernote o Dropbox), o bien exportarlos a Readiris\u2122 para realizar b\u00fasquedas o comprimirlos antes de enviarlos a la nube (con los conectores de nube de Readiris).<br \/>\nEscanee y convierta tarjetas de visita (novedad)<\/p>\n<p>Con IRIScan\u2122 Express 4 tambi\u00e9n podr\u00e1 escanear los centenares de tarjetas de visita que ha ido recopilando a lo largo del tiempo, e incluso podr\u00e1 escanear al momento la tarjeta de visita de otros profesionales que conozca en ferias comerciales o reuniones. A continuaci\u00f3n podr\u00e1 extraer de forma autom\u00e1tica la informaci\u00f3n de las tarjetas con Cardiris\u2122, el software de reconocimiento de tarjetas de visita incluido, y exportar los contactos digitales a Outlook, Excel, Salesforce y ACT!, entre otras aplicaciones. Servicios de nube compatibles: Evernote, Dropbox, Box y Google Drive<\/p>\n<p>Escanee cualquier documento<\/p>\n<p>Escanee documentos en papel, recibos, fotograf\u00edas, documentos de tama\u00f1o A4\/carta, etc.<\/p>\n<p>Escanee tarjetas de pl\u00e1stico<br \/>\nSi necesita escanear carn\u00e9s de identidad o tarjetas de cr\u00e9dito para crear archivos de clientes, el IRISCan Express 4 se lo pone f\u00e1cil.<\/p>\n<p>Escanee informes m\u00e9dicos y recetas<br \/>\nSi necesita escanear recetas m\u00e9dicas, puede hacerlo con el IRISCan Express 4 de una forma r\u00e1pida y f\u00e1cil.<\/p>\n<p>Escanee albaranes<br \/>\nReduzca el tiempo que tarda en cobrar las facturas de sus clientes.<\/p>\n<p>Escanee la correspondencia del banco y las p\u00f3lizas de seguros<br \/>\nOrgan\u00edcese y gestione la correspondencia diaria con sus entidades bancarias y aseguradoras.<\/p>\n<p>Escanee facturas de proveedores o de compras particulares<br \/>\nCuando necesite consultar una factura de un proveedor o de una compra particular, podr\u00e1 hacerlo sin perder un segundo.<\/p>\n<p>Box content Quick reference guide<br \/>\n&#8211; IRIScan\u2122 Express 4 mobile scanner<br \/>\n&#8211; USB cable<br \/>\n&#8211; Calibration sheet<br \/>\n&#8211; OCR software for PC and Mac\u00ae online<\/p>\n<p>\/\/Content might change without prior notice depending on the production and components constraints. &#8211; Product name: IRIScan\u2122 Express 4<br \/>\n&#8211; SKU: IRIScan\u2122 Express 4<br \/>\n&#8211; Box size: 13,8 x 30,8 x 5,8 cm (5.43 x 12.12 x 2.28 in)<br \/>\n&#8211; Box weight: 13,8 x 30,8 x 5,8 cm (5.43 x 12.12 x 2.28 in)<br \/>\n&#8211; Scanner size: 3,4 x 29 x 5,1 cm (1.3 x 11.14 x 2 in)<br \/>\n&#8211; Scanner weight: 383gr (0.84 lbs)<\/p>\n<p>Minimum computer requirements<br \/>\n&#8211; Image sensor: A4\/letter color contact image sensor<br \/>\n&#8211; Resolution: 300\/600\/1200 dpi<br \/>\n&#8211; Maximum scanning speed: 300dpi color or black and white &#8211; 8 pages per minute.<br \/>\n&#8211; File formats: JPEG &amp; PDF<br \/>\nSoftware suite for Windows\u00ae<br \/>\n&#8211; Intel\u00ae Pentium\u00ae III or above.<br \/>\n&#8211; Microsoft\u00ae Windows\u00ae 10, 8, 7, Vista\u00ae or XP (SP3).<br \/>\n&#8211; 512MB RAM (1GB recommended).<\/p>\n<p>Software suite for Mac OS\u00ae<br \/>\n&#8211; A Mac\u00ae computer with Intel\u00ae processor.<br \/>\n&#8211; Mac OS\u00ae X version 10.8 and above.<br \/>\n&#8211; 512MB RAM (1GB recommended).<\/p>\n","protected":false},"excerpt":{"rendered":"<p>Es port\u00e1til: S\u00ed<br \/>\nTipo de esc\u00e1ner: Portatil \/ De mano<br \/>\nResolution: 300\/600\/1200 dpi<br \/>\nFile formats: JPEG &amp; PDF<\/p>\n","protected":false},"featured_media":9579,"comment_status":"open","ping_status":"closed","template":"","meta":[],"pwb-brand":[152],"product_cat":[66,125],"product_tag":[],"class_list":{"0":"post-9577","1":"product","2":"type-product","3":"status-publish","4":"has-post-thumbnail","6":"pwb-brand-iris","7":"product_cat-computacion","8":"product_cat-escaners","10":"first","11":"outofstock","12":"shipping-taxable","13":"purchasable","14":"product-type-simple"},"brands":[{"id":152,"name":"Iris","slug":"iris"}],"_links":{"self":[{"href":"https:\/\/aptecnologia.com.ar\/new\/wp-json\/wp\/v2\/product\/9577","targetHints":{"allow":["GET"]}}],"collection":[{"href":"https:\/\/aptecnologia.com.ar\/new\/wp-json\/wp\/v2\/product"}],"about":[{"href":"https:\/\/aptecnologia.com.ar\/new\/wp-json\/wp\/v2\/types\/product"}],"replies":[{"embeddable":true,"href":"https:\/\/aptecnologia.com.ar\/new\/wp-json\/wp\/v2\/comments?post=9577"}],"version-history":[{"count":0,"href":"https:\/\/aptecnologia.com.ar\/new\/wp-json\/wp\/v2\/product\/9577\/revisions"}],"wp:featuredmedia":[{"embeddable":true,"href":"https:\/\/aptecnologia.com.ar\/new\/wp-json\/wp\/v2\/media\/9579"}],"wp:attachment":[{"href":"https:\/\/aptecnologia.com.ar\/new\/wp-json\/wp\/v2\/media?parent=9577"}],"wp:term":[{"taxonomy":"pwb-brand","embeddable":true,"href":"https:\/\/aptecnologia.com.ar\/new\/wp-json\/wp\/v2\/pwb-brand?post=9577"},{"taxonomy":"product_cat","embeddable":true,"href":"https:\/\/aptecnologia.com.ar\/new\/wp-json\/wp\/v2\/product_cat?post=9577"},{"taxonomy":"product_tag","embeddable":true,"href":"https:\/\/aptecnologia.com.ar\/new\/wp-json\/wp\/v2\/product_tag?post=9577"}],"curies":[{"name":"wp","href":"https:\/\/api.w.org\/{rel}","templated":true}]}}