{"id":9569,"date":"2021-12-20T15:58:24","date_gmt":"2021-12-20T15:58:24","guid":{"rendered":"https:\/\/aptecnologia.com.ar\/new\/?post_type=product&#038;p=9569"},"modified":"2022-02-21T18:44:21","modified_gmt":"2022-02-21T18:44:21","slug":"router-nswir302n-300mbps-inalambrico-nisuta","status":"publish","type":"product","link":"https:\/\/aptecnologia.com.ar\/new\/productos\/router-nswir302n-300mbps-inalambrico-nisuta\/","title":{"rendered":"Router NSWIR302N 300Mbps Inalambrico &#8211; NISUTA"},"content":{"rendered":"<p>Se\u00f1al continua<br \/>\nCon el router Nisuta NSWIR302N vas a poder establecer redes potentes para enviar y recibir informaci\u00f3n a gran velocidad.<\/p>\n<p>M\u00e1s antenas, mejor se\u00f1al<br \/>\nCon este dispositivo, las paredes y techos no son un obst\u00e1culo: los m\u00faltiples receptores garantizan un mejor rendimiento en lugares con gran nivel de interferencia.<\/p>\n<p>M\u00e1s velocidad<br \/>\nSi lo que necesit\u00e1s es un equipo que te permita realizar tus tareas diarias sin demoras, con una velocidad de 300 Mbps este dispositivo es perfecto para vos.<\/p>\n<p>Internet en todos lados<br \/>\nCon una banda de 2.4 Hz, el alcance de la se\u00f1al ser\u00e1 excelente para que puedas utilizar tus aparatos electr\u00f3nicos en cualquier parte.<\/p>\n","protected":false},"excerpt":{"rendered":"<ul class=\"ui-vpp-highlighted-specs__features-list\">\n<li class=\"ui-vpp-highlighted-specs__features-list-item ui-pdp-color--BLACK ui-pdp-size--XSMALL ui-pdp-family--REGULAR\">Conexi\u00f3n inal\u00e1mbrica.<\/li>\n<li class=\"ui-vpp-highlighted-specs__features-list-item ui-pdp-color--BLACK ui-pdp-size--XSMALL ui-pdp-family--REGULAR\">Ofrece una velocidad de 300Mbps.<\/li>\n<li class=\"ui-vpp-highlighted-specs__features-list-item ui-pdp-color--BLACK ui-pdp-size--XSMALL ui-pdp-family--REGULAR\">Banda \u00fanica de 2.4 GHz.<\/li>\n<li class=\"ui-vpp-highlighted-specs__features-list-item ui-pdp-color--BLACK ui-pdp-size--XSMALL ui-pdp-family--REGULAR\">Posee 2 antenas externas.<\/li>\n<li class=\"ui-vpp-highlighted-specs__features-list-item ui-pdp-color--BLACK ui-pdp-size--XSMALL ui-pdp-family--REGULAR\">Tiene 4 puertos para conectarse.<\/li>\n<li class=\"ui-vpp-highlighted-specs__features-list-item ui-pdp-color--BLACK ui-pdp-size--XSMALL ui-pdp-family--REGULAR\">Con firewall integrado.<\/li>\n<li class=\"ui-vpp-highlighted-specs__features-list-item ui-pdp-color--BLACK ui-pdp-size--XSMALL ui-pdp-family--REGULAR\">Soporta los protocolos de seguridad WPA, WPA2, DMZ.<\/li>\n<li class=\"ui-vpp-highlighted-specs__features-list-item ui-pdp-color--BLACK ui-pdp-size--XSMALL ui-pdp-family--REGULAR\">Dispositivo que facilita conexi\u00f3n a la red.<\/li>\n<\/ul>\n","protected":false},"featured_media":9570,"comment_status":"open","ping_status":"closed","template":"","meta":[],"pwb-brand":[151],"product_cat":[82,70],"product_tag":[],"class_list":{"0":"post-9569","1":"product","2":"type-product","3":"status-publish","4":"has-post-thumbnail","6":"pwb-brand-nisuta","7":"product_cat-routers-y-modems","8":"product_cat-conectividad-y-redes","10":"first","11":"instock","12":"shipping-taxable","13":"purchasable","14":"product-type-simple"},"brands":[{"id":151,"name":"Nisuta","slug":"nisuta"}],"_links":{"self":[{"href":"https:\/\/aptecnologia.com.ar\/new\/wp-json\/wp\/v2\/product\/9569","targetHints":{"allow":["GET"]}}],"collection":[{"href":"https:\/\/aptecnologia.com.ar\/new\/wp-json\/wp\/v2\/product"}],"about":[{"href":"https:\/\/aptecnologia.com.ar\/new\/wp-json\/wp\/v2\/types\/product"}],"replies":[{"embeddable":true,"href":"https:\/\/aptecnologia.com.ar\/new\/wp-json\/wp\/v2\/comments?post=9569"}],"version-history":[{"count":0,"href":"https:\/\/aptecnologia.com.ar\/new\/wp-json\/wp\/v2\/product\/9569\/revisions"}],"wp:featuredmedia":[{"embeddable":true,"href":"https:\/\/aptecnologia.com.ar\/new\/wp-json\/wp\/v2\/media\/9570"}],"wp:attachment":[{"href":"https:\/\/aptecnologia.com.ar\/new\/wp-json\/wp\/v2\/media?parent=9569"}],"wp:term":[{"taxonomy":"pwb-brand","embeddable":true,"href":"https:\/\/aptecnologia.com.ar\/new\/wp-json\/wp\/v2\/pwb-brand?post=9569"},{"taxonomy":"product_cat","embeddable":true,"href":"https:\/\/aptecnologia.com.ar\/new\/wp-json\/wp\/v2\/product_cat?post=9569"},{"taxonomy":"product_tag","embeddable":true,"href":"https:\/\/aptecnologia.com.ar\/new\/wp-json\/wp\/v2\/product_tag?post=9569"}],"curies":[{"name":"wp","href":"https:\/\/api.w.org\/{rel}","templated":true}]}}