{"id":9566,"date":"2021-12-20T13:49:00","date_gmt":"2021-12-20T13:49:00","guid":{"rendered":"https:\/\/aptecnologia.com.ar\/new\/?post_type=product&#038;p=9566"},"modified":"2022-02-21T18:45:51","modified_gmt":"2022-02-21T18:45:51","slug":"router-inalambrico-n-300mbps-tl-wr820n-tp-link","status":"publish","type":"product","link":"https:\/\/aptecnologia.com.ar\/new\/productos\/router-inalambrico-n-300mbps-tl-wr820n-tp-link\/","title":{"rendered":"Router Inalambrico N 300Mbps TL-WR820N &#8211; TP-LINK"},"content":{"rendered":"<p>Velocidad de transmisi\u00f3n Inal\u00e1mbrica de 300Mbps ideal tanto para las tareas sensibles a banda ancha y trabajo b\u00e1sico.<br \/>\nIPTV es compatible con IGMP Proxy \/ Snooping, Bridge y Tag VLAN para optimizar la transmisi\u00f3n de IPTV.<br \/>\nCompatible con IPv6 (Protocolo de Internet versi\u00f3n 6).<br \/>\nLa red de invitados proporciona acceso separado para los invitados mientras protege la red del host.<br \/>\nLos controles parentales administran cu\u00e1ndo y c\u00f3mo los dispositivos conectados pueden acceder a Internet.<br \/>\nLos protocolos de seguridad protegen su red dom\u00e9stica con firewalls y encriptaci\u00f3n inal\u00e1mbrica.<\/p>\n<p>Velocidad N inal\u00e1mbrica de 300Mbps &#8211; Descargas r\u00e1pidas.<br \/>\nTL-WR820N es compatible con IEE 802.11b \/ g \/ n y proporciona una conexi\u00f3n Wi-Fi de alta velocidad. Disfrute de velocidades de hasta 300 Mbps para satisfacer incluso sus necesidades de redes dom\u00e9sticas m\u00e1s exigentes, como la transmisi\u00f3n HD, los juegos en l\u00ednea y la descarga de archivos de gran tama\u00f1o.<\/p>\n<p>CARACTER\u00cdSTICAS DE HARDWARE:<br \/>\nPuertos: 2 puertos LAN a 10 \/ 100Mbps 1 puerto WAN a 10 \/ 100Mbps<br \/>\nBot\u00f3n: WPS \/ Bot\u00f3n de reinicio<br \/>\nFuente de Alimentaci\u00f3n Externa: 5VDC \/ 0.6A<br \/>\nDimensiones (W X D X H): 6.1 x 4.5 x 1.4 pulg. (154 x 114 x 36 mm)<br \/>\nAntena: 2 antenas omnidireccionales fijas de 5dBi<\/p>\n<p>CARACTER\u00cdSTICAS INAL\u00c1MBRICAS:<br \/>\nEst\u00e1ndares Inal\u00e1mbricos: IEEE 802.11n, IEEE 802.11g, IEEE 802.11b<br \/>\nFrecuencia: 2.412 ~ 2.472GHz<br \/>\nTasa de Se\u00f1al:<br \/>\n11n: hasta 300Mbps (din\u00e1mico)<br \/>\n11g: hasta 54Mbps (din\u00e1mico)<br \/>\n11b: hasta 11Mbps (din\u00e1mico)<\/p>\n<p>Sensibilidad de Recepci\u00f3n:<br \/>\n270M: -70dBm @ 10% PARA<br \/>\n130M: -72dBm @ 10% PARA<br \/>\n108M: -74dBm @ 10% PARA<br \/>\n54M: -75dBm @ 10% PARA<br \/>\n11M: -94dBm @ 8% PARA<br \/>\n6M: -95dBm @ 8% PARA<br \/>\n1M: -96dBm @ 8% POR<\/p>\n<p>Funciones Inal\u00e1mbricas: Habilitar \/ deshabilitar radio inal\u00e1mbrica, WMM, estad\u00edsticas inal\u00e1mbricas<br \/>\nSeguridad Inal\u00e1mbrica: WEP, WPA \/ WPA2, WPA \/ WPA2-PSK<\/p>\n<p>CARACTER\u00cdSTICAS DE SOFTWARE:<br \/>\nCalidad de servicio: WMM, Bandwidth Control<br \/>\nTipo de WAN: IP din\u00e1mica, IP est\u00e1tica, PPPoE, PPTP, L2TP<br \/>\nAdministraci\u00f3n: Control de acceso, gesti\u00f3n local, gesti\u00f3n remota<br \/>\nDHCP: Servidor, Lista de clientes DHCP<br \/>\nReenv\u00edo de puertos: Servidor virtual, UPnP, DMZ<br \/>\nDNS Din\u00e1mico: DynDns, NO-IP<br \/>\nControl de acceso: Control parental, control de gesti\u00f3n local, lista de hosts,<br \/>\ncalendario de acceso, gesti\u00f3n de reglas<br \/>\nSeguridad de cortafuegos: Servidor de seguridad SPI, enlace de direcciones IP y MAC<br \/>\nProtocolos: IPv4, IPv6<br \/>\nRed de invitados: Red de invitados de 2.4GHz<br \/>\nModos de trabajo: Router inal\u00e1mbrico<\/p>\n<p>OTROS:<br \/>\nProceso de dar un t\u00edtulo CE, RoHS<\/p>\n<p>Contenidos del paquete:<br \/>\nRouter Wi-Fi de 300 Mbps TL-WR820N<br \/>\nAdaptador de corriente Cable<br \/>\nEthernet RJ-45<br \/>\nGu\u00eda de instalaci\u00f3n r\u00e1pida<\/p>\n<p>Requisitos del sistema: Microsoft Windows 10 \/ 8.1 \/ 8\/7 \/ Vista \/ XP \/ 2000 \/ NT \/ 98SE, MAC OS, NetWare, UNIX o Linux<br \/>\nInternet Explorer 11, Firefox 12.0, Chrome 20.0, Safari 4.0 u otro navegador<br \/>\no cable habilitado para Java DSL<br \/>\nSuscripci\u00f3n de m\u00f3dem con un proveedor de servicios de internet (para acceso a internet)<\/p>\n","protected":false},"excerpt":{"rendered":"<p>Router Wi-Fi de 300 Mbps TL-WR820N<br \/>\nAdaptador de corriente Cable<br \/>\nEthernet RJ-45<\/p>\n","protected":false},"featured_media":9567,"comment_status":"open","ping_status":"closed","template":"","meta":[],"pwb-brand":[102],"product_cat":[82,70],"product_tag":[],"class_list":{"0":"post-9566","1":"product","2":"type-product","3":"status-publish","4":"has-post-thumbnail","6":"pwb-brand-tplink","7":"product_cat-routers-y-modems","8":"product_cat-conectividad-y-redes","10":"first","11":"instock","12":"shipping-taxable","13":"purchasable","14":"product-type-simple"},"brands":[{"id":102,"name":"Tp-Link","slug":"tplink"}],"_links":{"self":[{"href":"https:\/\/aptecnologia.com.ar\/new\/wp-json\/wp\/v2\/product\/9566","targetHints":{"allow":["GET"]}}],"collection":[{"href":"https:\/\/aptecnologia.com.ar\/new\/wp-json\/wp\/v2\/product"}],"about":[{"href":"https:\/\/aptecnologia.com.ar\/new\/wp-json\/wp\/v2\/types\/product"}],"replies":[{"embeddable":true,"href":"https:\/\/aptecnologia.com.ar\/new\/wp-json\/wp\/v2\/comments?post=9566"}],"version-history":[{"count":0,"href":"https:\/\/aptecnologia.com.ar\/new\/wp-json\/wp\/v2\/product\/9566\/revisions"}],"wp:featuredmedia":[{"embeddable":true,"href":"https:\/\/aptecnologia.com.ar\/new\/wp-json\/wp\/v2\/media\/9567"}],"wp:attachment":[{"href":"https:\/\/aptecnologia.com.ar\/new\/wp-json\/wp\/v2\/media?parent=9566"}],"wp:term":[{"taxonomy":"pwb-brand","embeddable":true,"href":"https:\/\/aptecnologia.com.ar\/new\/wp-json\/wp\/v2\/pwb-brand?post=9566"},{"taxonomy":"product_cat","embeddable":true,"href":"https:\/\/aptecnologia.com.ar\/new\/wp-json\/wp\/v2\/product_cat?post=9566"},{"taxonomy":"product_tag","embeddable":true,"href":"https:\/\/aptecnologia.com.ar\/new\/wp-json\/wp\/v2\/product_tag?post=9566"}],"curies":[{"name":"wp","href":"https:\/\/api.w.org\/{rel}","templated":true}]}}