{"id":9565,"date":"2021-12-20T13:15:26","date_gmt":"2021-12-20T13:15:26","guid":{"rendered":"https:\/\/aptecnologia.com.ar\/new\/?post_type=product&#038;p=9565"},"modified":"2022-02-21T18:52:02","modified_gmt":"2022-02-21T18:52:02","slug":"router-4p-wr841-hp-n300-high-power-tp-link","status":"publish","type":"product","link":"https:\/\/aptecnologia.com.ar\/new\/productos\/router-4p-wr841-hp-n300-high-power-tp-link\/","title":{"rendered":"Router 4P WR841 HP N300 High Power &#8211; TP-LINK"},"content":{"rendered":"<p>-Rango superior: los amplificadores de alta potencia y las antenas de alta ganancia proporcionan un rango inal\u00e1mbrico mejorado de hasta 10,000 pies cuadrados.<br \/>\n-Wi-Fi que penetra en la pared: la se\u00f1al Wi-Fi mejorada atraviesa las paredes y los obst\u00e1culos, eliminando las zonas muertas.<br \/>\n-Funcionalidad de 3 modos: ofrece tres modos inal\u00e1mbricos, que incluyen enrutador, extensor de rango y punto de acceso.<br \/>\n-Velocidad inal\u00e1mbrica de 300Mbps: ideal para transmisi\u00f3n de video, juegos en l\u00ednea y VoIP.<\/p>\n<p>Dise\u00f1ado para ser poderoso:<br \/>\nEl TL-WR841HP usa amplificadores de alta potencia independientes y antenas de alta ganancia para proporcionar una experiencia inal\u00e1mbrica superior.<\/p>\n<p>Antenas externas de alta ganancia:<br \/>\nLas antenas de alta ganancia aumentan la recepci\u00f3n y la sensibilidad del enrutador para crear conexiones m\u00e1s fuertes en distancias m\u00e1s grandes. Esto permite que la se\u00f1al del enrutador viaje m\u00e1s lejos y proporcione un acceso estable a Internet para todos sus dispositivos conectados m\u00e1s importantes.<\/p>\n<p>Amplificadores de alta potencia independientes:<br \/>\nLos amplificadores independientes de alta potencia proporcionan una potencia de salida significativamente mayor de hasta 1000 mw , que es hasta 5 veces la potencia de transmisi\u00f3n, en comparaci\u00f3n con un enrutador normal. Esto asegura que su se\u00f1al inal\u00e1mbrica sea lo suficientemente fuerte como para penetrar en las paredes y otros obst\u00e1culos. ( Las especificaciones de potencia de salida reflejan la potencia de salida de radio m\u00e1xima posible, m\u00e1s la ganancia de antena.)<\/p>\n<p>Alcance superior: hasta 10,000 pies cuadrados:<br \/>\nCon su hardware actualizado, el TL-WR841HP supera f\u00e1cilmente a los enrutadores est\u00e1ndar, proporcionando una cobertura inal\u00e1mbrica enormemente ampliada y conexiones que son significativamente m\u00e1s confiables. Puede disfrutar de Wi-Fi de alta velocidad en cada parte de su hogar, en su garaje e incluso en el patio trasero . ( Las especificaciones de la gama se basan en los resultados de las pruebas de rendimiento. El rendimiento real var\u00eda de acuerdo con las aplicaciones y las condiciones ambientales.)<\/p>\n<p>Wi-Fi que penetra en la pared:<br \/>\nLa se\u00f1al del TL-WR841HP puede permanecer fuerte, incluso despu\u00e9s de haber pasado a trav\u00e9s de paredes y barreras . Esto ayuda a eliminar los puntos muertos de Wi-Fi y asegura que su se\u00f1al inal\u00e1mbrica se mantendr\u00e1 estable en distancias m\u00e1s largas. Ahora puedes disfrutar de Wi-Fi confiable en m\u00e1s lugares .<\/p>\n<p>M\u00e1s que un router:<br \/>\nAdem\u00e1s de servir como enrutador inal\u00e1mbrico, el TL-WR841HP tambi\u00e9n puede funcionar como extensor de rango o punto de acceso inal\u00e1mbrico, brind\u00e1ndole la flexibilidad que necesita en cualquier situaci\u00f3n.<\/p>\n<p>CARACTER\u00cdSTICAS DE HARDWARE:<br \/>\nInterfaz:<br \/>\n4 Puertos LAN 10\/100Mbps<br \/>\n1 Puerto WAN 10\/100Mbps<\/p>\n<p>Bot\u00f3n: Bot\u00f3n WPS\/Reset<br \/>\nFuente de Alimentaci\u00f3n Externa: 12VDC \/ 1A<br \/>\nEst\u00e1ndares Inal\u00e1mbricos: IEEE 802.11n, IEEE 802.11g, IEEE 802.11b<br \/>\nDimensiones (W X D X H): 6.6in.x5.1in.x1.2 pulgadas.(168.5mmx130mmx31.5mm)<br \/>\nAntena: 2 Antenas Desmontables Omnidireccionales de 9dBi (RP-SMA)<\/p>\n<p>CARACTER\u00cdSTICAS INAL\u00c1MBRICAS:<br \/>\nFrecuencia: 2.4-2.4835GHz<\/p>\n<p>Tasa de se\u00f1al:<br \/>\n11n: Hasta 300Mbps(din\u00e1mica)<br \/>\n11g: Hasta 54Mbps(din\u00e1mica)<br \/>\n11b: Hasta 11Mbps(din\u00e1mica)<\/p>\n<p>Sensibilidad de recepci\u00f3n:<br \/>\n270M: -71dBm @ 10% PER<br \/>\n130M: -74dBm @ 10% PER<br \/>\n108M: -74dBm @ 10% PER<br \/>\n54M: -77dBm @ 10% PER<br \/>\n11M: -91dBm @ 8% PER<br \/>\n6M: -89dBm @ 10% PER<br \/>\n1M: -97dBm @ 8% PER<\/p>\n<p>Potencia de transmisi\u00f3n:<br \/>\nCE: &lt;20dBm (2.4GHz)<br \/>\nFCC: &lt;30dBm<br \/>\nFunciones inal\u00e1mbricas: Habilitar\/Deshabitar Radio Inal\u00e1mbrica, WMM, Puente WDS, Estad\u00edsticas Inal\u00e1mbricas<br \/>\nInal\u00e1mbrico: 64\/128\/152 bits WEP \/ WPA \/ WPA2, WPA-PSK \/ WPA2-PSK<\/p>\n<p>CARACTER\u00cdSTICAS DE SOFTWARE:<br \/>\nCalidad de servicio WMM, Control de Ancho de Banda<br \/>\nTipo de WAN: IP Din\u00e1mica\/IP Est\u00e1tica\/PPPoE\/PPTP\/L2TP\/BigPond<br \/>\nAdministraci\u00f3n: Control de Acceso. Administraci\u00f3n Local. Administraci\u00f3n Remota<br \/>\nDHCP: Servidor, Cliente,Lista de Cliente DHCP, Reservaci\u00f3n de Direcci\u00f3n<br \/>\nReenv\u00edo de puertos: Servidor virtual, activaci\u00f3n de puertos, UPnP, DMZ<br \/>\nDNS Din\u00e1mico: DynDns, Comexe, NO-IP<br \/>\nPaso de VPN: PPTP, L2TP, IPSec (Jefe ESP)<br \/>\nControl de acceso: Control Parental, Control de Administraci\u00f3n Local, Lista de Hosteo, Acceso a Calendario, Administraci\u00f3n de Reglas<\/p>\n<p>Seguridad de firewall: DoS, SPI Firewall. Filtrado de Direcci\u00f3n IP \/Filtrado de Direcci\u00f3n MAC \/Filtrado de Dominio IP y MAC Address Binding<\/p>\n<p>OTROS:<br \/>\nProceso de dar un t\u00edtulo CE, FCC, RoHS<\/p>\n<p>Contenidos del paquete:<br \/>\nRouter Inal\u00e1mbrico de Alta Potencia N 300Mbps<br \/>\nFuente de Alimentaci\u00f3n<br \/>\nCD de Recursos<br \/>\nCable Ethernet<br \/>\nGu\u00eda de Instalaci\u00f3n R\u00e1pida<\/p>\n<p>Requisitos del sistema: Microsoft\u00ae Windows\u00ae 98SE, NT, 2000, XP, Vista\u2122 o Windows 7, MAC\u00ae OS, NetWare\u00ae, UNIX\u00ae o Linux<\/p>\n","protected":false},"excerpt":{"rendered":"<p>Funciones Router<br \/>\nFrecuencias 2.4 GHz<br \/>\nVelocidad inal\u00e1mbrica 300 MB\/s<br \/>\n4 Puertos LAN 10\/100Mbps<br \/>\n1 Puerto WAN 10\/100Mbps<\/p>\n","protected":false},"featured_media":9562,"comment_status":"open","ping_status":"closed","template":"","meta":[],"pwb-brand":[102],"product_cat":[82,70],"product_tag":[],"class_list":{"0":"post-9565","1":"product","2":"type-product","3":"status-publish","4":"has-post-thumbnail","6":"pwb-brand-tplink","7":"product_cat-routers-y-modems","8":"product_cat-conectividad-y-redes","10":"first","11":"instock","12":"shipping-taxable","13":"purchasable","14":"product-type-simple"},"brands":[{"id":102,"name":"Tp-Link","slug":"tplink"}],"_links":{"self":[{"href":"https:\/\/aptecnologia.com.ar\/new\/wp-json\/wp\/v2\/product\/9565","targetHints":{"allow":["GET"]}}],"collection":[{"href":"https:\/\/aptecnologia.com.ar\/new\/wp-json\/wp\/v2\/product"}],"about":[{"href":"https:\/\/aptecnologia.com.ar\/new\/wp-json\/wp\/v2\/types\/product"}],"replies":[{"embeddable":true,"href":"https:\/\/aptecnologia.com.ar\/new\/wp-json\/wp\/v2\/comments?post=9565"}],"version-history":[{"count":0,"href":"https:\/\/aptecnologia.com.ar\/new\/wp-json\/wp\/v2\/product\/9565\/revisions"}],"wp:featuredmedia":[{"embeddable":true,"href":"https:\/\/aptecnologia.com.ar\/new\/wp-json\/wp\/v2\/media\/9562"}],"wp:attachment":[{"href":"https:\/\/aptecnologia.com.ar\/new\/wp-json\/wp\/v2\/media?parent=9565"}],"wp:term":[{"taxonomy":"pwb-brand","embeddable":true,"href":"https:\/\/aptecnologia.com.ar\/new\/wp-json\/wp\/v2\/pwb-brand?post=9565"},{"taxonomy":"product_cat","embeddable":true,"href":"https:\/\/aptecnologia.com.ar\/new\/wp-json\/wp\/v2\/product_cat?post=9565"},{"taxonomy":"product_tag","embeddable":true,"href":"https:\/\/aptecnologia.com.ar\/new\/wp-json\/wp\/v2\/product_tag?post=9565"}],"curies":[{"name":"wp","href":"https:\/\/api.w.org\/{rel}","templated":true}]}}