{"id":9541,"date":"2021-12-17T16:12:50","date_gmt":"2021-12-17T16:12:50","guid":{"rendered":"https:\/\/aptecnologia.com.ar\/new\/?post_type=product&#038;p=9541"},"modified":"2022-04-26T19:24:00","modified_gmt":"2022-04-26T19:24:00","slug":"placa-de-video-vga-2gb-gt-710-2gd3-ddr3-lp-msi","status":"publish","type":"product","link":"https:\/\/aptecnologia.com.ar\/new\/productos\/placa-de-video-vga-2gb-gt-710-2gd3-ddr3-lp-msi\/","title":{"rendered":"Placa de video VGA 2GB GT 710 2GD3 DDR3 LP &#8211; MSI"},"content":{"rendered":"<p>Core 954 MHz<br \/>\nMemoria DDR3 1600 MHz de 2048MB<\/p>\n<p>Salida de Video<\/p>\n<p>DVI-D doble link x 1<br \/>\nHDMI x 1 (Versi\u00f3n 1.4a)<br \/>\nD-Sub x 1<br \/>\nHdmi<br \/>\nCaracter\u00edsticas Principales<br \/>\nCapacitores S\u00f3lidos<br \/>\nDurabilidad ultra extensa de 10 a\u00f1os (bajo carga total).<br \/>\nMenor temperatura y mayor eficiencia.<br \/>\nESR extremadamente bajo.<\/p>\n<p>Bajo Perfil<br \/>\nDise\u00f1o de bajo perfil que ahorra espacio.<br \/>\nEl usuario pede construir un sistema m\u00e1s delgado o m\u00e1s peque\u00f1o con facilidad.<\/p>\n<p>Utilitario de Overclocking Afterburner<br \/>\nSoporta grabaci\u00f3n de video en juego.<br \/>\nSoporta control inal\u00e1mbrico con dispositivos de mano android\/iOS.<br \/>\nSoporta pruebas de efectos DX12.<\/p>\n<p>Captura de Video &#8211; Predator<br \/>\nPaquete gratuito dentro de Afterburner.<br \/>\nSoporta captura de video en tiempo real.<br \/>\nSoporta multi-thread.<\/p>\n","protected":false},"excerpt":{"rendered":"<p>Fabricante: Nvidia<br \/>\nTipo de memoria gr\u00e1fica: DDR3<br \/>\nInterfaz con la placa madre: PCI-Express 2.0<br \/>\nTama\u00f1o de memoria: 2 GB<br \/>\nContectividad: DL-DVI-D,D-Sub,HDMI 1.4<\/p>\n","protected":false},"featured_media":9542,"comment_status":"open","ping_status":"closed","template":"","meta":[],"pwb-brand":[144],"product_cat":[66,95,91],"product_tag":[],"class_list":{"0":"post-9541","1":"product","2":"type-product","3":"status-publish","4":"has-post-thumbnail","6":"pwb-brand-msi","7":"product_cat-computacion","8":"product_cat-placas-de-video","9":"product_cat-componentes","11":"first","12":"instock","13":"shipping-taxable","14":"purchasable","15":"product-type-simple"},"brands":[{"id":144,"name":"MSI","slug":"msi"}],"_links":{"self":[{"href":"https:\/\/aptecnologia.com.ar\/new\/wp-json\/wp\/v2\/product\/9541","targetHints":{"allow":["GET"]}}],"collection":[{"href":"https:\/\/aptecnologia.com.ar\/new\/wp-json\/wp\/v2\/product"}],"about":[{"href":"https:\/\/aptecnologia.com.ar\/new\/wp-json\/wp\/v2\/types\/product"}],"replies":[{"embeddable":true,"href":"https:\/\/aptecnologia.com.ar\/new\/wp-json\/wp\/v2\/comments?post=9541"}],"version-history":[{"count":0,"href":"https:\/\/aptecnologia.com.ar\/new\/wp-json\/wp\/v2\/product\/9541\/revisions"}],"wp:featuredmedia":[{"embeddable":true,"href":"https:\/\/aptecnologia.com.ar\/new\/wp-json\/wp\/v2\/media\/9542"}],"wp:attachment":[{"href":"https:\/\/aptecnologia.com.ar\/new\/wp-json\/wp\/v2\/media?parent=9541"}],"wp:term":[{"taxonomy":"pwb-brand","embeddable":true,"href":"https:\/\/aptecnologia.com.ar\/new\/wp-json\/wp\/v2\/pwb-brand?post=9541"},{"taxonomy":"product_cat","embeddable":true,"href":"https:\/\/aptecnologia.com.ar\/new\/wp-json\/wp\/v2\/product_cat?post=9541"},{"taxonomy":"product_tag","embeddable":true,"href":"https:\/\/aptecnologia.com.ar\/new\/wp-json\/wp\/v2\/product_tag?post=9541"}],"curies":[{"name":"wp","href":"https:\/\/api.w.org\/{rel}","templated":true}]}}