{"id":9540,"date":"2021-12-17T16:01:53","date_gmt":"2021-12-17T16:01:53","guid":{"rendered":"https:\/\/aptecnologia.com.ar\/new\/?post_type=product&#038;p=9540"},"modified":"2022-09-30T19:57:47","modified_gmt":"2022-09-30T19:57:47","slug":"placa-de-video-pcie-gt1030-2g-2gb-dvi-hdmi-gigabyte","status":"publish","type":"product","link":"https:\/\/aptecnologia.com.ar\/new\/productos\/placa-de-video-pcie-gt1030-2g-2gb-dvi-hdmi-gigabyte\/","title":{"rendered":"Placa de video PCIE GT1030-2G 2GB DVI HDMI &#8211; GIGABYTE"},"content":{"rendered":"<p>Nvidia es el fabricante l\u00edder de placas de video; su calidad asegura una experiencia positiva en el desarrollo del motor gr\u00e1fico de tu computadora. Adem\u00e1s, sus procesadores usan tecnolog\u00eda de punta para que puedas disfrutar de un producto veloz y duradero.<\/p>\n<p>Velocidad en cada lectura<br \/>\nComo cuenta con 384 cores, los c\u00e1lculos para el procesamiento de gr\u00e1ficos se realizar\u00e1n de forma simult\u00e1nea logrando un resultado \u00f3ptimo del trabajo de la placa. Esto le permitir\u00e1 ejecutar lecturas dispersas y r\u00e1pidas de y hacia la GPU.<\/p>\n<p>Calidad de imagen<br \/>\nCriterio fundamental a la hora de elegir una placa de video, su resoluci\u00f3n de 4096&#215;2160 no te defraudar\u00e1. La decodificaci\u00f3n de los p\u00edxeles en tu pantalla te har\u00e1n ver hasta los detalles m\u00e1s \u00ednfimos en cada ilustraci\u00f3n.<\/p>\n","protected":false},"excerpt":{"rendered":"<p>Fabricante: Nvidia<br \/>\nTipo de memoria gr\u00e1fica: DDR4<br \/>\nTama\u00f1o de memoria: 2 GB<br \/>\nInterfaz con la placa madre: PCI-Express 3.0<\/p>\n","protected":false},"featured_media":9538,"comment_status":"open","ping_status":"closed","template":"","meta":[],"pwb-brand":[120],"product_cat":[66,95,91],"product_tag":[],"class_list":{"0":"post-9540","1":"product","2":"type-product","3":"status-publish","4":"has-post-thumbnail","6":"pwb-brand-gigabyte","7":"product_cat-computacion","8":"product_cat-placas-de-video","9":"product_cat-componentes","11":"first","12":"instock","13":"shipping-taxable","14":"purchasable","15":"product-type-simple"},"brands":[{"id":120,"name":"Gigabyte","slug":"gigabyte"}],"_links":{"self":[{"href":"https:\/\/aptecnologia.com.ar\/new\/wp-json\/wp\/v2\/product\/9540","targetHints":{"allow":["GET"]}}],"collection":[{"href":"https:\/\/aptecnologia.com.ar\/new\/wp-json\/wp\/v2\/product"}],"about":[{"href":"https:\/\/aptecnologia.com.ar\/new\/wp-json\/wp\/v2\/types\/product"}],"replies":[{"embeddable":true,"href":"https:\/\/aptecnologia.com.ar\/new\/wp-json\/wp\/v2\/comments?post=9540"}],"version-history":[{"count":0,"href":"https:\/\/aptecnologia.com.ar\/new\/wp-json\/wp\/v2\/product\/9540\/revisions"}],"wp:featuredmedia":[{"embeddable":true,"href":"https:\/\/aptecnologia.com.ar\/new\/wp-json\/wp\/v2\/media\/9538"}],"wp:attachment":[{"href":"https:\/\/aptecnologia.com.ar\/new\/wp-json\/wp\/v2\/media?parent=9540"}],"wp:term":[{"taxonomy":"pwb-brand","embeddable":true,"href":"https:\/\/aptecnologia.com.ar\/new\/wp-json\/wp\/v2\/pwb-brand?post=9540"},{"taxonomy":"product_cat","embeddable":true,"href":"https:\/\/aptecnologia.com.ar\/new\/wp-json\/wp\/v2\/product_cat?post=9540"},{"taxonomy":"product_tag","embeddable":true,"href":"https:\/\/aptecnologia.com.ar\/new\/wp-json\/wp\/v2\/product_tag?post=9540"}],"curies":[{"name":"wp","href":"https:\/\/api.w.org\/{rel}","templated":true}]}}