{"id":9531,"date":"2021-12-17T13:27:42","date_gmt":"2021-12-17T13:27:42","guid":{"rendered":"https:\/\/aptecnologia.com.ar\/new\/?post_type=product&#038;p=9531"},"modified":"2022-04-26T19:27:34","modified_gmt":"2022-04-26T19:27:34","slug":"placa-de-video-gt710-1gb-gddr5-asus","status":"publish","type":"product","link":"https:\/\/aptecnologia.com.ar\/new\/productos\/placa-de-video-gt710-1gb-gddr5-asus\/","title":{"rendered":"Placa de Video GT710 1GB GDDR5 &#8211; ASUS"},"content":{"rendered":"<p>Nvidia es el fabricante l\u00edder de placas de video; su calidad asegura una experiencia positiva en el desarrollo del motor gr\u00e1fico de tu computadora. Adem\u00e1s, sus procesadores usan tecnolog\u00eda de punta para que puedas disfrutar de un producto veloz y duradero.<\/p>\n<p>Velocidad en cada lectura<br \/>\nComo cuenta con 192 cores, los c\u00e1lculos para el procesamiento de gr\u00e1ficos se realizar\u00e1n de forma simult\u00e1nea logrando un resultado \u00f3ptimo del trabajo de la placa. Esto le permitir\u00e1 ejecutar lecturas dispersas y r\u00e1pidas de y hacia la GPU.<\/p>\n<p>Calidad de imagen<br \/>\nCriterio fundamental a la hora de elegir una placa de video, su resoluci\u00f3n de 3840&#215;2160 no te defraudar\u00e1. La decodificaci\u00f3n de los p\u00edxeles en tu pantalla te har\u00e1n ver hasta los detalles m\u00e1s \u00ednfimos en cada ilustraci\u00f3n.<\/p>\n","protected":false},"excerpt":{"rendered":"<ul class=\"ui-vpp-highlighted-specs__features-list\">\n<li class=\"ui-vpp-highlighted-specs__features-list-item ui-pdp-color--BLACK ui-pdp-size--XSMALL ui-pdp-family--REGULAR\">Interfaz PCI-Express 3.0.<\/li>\n<li class=\"ui-vpp-highlighted-specs__features-list-item ui-pdp-color--BLACK ui-pdp-size--XSMALL ui-pdp-family--REGULAR\">Bus de memoria: 32bit.<\/li>\n<li class=\"ui-vpp-highlighted-specs__features-list-item ui-pdp-color--BLACK ui-pdp-size--XSMALL ui-pdp-family--REGULAR\">Cantidad de cores: 192.<\/li>\n<li class=\"ui-vpp-highlighted-specs__features-list-item ui-pdp-color--BLACK ui-pdp-size--XSMALL ui-pdp-family--REGULAR\">Frecuencia base del core de 954MHz.<\/li>\n<li class=\"ui-vpp-highlighted-specs__features-list-item ui-pdp-color--BLACK ui-pdp-size--XSMALL ui-pdp-family--REGULAR\">Resoluci\u00f3n m\u00e1xima: 3840&#215;2160.<\/li>\n<li class=\"ui-vpp-highlighted-specs__features-list-item ui-pdp-color--BLACK ui-pdp-size--XSMALL ui-pdp-family--REGULAR\">Compatible con directX y openGL.<\/li>\n<li class=\"ui-vpp-highlighted-specs__features-list-item ui-pdp-color--BLACK ui-pdp-size--XSMALL ui-pdp-family--REGULAR\">Requiere de 300W de alimentaci\u00f3n.<\/li>\n<li class=\"ui-vpp-highlighted-specs__features-list-item ui-pdp-color--BLACK ui-pdp-size--XSMALL ui-pdp-family--REGULAR\">Permite la conexi\u00f3n de hasta 3 pantallas simult\u00e1neas.<\/li>\n<li class=\"ui-vpp-highlighted-specs__features-list-item ui-pdp-color--BLACK ui-pdp-size--XSMALL ui-pdp-family--REGULAR\">Formatos de conexi\u00f3n: DL-DVI-D, D-Sub, HDMI 1.4a.<\/li>\n<li class=\"ui-vpp-highlighted-specs__features-list-item ui-pdp-color--BLACK ui-pdp-size--XSMALL ui-pdp-family--REGULAR\">Incluye: Gu\u00eda r\u00e1pida.<\/li>\n<\/ul>\n","protected":false},"featured_media":9533,"comment_status":"open","ping_status":"closed","template":"","meta":[],"pwb-brand":[143],"product_cat":[66,95,91],"product_tag":[],"class_list":{"0":"post-9531","1":"product","2":"type-product","3":"status-publish","4":"has-post-thumbnail","6":"pwb-brand-asus","7":"product_cat-computacion","8":"product_cat-placas-de-video","9":"product_cat-componentes","11":"first","12":"outofstock","13":"shipping-taxable","14":"purchasable","15":"product-type-simple"},"brands":[{"id":143,"name":"ASUS","slug":"asus"}],"_links":{"self":[{"href":"https:\/\/aptecnologia.com.ar\/new\/wp-json\/wp\/v2\/product\/9531","targetHints":{"allow":["GET"]}}],"collection":[{"href":"https:\/\/aptecnologia.com.ar\/new\/wp-json\/wp\/v2\/product"}],"about":[{"href":"https:\/\/aptecnologia.com.ar\/new\/wp-json\/wp\/v2\/types\/product"}],"replies":[{"embeddable":true,"href":"https:\/\/aptecnologia.com.ar\/new\/wp-json\/wp\/v2\/comments?post=9531"}],"version-history":[{"count":0,"href":"https:\/\/aptecnologia.com.ar\/new\/wp-json\/wp\/v2\/product\/9531\/revisions"}],"wp:featuredmedia":[{"embeddable":true,"href":"https:\/\/aptecnologia.com.ar\/new\/wp-json\/wp\/v2\/media\/9533"}],"wp:attachment":[{"href":"https:\/\/aptecnologia.com.ar\/new\/wp-json\/wp\/v2\/media?parent=9531"}],"wp:term":[{"taxonomy":"pwb-brand","embeddable":true,"href":"https:\/\/aptecnologia.com.ar\/new\/wp-json\/wp\/v2\/pwb-brand?post=9531"},{"taxonomy":"product_cat","embeddable":true,"href":"https:\/\/aptecnologia.com.ar\/new\/wp-json\/wp\/v2\/product_cat?post=9531"},{"taxonomy":"product_tag","embeddable":true,"href":"https:\/\/aptecnologia.com.ar\/new\/wp-json\/wp\/v2\/product_tag?post=9531"}],"curies":[{"name":"wp","href":"https:\/\/api.w.org\/{rel}","templated":true}]}}