{"id":9527,"date":"2021-12-17T12:56:45","date_gmt":"2021-12-17T12:56:45","guid":{"rendered":"https:\/\/aptecnologia.com.ar\/new\/?post_type=product&#038;p=9527"},"modified":"2022-03-25T12:18:03","modified_gmt":"2022-03-25T12:18:03","slug":"placa-de-red-wifi-ac-600-archer-t2u-tp-link","status":"publish","type":"product","link":"https:\/\/aptecnologia.com.ar\/new\/productos\/placa-de-red-wifi-ac-600-archer-t2u-tp-link\/","title":{"rendered":"Placa de red wifi AC 600 Archer T2U &#8211; TP-LINK"},"content":{"rendered":"<p class=\"ui-pdp-description__content\">CARACTER\u00cdSTICAS DE HARDWARE<br \/>\n\u2022 Interfaz: USB 2.0<br \/>\n\u2022 Dimensiones: 1.6\u00d70.7\u00d70.3 in. (41\u00d719.5\u00d78.7mm)<br \/>\n\u2022 Tipo de Antena: Omnidireccional<\/p>\n<p>CARACTER\u00cdSTICAS INAL\u00c1MBRICAS<br \/>\n\u2022 Est\u00e1ndares Inal\u00e1mbricos<br \/>\nIEEE 802.11ac, IEEE 802.11a,<br \/>\nIEEE 802.11n, IEEE 802.11g, IEEE 802.11b<\/p>\n<p>\u2022 Frecuencia<br \/>\n5GHz<br \/>\n2.4GHz<\/p>\n<p>\u2022 Potencia de Transmisi\u00f3n: &lt;20dBm (PIRE)<br \/>\n\u2022 Modos Inal\u00e1mbricos: Ad-Hoc \/ Modo infraestructura<br \/>\n\u2022 Seguridad Inal\u00e1mbrica: Soporta encriptaci\u00f3n WEP 64\/128 bit, WPA-PSK\/WPA2-\u2022 PSK, 802.1x<br \/>\n\u2022 Tecnolog\u00eda de Modulaci\u00f3n: DBPSK, DQPSK, CCK, OFDM, 16-QAM, 64-QAM, 256-QAM<\/p>\n","protected":false},"excerpt":{"rendered":"<p>Tecnolog\u00eda de conectividad: WLAN<br \/>\nTasa de transferencia de datos: 600 MB\/s<br \/>\nInterfaz: USB<br \/>\nTipo de antena: Omnidireccional<br \/>\nCon indicador LED: S\u00ed<br \/>\nEst\u00e1ndares: IEEE 802.11ac\/IEEE 802.11a\/IEEE 802.11n\/IEEE 802.11g\/IEEE 802.11b<br \/>\nSeguridad inal\u00e1mbrica: WEP 64\/128 BIT \/ WPA-PSK \/ WPA2-PSK\/802.1x<br \/>\nModos inal\u00e1mbricos: Ad hoc \/ Modo infraestructura<br \/>\nTipos de frecuencias: 2.4 GHz &#8211; 5 GHz<\/p>\n","protected":false},"featured_media":9530,"comment_status":"open","ping_status":"closed","template":"","meta":[],"pwb-brand":[102],"product_cat":[70,88],"product_tag":[],"class_list":{"0":"post-9527","1":"product","2":"type-product","3":"status-publish","4":"has-post-thumbnail","6":"pwb-brand-tplink","7":"product_cat-conectividad-y-redes","8":"product_cat-placa-de-red","10":"first","11":"outofstock","12":"shipping-taxable","13":"purchasable","14":"product-type-simple"},"brands":[{"id":102,"name":"Tp-Link","slug":"tplink"}],"_links":{"self":[{"href":"https:\/\/aptecnologia.com.ar\/new\/wp-json\/wp\/v2\/product\/9527","targetHints":{"allow":["GET"]}}],"collection":[{"href":"https:\/\/aptecnologia.com.ar\/new\/wp-json\/wp\/v2\/product"}],"about":[{"href":"https:\/\/aptecnologia.com.ar\/new\/wp-json\/wp\/v2\/types\/product"}],"replies":[{"embeddable":true,"href":"https:\/\/aptecnologia.com.ar\/new\/wp-json\/wp\/v2\/comments?post=9527"}],"version-history":[{"count":0,"href":"https:\/\/aptecnologia.com.ar\/new\/wp-json\/wp\/v2\/product\/9527\/revisions"}],"wp:featuredmedia":[{"embeddable":true,"href":"https:\/\/aptecnologia.com.ar\/new\/wp-json\/wp\/v2\/media\/9530"}],"wp:attachment":[{"href":"https:\/\/aptecnologia.com.ar\/new\/wp-json\/wp\/v2\/media?parent=9527"}],"wp:term":[{"taxonomy":"pwb-brand","embeddable":true,"href":"https:\/\/aptecnologia.com.ar\/new\/wp-json\/wp\/v2\/pwb-brand?post=9527"},{"taxonomy":"product_cat","embeddable":true,"href":"https:\/\/aptecnologia.com.ar\/new\/wp-json\/wp\/v2\/product_cat?post=9527"},{"taxonomy":"product_tag","embeddable":true,"href":"https:\/\/aptecnologia.com.ar\/new\/wp-json\/wp\/v2\/product_tag?post=9527"}],"curies":[{"name":"wp","href":"https:\/\/api.w.org\/{rel}","templated":true}]}}