{"id":9491,"date":"2021-12-16T16:16:23","date_gmt":"2021-12-16T16:16:23","guid":{"rendered":"https:\/\/aptecnologia.com.ar\/new\/?post_type=product&#038;p=9491"},"modified":"2022-03-17T16:19:58","modified_gmt":"2022-03-17T16:19:58","slug":"parlante-sp-q-160-gray-genius","status":"publish","type":"product","link":"https:\/\/aptecnologia.com.ar\/new\/productos\/parlante-sp-q-160-gray-genius\/","title":{"rendered":"Parlante SP Q-160 Gray &#8211; GENIUS"},"content":{"rendered":"<p>&#8211; Mini altavoz USB con efecto de sonido cristalino<br \/>\n&#8211; RMS 6W<br \/>\n&#8211; Alimentado por USB<br \/>\n&#8211; Entrada auxiliar de 3.5 mm<br \/>\n&#8211; Control del volumen<br \/>\n*** no posee entrada de auricular<\/p>\n<p>Efecto de sonido cristalino<br \/>\nSP-Q160 ofrece un sonido est\u00e9reo claro de alta calidad que llena la sala, con control de volumen. Es perfecto para cualquier dispositivo con conector de audio de 3.5 mm. Es muy f\u00e1cil disfrutar de la m\u00fasica, solo Plug and Play.<\/p>\n<p>Tama\u00f1o que ahorra espacio con dise\u00f1o est\u00e9tico<br \/>\nSe adapta bien al lado de su computadora. Disfruta de un espacio despejado a gusto. Lo suficientemente peque\u00f1o como para que puedas llevarlo sobre la marcha.<\/p>\n<p>Amplia compatibilidad para cualquier dispositivo con conector de audio de 3.5 mm<br \/>\nFunciona con computadoras de escritorio, port\u00e1tiles, televisores, tel\u00e9fonos inteligentes, iPhone, iMac, MP3 y otros dispositivos con conector de audio de 3.5 mm.<\/p>\n<p>Operaci\u00f3n simple<br \/>\nUSB plug and play, no necesita pilas ni un cable de alimentaci\u00f3n.<\/p>\n<p>Control de volumen de f\u00e1cil acceso<br \/>\nControles convenientemente ubicados en la parte posterior del altavoz para ajustes de volumen instant\u00e1neos.<\/p>\n<p>ESPECIFICACIONES<br \/>\n&#8211; Modelo: Q160<br \/>\n&#8211; Linea: Mini Parlantes<br \/>\n&#8211; Sku: SP-Q160<br \/>\n&#8211; Parlantes para Pc Genius Q160<br \/>\n&#8211; Potencia de salida total 6w (2 x 3W) RMS<br \/>\n&#8211; Conexi\u00f3n de alimentaci\u00f3n por cable USB<br \/>\n&#8211; Conexi\u00f3n de entrada: Jack de audio de 3.5 mm<br \/>\n&#8211; Control del volumen<br \/>\n&#8211; Longitud del cable 1.20 mts.<br \/>\n&#8211; Sensibilidad 600mv +\/- 100 mv<br \/>\n&#8211; Respuesta de frecuencia: 150 hz &#8211; 20 Khz<br \/>\n&#8211; Relaci\u00f3n se\u00f1al a ruido &gt; 70dB<br \/>\n&#8211; Tama\u00f1o del driver 2 pulgadas<br \/>\n&#8211; Impedancia 4 ohmios<br \/>\n&#8211; Dimensiones 81 x 85 x 102 mm<br \/>\n&#8211; Peso 358g<\/p>\n","protected":false},"excerpt":{"rendered":"<p>Potencia de salida (RMS) 6 W<br \/>\nCantidad de parlantes 2<br \/>\nCon Bluetooth No<br \/>\nConfiguraci\u00f3n de canales 2.1<\/p>\n","protected":false},"featured_media":9492,"comment_status":"open","ping_status":"closed","template":"","meta":[],"pwb-brand":[109],"product_cat":[67,83],"product_tag":[],"class_list":{"0":"post-9491","1":"product","2":"type-product","3":"status-publish","4":"has-post-thumbnail","6":"pwb-brand-genius","7":"product_cat-audio-y-video","8":"product_cat-parlantes","10":"first","11":"instock","12":"shipping-taxable","13":"purchasable","14":"product-type-simple"},"brands":[{"id":109,"name":"Genius","slug":"genius"}],"_links":{"self":[{"href":"https:\/\/aptecnologia.com.ar\/new\/wp-json\/wp\/v2\/product\/9491","targetHints":{"allow":["GET"]}}],"collection":[{"href":"https:\/\/aptecnologia.com.ar\/new\/wp-json\/wp\/v2\/product"}],"about":[{"href":"https:\/\/aptecnologia.com.ar\/new\/wp-json\/wp\/v2\/types\/product"}],"replies":[{"embeddable":true,"href":"https:\/\/aptecnologia.com.ar\/new\/wp-json\/wp\/v2\/comments?post=9491"}],"version-history":[{"count":0,"href":"https:\/\/aptecnologia.com.ar\/new\/wp-json\/wp\/v2\/product\/9491\/revisions"}],"wp:featuredmedia":[{"embeddable":true,"href":"https:\/\/aptecnologia.com.ar\/new\/wp-json\/wp\/v2\/media\/9492"}],"wp:attachment":[{"href":"https:\/\/aptecnologia.com.ar\/new\/wp-json\/wp\/v2\/media?parent=9491"}],"wp:term":[{"taxonomy":"pwb-brand","embeddable":true,"href":"https:\/\/aptecnologia.com.ar\/new\/wp-json\/wp\/v2\/pwb-brand?post=9491"},{"taxonomy":"product_cat","embeddable":true,"href":"https:\/\/aptecnologia.com.ar\/new\/wp-json\/wp\/v2\/product_cat?post=9491"},{"taxonomy":"product_tag","embeddable":true,"href":"https:\/\/aptecnologia.com.ar\/new\/wp-json\/wp\/v2\/product_tag?post=9491"}],"curies":[{"name":"wp","href":"https:\/\/api.w.org\/{rel}","templated":true}]}}