{"id":9483,"date":"2021-12-15T15:23:23","date_gmt":"2021-12-15T15:23:23","guid":{"rendered":"https:\/\/aptecnologia.com.ar\/new\/?post_type=product&#038;p=9483"},"modified":"2023-05-24T16:22:05","modified_gmt":"2023-05-24T19:22:05","slug":"notebook-i5-1135g7-8gb-ssd256-15-6-w10h-tec-ingles-hp","status":"publish","type":"product","link":"https:\/\/aptecnologia.com.ar\/new\/productos\/notebook-i5-1135g7-8gb-ssd256-15-6-w10h-tec-ingles-hp\/","title":{"rendered":"Notebook  &#8211; I5 1135G7 8GB ssd256 15.6&#8243; W10H Tec Ingles HP"},"content":{"rendered":"<p>Microprocesador\u00a0Intel Core i5-1135G7 (hasta 4,2 GHz con tecnolog\u00eda Intel\u00ae Turbo Boost, 8 MB de cach\u00e9 L3, 4 cores)<br \/>\nMemoria, est\u00e1ndar<br \/>\nRAM DDR4-2666 MHz de 8 GB (2 x 4 GB)<br \/>\nDisco duro<br \/>\nSSD PCIe NVMe M.2 de 256 GB<br \/>\nMonitor<br \/>\n15,6 \u00aben diagonal, FHD (1920 x 1080), IPS, microborde, antirreflejo, 250 nits, 45% NTSC<br \/>\nA\u00f1o de lanzamiento 2021<br \/>\nTipo de pantalla IPS<br \/>\nPuertos y ranuras:<br \/>\n1 USB 3.1 Gen 1 Type-C (s\u00f3lo transferencia de datos, velocidad de se\u00f1alizaci\u00f3n de 5 Gb\/s);<br \/>\n2 USB 3.1 Gen 1 Type-A (transferencia de datos);<br \/>\n1 HDMI 1.4b;<br \/>\n1 combo de auriculares\/micr\u00f3fono<br \/>\nRam : Se puede actualizar hasta 32gb<br \/>\nNo tiene bahia para HDD, SSD se puede actualizar hasta 1tb.<\/p>\n","protected":false},"excerpt":{"rendered":"<ul class=\"ui-vpp-highlighted-specs__features-list\">\n<li class=\"ui-vpp-highlighted-specs__features-list-item ui-pdp-color--BLACK ui-pdp-size--XSMALL ui-pdp-family--REGULAR\">Procesador Intel Core i5.<\/li>\n<li class=\"ui-vpp-highlighted-specs__features-list-item ui-pdp-color--BLACK ui-pdp-size--XSMALL ui-pdp-family--REGULAR\">Memoria RAM de 8GB.<\/li>\n<li class=\"ui-vpp-highlighted-specs__features-list-item ui-pdp-color--BLACK ui-pdp-size--XSMALL ui-pdp-family--REGULAR\">Resoluci\u00f3n de FHD.<\/li>\n<li class=\"ui-vpp-highlighted-specs__features-list-item ui-pdp-color--BLACK ui-pdp-size--XSMALL ui-pdp-family--REGULAR\">La duraci\u00f3n de la bater\u00eda depende del uso que se le d\u00e9 al producto.<\/li>\n<\/ul>\n","protected":false},"featured_media":9479,"comment_status":"open","ping_status":"closed","template":"","meta":[],"pwb-brand":[118],"product_cat":[66,191,72],"product_tag":[],"class_list":{"0":"post-9483","1":"product","2":"type-product","3":"status-publish","4":"has-post-thumbnail","6":"pwb-brand-hp","7":"product_cat-computacion","8":"product_cat-equipos","9":"product_cat-notebooks","11":"first","12":"outofstock","13":"shipping-taxable","14":"purchasable","15":"product-type-simple"},"brands":[{"id":118,"name":"HP","slug":"hp"}],"_links":{"self":[{"href":"https:\/\/aptecnologia.com.ar\/new\/wp-json\/wp\/v2\/product\/9483","targetHints":{"allow":["GET"]}}],"collection":[{"href":"https:\/\/aptecnologia.com.ar\/new\/wp-json\/wp\/v2\/product"}],"about":[{"href":"https:\/\/aptecnologia.com.ar\/new\/wp-json\/wp\/v2\/types\/product"}],"replies":[{"embeddable":true,"href":"https:\/\/aptecnologia.com.ar\/new\/wp-json\/wp\/v2\/comments?post=9483"}],"version-history":[{"count":0,"href":"https:\/\/aptecnologia.com.ar\/new\/wp-json\/wp\/v2\/product\/9483\/revisions"}],"wp:featuredmedia":[{"embeddable":true,"href":"https:\/\/aptecnologia.com.ar\/new\/wp-json\/wp\/v2\/media\/9479"}],"wp:attachment":[{"href":"https:\/\/aptecnologia.com.ar\/new\/wp-json\/wp\/v2\/media?parent=9483"}],"wp:term":[{"taxonomy":"pwb-brand","embeddable":true,"href":"https:\/\/aptecnologia.com.ar\/new\/wp-json\/wp\/v2\/pwb-brand?post=9483"},{"taxonomy":"product_cat","embeddable":true,"href":"https:\/\/aptecnologia.com.ar\/new\/wp-json\/wp\/v2\/product_cat?post=9483"},{"taxonomy":"product_tag","embeddable":true,"href":"https:\/\/aptecnologia.com.ar\/new\/wp-json\/wp\/v2\/product_tag?post=9483"}],"curies":[{"name":"wp","href":"https:\/\/api.w.org\/{rel}","templated":true}]}}