{"id":9465,"date":"2021-12-15T13:34:10","date_gmt":"2021-12-15T13:34:10","guid":{"rendered":"https:\/\/aptecnologia.com.ar\/new\/?post_type=product&#038;p=9465"},"modified":"2023-07-24T15:36:53","modified_gmt":"2023-07-24T18:36:53","slug":"multifuncion-monocromatica-e-studio-2822am-toshiba","status":"publish","type":"product","link":"https:\/\/aptecnologia.com.ar\/new\/productos\/multifuncion-monocromatica-e-studio-2822am-toshiba\/","title":{"rendered":"Multifunci\u00f3n Laser ByN e-STUDIO 2822AM &#8211; TOSHIBA"},"content":{"rendered":"<p>\u2022 Imprima, escanee, env\u00ede por fax y copie en un sistema A3 con una huella A4.<br \/>\n\u2022 Impresi\u00f3n A3 por alimentador ADF (bypass).<br \/>\n\u2022 Altamente fiable y duraderos a una velocidad de 28 p\u00e1ginas por minuto.<br \/>\n\u2022 Econ\u00f3mica y ecol\u00f3gicamente eficiente gracias a la impresi\u00f3n a doble cara, el reciclaje interno de t\u00f3ner y los modos de ahorro de energ\u00eda.<\/p>\n","protected":false},"excerpt":{"rendered":"<p>Multifunci\u00f3n H\u00edbrido A4 con capacidad de formato A3 por by pass. Peque\u00f1o, robusto y fiable: podes usar este equipo en cualquier entorno o lugar de trabajo:<\/p>\n","protected":false},"featured_media":9466,"comment_status":"open","ping_status":"closed","template":"","meta":[],"pwb-brand":[145],"product_cat":[66,165,270,268,89],"product_tag":[],"class_list":{"0":"post-9465","1":"product","2":"type-product","3":"status-publish","4":"has-post-thumbnail","6":"pwb-brand-toshiba","7":"product_cat-computacion","8":"product_cat-impresoras","9":"product_cat-multiflaserbyn","10":"product_cat-multifuncion","11":"product_cat-impresion","13":"first","14":"outofstock","15":"shipping-taxable","16":"purchasable","17":"product-type-simple"},"brands":[{"id":145,"name":"Toshiba","slug":"toshiba"}],"_links":{"self":[{"href":"https:\/\/aptecnologia.com.ar\/new\/wp-json\/wp\/v2\/product\/9465","targetHints":{"allow":["GET"]}}],"collection":[{"href":"https:\/\/aptecnologia.com.ar\/new\/wp-json\/wp\/v2\/product"}],"about":[{"href":"https:\/\/aptecnologia.com.ar\/new\/wp-json\/wp\/v2\/types\/product"}],"replies":[{"embeddable":true,"href":"https:\/\/aptecnologia.com.ar\/new\/wp-json\/wp\/v2\/comments?post=9465"}],"version-history":[{"count":0,"href":"https:\/\/aptecnologia.com.ar\/new\/wp-json\/wp\/v2\/product\/9465\/revisions"}],"wp:featuredmedia":[{"embeddable":true,"href":"https:\/\/aptecnologia.com.ar\/new\/wp-json\/wp\/v2\/media\/9466"}],"wp:attachment":[{"href":"https:\/\/aptecnologia.com.ar\/new\/wp-json\/wp\/v2\/media?parent=9465"}],"wp:term":[{"taxonomy":"pwb-brand","embeddable":true,"href":"https:\/\/aptecnologia.com.ar\/new\/wp-json\/wp\/v2\/pwb-brand?post=9465"},{"taxonomy":"product_cat","embeddable":true,"href":"https:\/\/aptecnologia.com.ar\/new\/wp-json\/wp\/v2\/product_cat?post=9465"},{"taxonomy":"product_tag","embeddable":true,"href":"https:\/\/aptecnologia.com.ar\/new\/wp-json\/wp\/v2\/product_tag?post=9465"}],"curies":[{"name":"wp","href":"https:\/\/api.w.org\/{rel}","templated":true}]}}