{"id":9456,"date":"2021-12-15T02:01:44","date_gmt":"2021-12-15T02:01:44","guid":{"rendered":"https:\/\/aptecnologia.com.ar\/new\/?post_type=product&#038;p=9456"},"modified":"2022-12-28T16:10:25","modified_gmt":"2022-12-28T16:10:25","slug":"mouse-usb-ziva-black-trust","status":"publish","type":"product","link":"https:\/\/aptecnologia.com.ar\/new\/productos\/mouse-usb-ziva-black-trust\/","title":{"rendered":"Mouse USB Ziva Black &#8211; TRUST"},"content":{"rendered":"<p>Para trabajar desde casa con la computadora o aprovechar los momentos de ocio, necesit\u00e1s comodidad y facilidad de movimiento. Con tu Trust Ziva Optical Mouse encontr\u00e1 eso que busc\u00e1s en un solo aparato con la mejor tecnolog\u00eda.<\/p>\n<p>Adaptado a tus movimientos<br \/>\nSu dise\u00f1o eficaz hace de este mouse un elemento c\u00f3modo, con una gran experiencia de uso para aquellas personas que buscan seguridad en cada click.<\/p>\n<p>La funcionalidad al alcance de tu mano<br \/>\nEl sistema de detecci\u00f3n de movimiento \u00f3ptico te permitir\u00e1 mover el cursor de una manera m\u00e1s precisa y sensible que en los sistemas tradicionales.<\/p>\n<p>Rapidez y confiabilidad de los botones<br \/>\nCon sus 3 botones podr\u00e1s tener mayor control e independencia para ejecutar.<\/p>\n<p>Apto para f\u00e1cil traslado<br \/>\nNaveg\u00e1 r\u00e1pidamente por documentos y p\u00e1ginas web gracias su dise\u00f1o ultra delgado, ergon\u00f3mico, liviano y conveniente para llevar a donde quieras o viajar.<\/p>\n","protected":false},"excerpt":{"rendered":"<ul class=\"ui-vpp-highlighted-specs__features-list\">\n<li class=\"ui-vpp-highlighted-specs__features-list-item ui-pdp-color--BLACK ui-pdp-size--XSMALL ui-pdp-family--REGULAR\">Utiliza cable.<\/li>\n<li class=\"ui-vpp-highlighted-specs__features-list-item ui-pdp-color--BLACK ui-pdp-size--XSMALL ui-pdp-family--REGULAR\">Posee rueda de desplazamiento.<\/li>\n<li class=\"ui-vpp-highlighted-specs__features-list-item ui-pdp-color--BLACK ui-pdp-size--XSMALL ui-pdp-family--REGULAR\">Cuenta con 3 botones para un mayor control.<\/li>\n<li class=\"ui-vpp-highlighted-specs__features-list-item ui-pdp-color--BLACK ui-pdp-size--XSMALL ui-pdp-family--REGULAR\">Con sensor \u00f3ptico.<\/li>\n<li class=\"ui-vpp-highlighted-specs__features-list-item ui-pdp-color--BLACK ui-pdp-size--XSMALL ui-pdp-family--REGULAR\">Resoluci\u00f3n de 1200dpi.<\/li>\n<li class=\"ui-vpp-highlighted-specs__features-list-item ui-pdp-color--BLACK ui-pdp-size--XSMALL ui-pdp-family--REGULAR\">Creado para llevar a todas partes.<\/li>\n<li class=\"ui-vpp-highlighted-specs__features-list-item ui-pdp-color--BLACK ui-pdp-size--XSMALL ui-pdp-family--REGULAR\">Control inteligente y navegaci\u00f3n f\u00e1cil.<\/li>\n<\/ul>\n","protected":false},"featured_media":9454,"comment_status":"open","ping_status":"closed","template":"","meta":[],"pwb-brand":[107],"product_cat":[66,116,90],"product_tag":[],"class_list":{"0":"post-9456","1":"product","2":"type-product","3":"status-publish","4":"has-post-thumbnail","6":"pwb-brand-trust","7":"product_cat-computacion","8":"product_cat-mouses","9":"product_cat-perifericos","11":"first","12":"outofstock","13":"shipping-taxable","14":"purchasable","15":"product-type-simple"},"brands":[{"id":107,"name":"Trust","slug":"trust"}],"_links":{"self":[{"href":"https:\/\/aptecnologia.com.ar\/new\/wp-json\/wp\/v2\/product\/9456","targetHints":{"allow":["GET"]}}],"collection":[{"href":"https:\/\/aptecnologia.com.ar\/new\/wp-json\/wp\/v2\/product"}],"about":[{"href":"https:\/\/aptecnologia.com.ar\/new\/wp-json\/wp\/v2\/types\/product"}],"replies":[{"embeddable":true,"href":"https:\/\/aptecnologia.com.ar\/new\/wp-json\/wp\/v2\/comments?post=9456"}],"version-history":[{"count":0,"href":"https:\/\/aptecnologia.com.ar\/new\/wp-json\/wp\/v2\/product\/9456\/revisions"}],"wp:featuredmedia":[{"embeddable":true,"href":"https:\/\/aptecnologia.com.ar\/new\/wp-json\/wp\/v2\/media\/9454"}],"wp:attachment":[{"href":"https:\/\/aptecnologia.com.ar\/new\/wp-json\/wp\/v2\/media?parent=9456"}],"wp:term":[{"taxonomy":"pwb-brand","embeddable":true,"href":"https:\/\/aptecnologia.com.ar\/new\/wp-json\/wp\/v2\/pwb-brand?post=9456"},{"taxonomy":"product_cat","embeddable":true,"href":"https:\/\/aptecnologia.com.ar\/new\/wp-json\/wp\/v2\/product_cat?post=9456"},{"taxonomy":"product_tag","embeddable":true,"href":"https:\/\/aptecnologia.com.ar\/new\/wp-json\/wp\/v2\/product_tag?post=9456"}],"curies":[{"name":"wp","href":"https:\/\/api.w.org\/{rel}","templated":true}]}}