{"id":9449,"date":"2021-12-15T01:49:28","date_gmt":"2021-12-15T01:49:28","guid":{"rendered":"https:\/\/aptecnologia.com.ar\/new\/?post_type=product&#038;p=9449"},"modified":"2022-06-23T14:17:44","modified_gmt":"2022-06-23T14:17:44","slug":"mouse-nx-7000-blue-eye-wireless-black-genius","status":"publish","type":"product","link":"https:\/\/aptecnologia.com.ar\/new\/productos\/mouse-nx-7000-blue-eye-wireless-black-genius\/","title":{"rendered":"Mouse NX-7000 Blue-Eye Wireless Black &#8211; GENIUS"},"content":{"rendered":"<p class=\"ui-pdp-description__content\">Desde hace m\u00e1s de 30 a\u00f1os, Genius est\u00e1 enfocado en la calidad, comodidad y facilidad de uso de sus productos. Su principal objetivo es proporcionarle a las personas una mejor experiencia de usuario. Adem\u00e1s, busca incorporar dise\u00f1os ecol\u00f3gicos que respeten el medio ambiente. El mouse Genius se caracteriza por suaves curvas que resultan c\u00f3modas para cualquier mano. Gracias a su resoluci\u00f3n, conseguir\u00e1s movimientos precisos en una amplia gama de superficies.<\/p>\n<p>Adaptado a tus movimientos<br \/>\nSu dise\u00f1o eficaz hace de este mouse un elemento c\u00f3modo, con una gran experiencia de uso para aquellas personas que buscan seguridad en cada click.<\/p>\n<p>A un click de distancia<br \/>\nSu sensor BlueEye permite que funcione con exactitud y control en cualquier tipo de superficie.<\/p>\n<p>Rapidez y confiabilidad de los botones<br \/>\nCon sus 3 botones podr\u00e1s tener mayor control e independencia para ejecutar.<\/p>\n<p>Plug And Play<br \/>\nSolo deb\u00e9s colocar el receptor en un puerto USB de la computadora y ya pod\u00e9s empezar a usarlo. No hace falta emparejar el mouse ni descargar software para utilizarlo.<\/p>\n<p>Apto para f\u00e1cil traslado<br \/>\nNaveg\u00e1 r\u00e1pidamente por documentos y p\u00e1ginas web gracias su dise\u00f1o ultra delgado, ergon\u00f3mico, liviano y conveniente para llevar a donde quieras o viajar.<\/p>\n","protected":false},"excerpt":{"rendered":"<ul class=\"ui-vpp-highlighted-specs__features-list\">\n<li class=\"ui-vpp-highlighted-specs__features-list-item ui-pdp-color--BLACK ui-pdp-size--XSMALL ui-pdp-family--REGULAR\">Contiene usb inal\u00e1mbrico.<\/li>\n<li class=\"ui-vpp-highlighted-specs__features-list-item ui-pdp-color--BLACK ui-pdp-size--XSMALL ui-pdp-family--REGULAR\">Posee rueda de desplazamiento.<\/li>\n<li class=\"ui-vpp-highlighted-specs__features-list-item ui-pdp-color--BLACK ui-pdp-size--XSMALL ui-pdp-family--REGULAR\">Cuenta con 3 botones para un mayor control.<\/li>\n<li class=\"ui-vpp-highlighted-specs__features-list-item ui-pdp-color--BLACK ui-pdp-size--XSMALL ui-pdp-family--REGULAR\">Resoluci\u00f3n de 1200dpi.<\/li>\n<li class=\"ui-vpp-highlighted-specs__features-list-item ui-pdp-color--BLACK ui-pdp-size--XSMALL ui-pdp-family--REGULAR\">Creado para llevar a todas partes.<\/li>\n<li class=\"ui-vpp-highlighted-specs__features-list-item ui-pdp-color--BLACK ui-pdp-size--XSMALL ui-pdp-family--REGULAR\">Control inteligente y navegaci\u00f3n f\u00e1cil.<\/li>\n<\/ul>\n","protected":false},"featured_media":9450,"comment_status":"open","ping_status":"closed","template":"","meta":[],"pwb-brand":[109],"product_cat":[66,116,90],"product_tag":[175],"class_list":{"0":"post-9449","1":"product","2":"type-product","3":"status-publish","4":"has-post-thumbnail","6":"pwb-brand-genius","7":"product_cat-computacion","8":"product_cat-mouses","9":"product_cat-perifericos","10":"product_tag-vuelta_a_clases","12":"first","13":"instock","14":"shipping-taxable","15":"purchasable","16":"product-type-simple"},"brands":[{"id":109,"name":"Genius","slug":"genius"}],"_links":{"self":[{"href":"https:\/\/aptecnologia.com.ar\/new\/wp-json\/wp\/v2\/product\/9449","targetHints":{"allow":["GET"]}}],"collection":[{"href":"https:\/\/aptecnologia.com.ar\/new\/wp-json\/wp\/v2\/product"}],"about":[{"href":"https:\/\/aptecnologia.com.ar\/new\/wp-json\/wp\/v2\/types\/product"}],"replies":[{"embeddable":true,"href":"https:\/\/aptecnologia.com.ar\/new\/wp-json\/wp\/v2\/comments?post=9449"}],"version-history":[{"count":0,"href":"https:\/\/aptecnologia.com.ar\/new\/wp-json\/wp\/v2\/product\/9449\/revisions"}],"wp:featuredmedia":[{"embeddable":true,"href":"https:\/\/aptecnologia.com.ar\/new\/wp-json\/wp\/v2\/media\/9450"}],"wp:attachment":[{"href":"https:\/\/aptecnologia.com.ar\/new\/wp-json\/wp\/v2\/media?parent=9449"}],"wp:term":[{"taxonomy":"pwb-brand","embeddable":true,"href":"https:\/\/aptecnologia.com.ar\/new\/wp-json\/wp\/v2\/pwb-brand?post=9449"},{"taxonomy":"product_cat","embeddable":true,"href":"https:\/\/aptecnologia.com.ar\/new\/wp-json\/wp\/v2\/product_cat?post=9449"},{"taxonomy":"product_tag","embeddable":true,"href":"https:\/\/aptecnologia.com.ar\/new\/wp-json\/wp\/v2\/product_tag?post=9449"}],"curies":[{"name":"wp","href":"https:\/\/api.w.org\/{rel}","templated":true}]}}