{"id":9405,"date":"2021-12-13T21:22:37","date_gmt":"2021-12-13T21:22:37","guid":{"rendered":"https:\/\/aptecnologia.com.ar\/new\/?post_type=product&#038;p=9405"},"modified":"2023-07-25T11:00:58","modified_gmt":"2023-07-25T14:00:58","slug":"mother-a320m-s2h-gigabyte","status":"publish","type":"product","link":"https:\/\/aptecnologia.com.ar\/new\/productos\/mother-a320m-s2h-gigabyte\/","title":{"rendered":"Mother -A320M-S2H &#8211; GIGABYTE"},"content":{"rendered":"<p>Procesador AM4 Socket:<br \/>\nAMD Ryzen\u2122 processor<br \/>\nAMD 7th Generation A-series\/ Athlon\u2122 processor<br \/>\n(Por favor, acuda a \u00ablista de soporte de CPU\u00bb para m\u00e1s informaci\u00f3n.)<br \/>\nChipset<br \/>\nAMD A320<br \/>\nMemoria<br \/>\n2 x DDR4 DIMM sockets con soporte de hasta 32 GB de memoria del sistema<br \/>\nArquitectura de memoria Dual Channel<br \/>\nSupport for DDR4 3200(O.C.) \/ 2933(O.C.) \/ 2667* \/ 2400 \/ 2133 MHz memory modules<br \/>\n* Actual support may vary by CPU.<br \/>\nSoporte para m\u00f3dulos de memoria ECC Un-buffered UDIMM 1Rx8\/2Rx8 (operando en modo no-ECC)<br \/>\nSoporte para m\u00f3dulos de memoria non-ECC Un-buffered DIMM 1Rx8\/2Rx8<br \/>\nSoporte para m\u00f3dulos de memoria Extreme Memory Profile (XMP)<br \/>\n(Por favor dir\u00edjase a la \u00abLista de memorias soportadas\u00bb para m\u00e1s informaci\u00f3n.)<br \/>\nGr\u00e1fica Integrada Procesador gr\u00e1fico integrado:<br \/>\n1 x puerto D-Sub port, con capacidad para una resoluci\u00f3n m\u00e1xima de 1920&#215;1200@60 Hz<br \/>\n1 x DVI-D port, supporting a maximum resolution of 1920&#215;1200@60 Hz<br \/>\n* The DVI-D port does not support D-Sub connection by adapter.<br \/>\n1 x puerto HDMI, soportando una resoluci\u00f3n m\u00e1xima de 4096&#215;2160@24 Hz<br \/>\n* Soporta la versi\u00f3n HDMI 1.4.<br \/>\nM\u00e1ximo de memoria compartida de 2 GB<br \/>\n* Actual support may vary by CPU.<br \/>\nAudio<br \/>\nRealtek\u00ae ALC887 codec<br \/>\nAudio de alta definici\u00f3n<br \/>\n2\/4\/5.1\/7.1-canales<\/p>\n<p>* Para configurar el audio de 7.1-canales, tiene que usar el m\u00f3dulo de audio HD del panel frontal y habilitar la funci\u00f3n multi-channel en el controlador de audio.<br \/>\nSoporte para salida S \/ PDIF<br \/>\nLAN<br \/>\nChip Realtek\u00ae GbE LAN (10\/100\/1000 Mbit)<br \/>\nZ\u00f3calos de Expansi\u00f3n<br \/>\n1 x PCI Express x16, a x16 (PCIEx16)<br \/>\n(La ranura PCIEX16 cumple el est\u00e1ndar PCI Express 3.0.)<br \/>\n2 x ranuras PCI Express x1<\/p>\n<p>(Las ranuras PCI Express x1 cumplen con el est\u00e1ndar PCI Express 2.0.)<br \/>\n* Actual support may vary by CPU.<br \/>\nInterfaz de almacenamiento Chipset:<br \/>\n1 x M.2 connector (Socket 3, M key, type 2242\/2260\/2280\/22110 SATA and PCIe x4*\/x2 SSD support)<br \/>\n* Actual support may vary by CPU.<br \/>\n* Supports only M.2 SATA SSDs when using an AMD 7th Generation A-series or Athlon\u2122 processor.<br \/>\n4 x conector SATA 6Gb\/s<br \/>\nSoporta RAID 0, RAID 1, y RAID 10<br \/>\n* Refer to \u00ab1-7 Internal Connectors,\u00bb for the installation notices for the M.2 connector.<br \/>\nUSB Chipset:<br \/>\n2 x USB 3.1 Gen 1 ports (available through the internal USB header)<br \/>\n6 x puerto USB 2.0\/1.1 (2 puertos en el panel posterior, 4 puertos disponibles a trav\u00e9s de los conectores USB internos)<br \/>\nCPU:<br \/>\n4 x USB 3.1 Gen 1 ports on the back panel<br \/>\nConectores Internos E\/S<br \/>\n1 x conector de alimentaci\u00f3n principal ATX 24-pin<br \/>\n1 x conector de alimentaci\u00f3n ATX 12V 8-pin<br \/>\n4 x conectores SATA 6 Gb \/ s<br \/>\n1 x conector del ventilador de la CPU<br \/>\n1 x conector del ventilador del sistema<br \/>\n1 x conector del panel frontal<br \/>\n1 x conector de audio en el panel frontal<br \/>\n1 x conector S\/PDIF Out<br \/>\n1 x cabezal USB 3.1 Gen 1<br \/>\n2 x conectores USB 2.0\/1.1<br \/>\n1 x conector para altavoz<br \/>\n1 x conector de intrusi\u00f3n en el chasis<br \/>\n1 x Clear CMOS jumper<br \/>\n1 x Triple conector socket M.2<br \/>\n1 x Trusted Platform Module (TPM) header (2&#215;10 pin, for the GC-TPM2.0 module only)<br \/>\nLa funci\u00f3n TPM es opcional seg\u00fan las diferentes pol\u00edticas locales<br \/>\nPanel E\/S Trasero<br \/>\n1 x Puerto RJ-45<br \/>\n3 x jacks de audio (Line In, Line Out, Mic In)<br \/>\n1 x puerto D-Sub<br \/>\n1 x puerto de rat\u00f3n PS \/ 2<br \/>\n1 x puerto de Teclado PS \/ 2<br \/>\n2 x puerto USB 2.0\/1.1<br \/>\n4 x puertos USB 3.1 Gen 1<br \/>\n1 x puerto DVI-D<br \/>\n1 x HDMI<br \/>\nControlador E\/S<br \/>\nChip controlador E\/S iTE\u00ae<\/p>\n","protected":false},"excerpt":{"rendered":"<p>Plataforma: AMD<br \/>\nCapacidad m\u00e1xima soportada de la memoria RAM: 32 GB<br \/>\nChipset: AMD A320<br \/>\nSocket: AM4<br \/>\nRanuras de expansi\u00f3n: 1 x PCI Express x16 2 x ranuras PCI Express x1<br \/>\nCon procesador: No<br \/>\nCPU: AMD<br \/>\nAplicaciones: PC<br \/>\nTipo de memoria RAM: DDR4<\/p>\n","protected":false},"featured_media":9402,"comment_status":"open","ping_status":"closed","template":"","meta":[],"pwb-brand":[120],"product_cat":[66,96,91],"product_tag":[],"class_list":{"0":"post-9405","1":"product","2":"type-product","3":"status-publish","4":"has-post-thumbnail","6":"pwb-brand-gigabyte","7":"product_cat-computacion","8":"product_cat-mothers","9":"product_cat-componentes","11":"first","12":"outofstock","13":"shipping-taxable","14":"purchasable","15":"product-type-simple"},"brands":[{"id":120,"name":"Gigabyte","slug":"gigabyte"}],"_links":{"self":[{"href":"https:\/\/aptecnologia.com.ar\/new\/wp-json\/wp\/v2\/product\/9405","targetHints":{"allow":["GET"]}}],"collection":[{"href":"https:\/\/aptecnologia.com.ar\/new\/wp-json\/wp\/v2\/product"}],"about":[{"href":"https:\/\/aptecnologia.com.ar\/new\/wp-json\/wp\/v2\/types\/product"}],"replies":[{"embeddable":true,"href":"https:\/\/aptecnologia.com.ar\/new\/wp-json\/wp\/v2\/comments?post=9405"}],"version-history":[{"count":0,"href":"https:\/\/aptecnologia.com.ar\/new\/wp-json\/wp\/v2\/product\/9405\/revisions"}],"wp:featuredmedia":[{"embeddable":true,"href":"https:\/\/aptecnologia.com.ar\/new\/wp-json\/wp\/v2\/media\/9402"}],"wp:attachment":[{"href":"https:\/\/aptecnologia.com.ar\/new\/wp-json\/wp\/v2\/media?parent=9405"}],"wp:term":[{"taxonomy":"pwb-brand","embeddable":true,"href":"https:\/\/aptecnologia.com.ar\/new\/wp-json\/wp\/v2\/pwb-brand?post=9405"},{"taxonomy":"product_cat","embeddable":true,"href":"https:\/\/aptecnologia.com.ar\/new\/wp-json\/wp\/v2\/product_cat?post=9405"},{"taxonomy":"product_tag","embeddable":true,"href":"https:\/\/aptecnologia.com.ar\/new\/wp-json\/wp\/v2\/product_tag?post=9405"}],"curies":[{"name":"wp","href":"https:\/\/api.w.org\/{rel}","templated":true}]}}