{"id":9391,"date":"2021-12-13T20:28:20","date_gmt":"2021-12-13T20:28:20","guid":{"rendered":"https:\/\/aptecnologia.com.ar\/new\/?post_type=product&#038;p=9391"},"modified":"2022-03-17T14:49:28","modified_gmt":"2022-03-17T14:49:28","slug":"monitor-23-6-vga-enova","status":"publish","type":"product","link":"https:\/\/aptecnologia.com.ar\/new\/productos\/monitor-23-6-vga-enova\/","title":{"rendered":"Monitor 23.6&#8243; VGA &#8211; eNOVA"},"content":{"rendered":"<p>El monitor LED eNova de 23,8 pulgadas posee 2 entadas de se\u00f1al, una HDMI y otra VGA. A su vez, cuenta con una resoluci\u00f3n m\u00e1xima de 1920 x 1080 pixeles (FullHD), su frecuencia horizontal es de 30kHz-80kHz y la vertical es de 60Hz-75Hz. Posee un tama\u00f1o ideal para trabajar con varias ventanas gracias a su tama\u00f1o.<\/p>\n<p>Caracter\u00edsticas:<br \/>\nLas dimensiones son de 51 cm de ancho, 39,5 cm e alto y de 1,85 cm de espesor y su peso es de tan solo 3 kilos.<\/p>\n<p>Mayor \u00e1ngulo de visi\u00f3n:<br \/>\nEl \u00e1ngulo de visi\u00f3n de este monitor es de 178\u00b0 horizontal y 178\u00b0 vertical.<\/p>\n","protected":false},"excerpt":{"rendered":"<p>Tama\u00f1o de la pantalla: 23.8&#8243;<br \/>\nEs curvo: No<br \/>\nResoluci\u00f3n de la pantalla: 1920 px x 1080 px<br \/>\nFrecuencia de actualizaci\u00f3n recomendada: 60 Hz<\/p>\n","protected":false},"featured_media":9392,"comment_status":"open","ping_status":"closed","template":"","meta":[],"pwb-brand":[142],"product_cat":[66,81],"product_tag":[],"class_list":{"0":"post-9391","1":"product","2":"type-product","3":"status-publish","4":"has-post-thumbnail","6":"pwb-brand-enova","7":"product_cat-computacion","8":"product_cat-monitores","10":"first","11":"instock","12":"shipping-taxable","13":"purchasable","14":"product-type-simple"},"brands":[{"id":142,"name":"eNOVA","slug":"enova"}],"_links":{"self":[{"href":"https:\/\/aptecnologia.com.ar\/new\/wp-json\/wp\/v2\/product\/9391","targetHints":{"allow":["GET"]}}],"collection":[{"href":"https:\/\/aptecnologia.com.ar\/new\/wp-json\/wp\/v2\/product"}],"about":[{"href":"https:\/\/aptecnologia.com.ar\/new\/wp-json\/wp\/v2\/types\/product"}],"replies":[{"embeddable":true,"href":"https:\/\/aptecnologia.com.ar\/new\/wp-json\/wp\/v2\/comments?post=9391"}],"version-history":[{"count":0,"href":"https:\/\/aptecnologia.com.ar\/new\/wp-json\/wp\/v2\/product\/9391\/revisions"}],"wp:featuredmedia":[{"embeddable":true,"href":"https:\/\/aptecnologia.com.ar\/new\/wp-json\/wp\/v2\/media\/9392"}],"wp:attachment":[{"href":"https:\/\/aptecnologia.com.ar\/new\/wp-json\/wp\/v2\/media?parent=9391"}],"wp:term":[{"taxonomy":"pwb-brand","embeddable":true,"href":"https:\/\/aptecnologia.com.ar\/new\/wp-json\/wp\/v2\/pwb-brand?post=9391"},{"taxonomy":"product_cat","embeddable":true,"href":"https:\/\/aptecnologia.com.ar\/new\/wp-json\/wp\/v2\/product_cat?post=9391"},{"taxonomy":"product_tag","embeddable":true,"href":"https:\/\/aptecnologia.com.ar\/new\/wp-json\/wp\/v2\/product_tag?post=9391"}],"curies":[{"name":"wp","href":"https:\/\/api.w.org\/{rel}","templated":true}]}}