{"id":9388,"date":"2021-12-10T00:08:21","date_gmt":"2021-12-10T00:08:21","guid":{"rendered":"https:\/\/aptecnologia.com.ar\/new\/?post_type=product&#038;p=9388"},"modified":"2023-05-03T13:55:29","modified_gmt":"2023-05-03T16:55:29","slug":"monitor-22-hdmi-vga-vesa-philips","status":"publish","type":"product","link":"https:\/\/aptecnologia.com.ar\/new\/productos\/monitor-22-hdmi-vga-vesa-philips\/","title":{"rendered":"Monitor 21.5&#8243; HDMI\/VGA Vesa &#8211; PHILIPS"},"content":{"rendered":"<p>Disfrut\u00e1 de todas las cualidades que el monitor Philips 223V5LHSB2 tiene para ofrecerte. Percib\u00ed las im\u00e1genes de una manera completamente diferente y complementa cualquier espacio ya sea en tu casa u oficina.<\/p>\n<p>Un monitor a tu medida<br \/>\nGracias a su pantalla LCD, disfrut\u00e1 de gr\u00e1ficas con colores vivos y atractivos.<\/p>\n<p>Una experiencia visual de calidad<br \/>\nEste monitor de 21.5&#8243; te va a resultar de gran comodidad para estudiar, trabajar o ver una pel\u00edcula en tus tiempos de ocio. Asimismo, su resoluci\u00f3n de 1920 x 1080 te permite disfrutar de momentos \u00fanicos gracias a una imagen con gran nitidez. Por \u00faltimo, su tiempo de respuesta de 5 ms lo hace ideal para gamers y cin\u00e9filos porque es capaz de mostrar im\u00e1genes en movimiento sin halos o bordes borrosos.<\/p>\n","protected":false},"excerpt":{"rendered":"<ul>\n<li>Tama\u00f1o de la pantalla: 21.5 \u00ab<\/li>\n<li>Es curvo: No<\/li>\n<li>Con altavoces incorporados: S\u00ed<\/li>\n<li>Tipo de resoluci\u00f3n: HD<\/li>\n<li>Es reclinable: S\u00ed<\/li>\n<li>Resoluci\u00f3n de la pantalla: 1920 px x 1080 px<\/li>\n<li>Frecuencia de actualizaci\u00f3n recomendada: 60 Hz<\/li>\n<li>Es antirreflejo: S\u00ed<\/li>\n<li>Relaci\u00f3n de aspecto: 16:9<\/li>\n<\/ul>\n","protected":false},"featured_media":9389,"comment_status":"open","ping_status":"closed","template":"","meta":[],"pwb-brand":[117],"product_cat":[66,81],"product_tag":[],"class_list":{"0":"post-9388","1":"product","2":"type-product","3":"status-publish","4":"has-post-thumbnail","6":"pwb-brand-philips","7":"product_cat-computacion","8":"product_cat-monitores","10":"first","11":"instock","12":"shipping-taxable","13":"purchasable","14":"product-type-simple"},"brands":[{"id":117,"name":"Philips","slug":"philips"}],"_links":{"self":[{"href":"https:\/\/aptecnologia.com.ar\/new\/wp-json\/wp\/v2\/product\/9388","targetHints":{"allow":["GET"]}}],"collection":[{"href":"https:\/\/aptecnologia.com.ar\/new\/wp-json\/wp\/v2\/product"}],"about":[{"href":"https:\/\/aptecnologia.com.ar\/new\/wp-json\/wp\/v2\/types\/product"}],"replies":[{"embeddable":true,"href":"https:\/\/aptecnologia.com.ar\/new\/wp-json\/wp\/v2\/comments?post=9388"}],"version-history":[{"count":0,"href":"https:\/\/aptecnologia.com.ar\/new\/wp-json\/wp\/v2\/product\/9388\/revisions"}],"wp:featuredmedia":[{"embeddable":true,"href":"https:\/\/aptecnologia.com.ar\/new\/wp-json\/wp\/v2\/media\/9389"}],"wp:attachment":[{"href":"https:\/\/aptecnologia.com.ar\/new\/wp-json\/wp\/v2\/media?parent=9388"}],"wp:term":[{"taxonomy":"pwb-brand","embeddable":true,"href":"https:\/\/aptecnologia.com.ar\/new\/wp-json\/wp\/v2\/pwb-brand?post=9388"},{"taxonomy":"product_cat","embeddable":true,"href":"https:\/\/aptecnologia.com.ar\/new\/wp-json\/wp\/v2\/product_cat?post=9388"},{"taxonomy":"product_tag","embeddable":true,"href":"https:\/\/aptecnologia.com.ar\/new\/wp-json\/wp\/v2\/product_tag?post=9388"}],"curies":[{"name":"wp","href":"https:\/\/api.w.org\/{rel}","templated":true}]}}