{"id":9384,"date":"2021-12-09T23:46:53","date_gmt":"2021-12-10T02:46:53","guid":{"rendered":"https:\/\/aptecnologia.com.ar\/new\/?post_type=product&#038;p=9384"},"modified":"2023-05-07T23:45:08","modified_gmt":"2023-05-08T02:45:08","slug":"monitor-22-hdmi-1080p-home-westinghouse","status":"publish","type":"product","link":"https:\/\/aptecnologia.com.ar\/new\/productos\/monitor-22-hdmi-1080p-home-westinghouse\/","title":{"rendered":"Monitor 22&#8243; HDMI 1080P Home &#8211; WESTINGHOUSE"},"content":{"rendered":"<p>Alta definici\u00f3n (HD).<br \/>\nDisfruta de tu entretenimiento con reducci\u00f3n de movimiento y una imagen n\u00edtida.<\/p>\n<p>Dise\u00f1o de bisel delgado: dise\u00f1o elegante para mejorar tu espacio de trabajo junto con proporcionar una experiencia de visualizaci\u00f3n sin interrupciones.<\/p>\n<p>Pantalla de inclinaci\u00f3n: ajusta f\u00e1cilmente el \u00e1ngulo para adaptarse a tu preferencia de posici\u00f3n y comodidad.<\/p>\n<p>Tecnolog\u00eda EyeRest &#8211; Reduce la fatiga ocular o fatiga de largos per\u00edodos de visualizaci\u00f3n con tecnolog\u00edas EyeRest \u2013 Antideslumbrante, baja luz azul y sin parpadeo.<\/p>\n<p>Conectividad HDMI y VGA \u2013 Conectividad para Full alta definici\u00f3n o uso tradicional de PC.<\/p>\n<p>Ideal para largas horas frente a la pantalla, ya sea trabajando o jugando<\/p>\n<p>Especificaciones :<\/p>\n<p>Tama\u00f1o de pantalla : 22 \u201c<br \/>\nRelaci\u00f3n de aspecto : 16: 9<br \/>\nBrillo : 220 250 cd m2<br \/>\nColores de pantalla : 16,7 millones<br \/>\nFrecuencia de actualizaci\u00f3n : 60 Hz<br \/>\nResoluci\u00f3n : Full HD 1920 x 1080<br \/>\nAngulo de visi\u00f3n : 178 \u00b0 (H) x 178 \u00b0 (V) (CR 10)<br \/>\n\u00c1rea de pantalla activa : 521,28 x 293,22 mil\u00edmetros<br \/>\nRelaci\u00f3n de contraste : (din\u00e1mico) 2.000.000: 1<br \/>\nRelaci\u00f3n de contraste : (est\u00e1tico) 3000: 1<\/p>\n","protected":false},"excerpt":{"rendered":"<p>Tama\u00f1o de la pantalla: 22&#8243;<\/p>\n<p>Tipo de pantalla: LED<\/p>\n<p>Tipo de resoluci\u00f3n: Full HD<\/p>\n<p>Frecuencia de actualizaci\u00f3n recomendada: 60 Hz<\/p>\n<p>Conexiones del monitor: HDMI,VGA<\/p>\n","protected":false},"featured_media":9385,"comment_status":"open","ping_status":"closed","template":"","meta":[],"pwb-brand":[141],"product_cat":[66,81],"product_tag":[],"class_list":{"0":"post-9384","1":"product","2":"type-product","3":"status-publish","4":"has-post-thumbnail","6":"pwb-brand-westinghouse","7":"product_cat-computacion","8":"product_cat-monitores","10":"first","11":"instock","12":"shipping-taxable","13":"purchasable","14":"product-type-simple"},"brands":[{"id":141,"name":"Westinghouse","slug":"westinghouse"}],"_links":{"self":[{"href":"https:\/\/aptecnologia.com.ar\/new\/wp-json\/wp\/v2\/product\/9384","targetHints":{"allow":["GET"]}}],"collection":[{"href":"https:\/\/aptecnologia.com.ar\/new\/wp-json\/wp\/v2\/product"}],"about":[{"href":"https:\/\/aptecnologia.com.ar\/new\/wp-json\/wp\/v2\/types\/product"}],"replies":[{"embeddable":true,"href":"https:\/\/aptecnologia.com.ar\/new\/wp-json\/wp\/v2\/comments?post=9384"}],"version-history":[{"count":0,"href":"https:\/\/aptecnologia.com.ar\/new\/wp-json\/wp\/v2\/product\/9384\/revisions"}],"wp:featuredmedia":[{"embeddable":true,"href":"https:\/\/aptecnologia.com.ar\/new\/wp-json\/wp\/v2\/media\/9385"}],"wp:attachment":[{"href":"https:\/\/aptecnologia.com.ar\/new\/wp-json\/wp\/v2\/media?parent=9384"}],"wp:term":[{"taxonomy":"pwb-brand","embeddable":true,"href":"https:\/\/aptecnologia.com.ar\/new\/wp-json\/wp\/v2\/pwb-brand?post=9384"},{"taxonomy":"product_cat","embeddable":true,"href":"https:\/\/aptecnologia.com.ar\/new\/wp-json\/wp\/v2\/product_cat?post=9384"},{"taxonomy":"product_tag","embeddable":true,"href":"https:\/\/aptecnologia.com.ar\/new\/wp-json\/wp\/v2\/product_tag?post=9384"}],"curies":[{"name":"wp","href":"https:\/\/api.w.org\/{rel}","templated":true}]}}