{"id":9380,"date":"2021-12-09T23:37:37","date_gmt":"2021-12-09T23:37:37","guid":{"rendered":"https:\/\/aptecnologia.com.ar\/new\/?post_type=product&#038;p=9380"},"modified":"2023-05-02T15:45:44","modified_gmt":"2023-05-02T18:45:44","slug":"monitor-18-5-193v5lhb2-55-hdmi-philips","status":"publish","type":"product","link":"https:\/\/aptecnologia.com.ar\/new\/productos\/monitor-18-5-193v5lhb2-55-hdmi-philips\/","title":{"rendered":"Monitor 18.5 193V5LHB2\/55 HDMI &#8211; PHILIPS"},"content":{"rendered":"<p>\u2022 HDMI READY PARA ENTRETENIMIENTO<br \/>\nTiene todo el hardware necesario para admitir una entrada de interfaz multimedia de alta definici\u00f3n HDMI y permitir la transmisi\u00f3n de audio y video digital.<\/p>\n<p>\u2022 TECNOLOG\u00cdA LED PARA COLORES M\u00c1S N\u00cdTIDOS<br \/>\nLa tecnolog\u00eda LED permite un mayor control de la retroiluminaci\u00f3n que el LCD, lo que da como resultado una alta relaci\u00f3n de contraste y color superior.<\/p>\n<p>\u2022 F\u00c1CIL AJUSTE DE RENDIMIENTO CON SMARTCONTROL LITE<br \/>\nSmartControl Lite es un software de \u00faltima generaci\u00f3n que permite controlar el color, brillo, calibraci\u00f3n, multimedia, administraci\u00f3n de ID y m\u00e1s.<\/p>\n<p>\u2022 PANTALLA ECOL\u00d3GICA SIN MERCURIO<br \/>\nNo contienen mercurio, reduciendo el impacto medioambiental de la pantalla durante su vida \u00fatil, desde la fabricaci\u00f3n hasta el desecho.<\/p>\n<p>&#8211; Pantalla: WLED TN de 18,5&#8243; (47 cm) HD (1366 x 768 px)<br \/>\n&#8211; \u00c1rea de visualizaci\u00f3n efectiva: 409,8 x 230,4 mm<br \/>\n&#8211; Tama\u00f1o de p\u00edxeles: 0,30 x 0,30 mm<br \/>\n&#8211; Relaci\u00f3n de aspecto: 16:9<br \/>\n&#8211; Brillo: 200 cd\/m\u00b2<br \/>\n&#8211; Relaci\u00f3n de contraste (est\u00e1ndar): 700:1<br \/>\n&#8211; Colores de pantalla: 16,7 M<br \/>\n&#8211; Frecuencia de refresco: 60 Hz<br \/>\n&#8211; Tiempo de respuesta (est\u00e1ndar): 5 ms<br \/>\n&#8211; \u00c1ngulo de visualizaci\u00f3n: 90\u00ba (alto) \/ 65\u00ba (ancho) a C\/R &gt; 10<br \/>\n&#8211; Puertos:<br \/>\n&#8212; 1 x VGA D-Sub (anal\u00f3gica)<br \/>\n&#8212; 1 x HDMI (digital, HDCP)<br \/>\n&#8211; Caracter\u00edsticas:<br \/>\n&#8212; Sincronizaci\u00f3n separada<br \/>\n&#8212; Sync on Green<br \/>\n&#8211; Alimentaci\u00f3n: 100 &#8211; 240 V \/ 50\/60Hz (fuente integrada)<br \/>\n&#8211; Consumo de energ\u00eda:<br \/>\n&#8212; Encendido: 15,24 W (t\u00edpico) \/ 17,65 W (m\u00e1ximo)<br \/>\n&#8212; En espera: 0,5 W<br \/>\n&#8212; Apagado: 0,5 W<br \/>\n&#8211; Seguridad: Ranura para candado Kensington<br \/>\n&#8211; Ajustes de visi\u00f3n: Inclinaci\u00f3n -3 a +10\u00b0<br \/>\n&#8211; Compatibilidad VESA: S\u00ed, 100 x 100 mm<br \/>\n&#8211; Dimensiones:<br \/>\n&#8212; Con soporte: 437 x 338 x 170 mm<br \/>\n&#8212; Sin soporte: 437 x 273 x 48 mm<br \/>\n&#8212; Embalaje: 481 x 350 x 103 mm<br \/>\n&#8211; Peso:<br \/>\n&#8212; Con soporte: 2,15 kg<br \/>\n&#8212; Sin soporte: 1,94 kg<br \/>\n&#8212; Embalaje: 3 kg<\/p>\n","protected":false},"excerpt":{"rendered":"<p>Tama\u00f1o de la pantalla: 18.5 \u00bb<br \/>\nEs curvo: No<br \/>\nTipo de resoluci\u00f3n: HD<br \/>\nEs reclinable: S\u00ed<br \/>\nResoluci\u00f3n de la pantalla: 1366 px x 768 px<br \/>\nFrecuencia m\u00e1xima de actualizaci\u00f3n: 60 Hz<\/p>\n","protected":false},"featured_media":9381,"comment_status":"open","ping_status":"closed","template":"","meta":[],"pwb-brand":[117],"product_cat":[66,81],"product_tag":[],"class_list":{"0":"post-9380","1":"product","2":"type-product","3":"status-publish","4":"has-post-thumbnail","6":"pwb-brand-philips","7":"product_cat-computacion","8":"product_cat-monitores","10":"first","11":"instock","12":"shipping-taxable","13":"purchasable","14":"product-type-simple"},"brands":[{"id":117,"name":"Philips","slug":"philips"}],"_links":{"self":[{"href":"https:\/\/aptecnologia.com.ar\/new\/wp-json\/wp\/v2\/product\/9380","targetHints":{"allow":["GET"]}}],"collection":[{"href":"https:\/\/aptecnologia.com.ar\/new\/wp-json\/wp\/v2\/product"}],"about":[{"href":"https:\/\/aptecnologia.com.ar\/new\/wp-json\/wp\/v2\/types\/product"}],"replies":[{"embeddable":true,"href":"https:\/\/aptecnologia.com.ar\/new\/wp-json\/wp\/v2\/comments?post=9380"}],"version-history":[{"count":0,"href":"https:\/\/aptecnologia.com.ar\/new\/wp-json\/wp\/v2\/product\/9380\/revisions"}],"wp:featuredmedia":[{"embeddable":true,"href":"https:\/\/aptecnologia.com.ar\/new\/wp-json\/wp\/v2\/media\/9381"}],"wp:attachment":[{"href":"https:\/\/aptecnologia.com.ar\/new\/wp-json\/wp\/v2\/media?parent=9380"}],"wp:term":[{"taxonomy":"pwb-brand","embeddable":true,"href":"https:\/\/aptecnologia.com.ar\/new\/wp-json\/wp\/v2\/pwb-brand?post=9380"},{"taxonomy":"product_cat","embeddable":true,"href":"https:\/\/aptecnologia.com.ar\/new\/wp-json\/wp\/v2\/product_cat?post=9380"},{"taxonomy":"product_tag","embeddable":true,"href":"https:\/\/aptecnologia.com.ar\/new\/wp-json\/wp\/v2\/product_tag?post=9380"}],"curies":[{"name":"wp","href":"https:\/\/api.w.org\/{rel}","templated":true}]}}