{"id":9364,"date":"2021-12-09T16:43:51","date_gmt":"2021-12-09T16:43:51","guid":{"rendered":"https:\/\/aptecnologia.com.ar\/new\/?post_type=product&#038;p=9364"},"modified":"2023-05-08T12:41:04","modified_gmt":"2023-05-08T15:41:04","slug":"mochila-ccam-2126-negra-case-logic","status":"publish","type":"product","link":"https:\/\/aptecnologia.com.ar\/new\/productos\/mochila-ccam-2126-negra-case-logic\/","title":{"rendered":"Mochila CCAM-2126 Negra &#8211; CASE LOGIC"},"content":{"rendered":"<p>Mochila vers\u00e1til de 26 litros construida con materiales de primera calidad y opciones de colores frescos.<br \/>\nIdeal para la vuelta a clases! Back to school &#8211; Vuelta al cole.<\/p>\n<p>CARACTER\u00cdSTICAS<br \/>\n&#8211; Hecho para que dure gracias al material tejido de primera calidad con base de poli\u00e9ster acolchada resistente de 1200D.<br \/>\n&#8211; Las correas para los hombros moldeadas y un panel posterior totalmente acolchado garantizan un transporte c\u00f3modo.<br \/>\n&#8211; Bolsillo lateral amplio que permite guardar una botella de agua u otros art\u00edculos peque\u00f1os de manera conveniente.<br \/>\n&#8211; El bolsillo frontal de acceso r\u00e1pido proporciona bolsillos para art\u00edculos electr\u00f3nicos peque\u00f1os y l\u00e1pices, adem\u00e1s de brindar espacio para accesorios peque\u00f1os.<br \/>\n&#8211; Un compartimento principal amplio dise\u00f1ado para guardar libros y carpetas.<br \/>\n&#8211; Manija de tela tejida que sujeta y transporta f\u00e1cilmente.<br \/>\n&#8211; La solapa para lluvia cubre la cremallera del compartimento principal para proteger las pertenencias.<\/p>\n","protected":false},"excerpt":{"rendered":"<p>G\u00e9nero: Sin g\u00e9nero<br \/>\nMaterial: Nailon<br \/>\nAltura x Ancho x Profundidad: 46 cm x 32 cm x 29 cm<br \/>\nTipo de mochila: Urbana<br \/>\nCon compartimento para notebook: S\u00ed<br \/>\nCon ruedas: No<br \/>\nEs reforzada: S\u00ed<\/p>\n","protected":false},"featured_media":9357,"comment_status":"open","ping_status":"closed","template":"","meta":[],"pwb-brand":[140],"product_cat":[139,138],"product_tag":[216],"class_list":{"0":"post-9364","1":"product","2":"type-product","3":"status-publish","4":"has-post-thumbnail","6":"pwb-brand-case-logic","7":"product_cat-mochilas-bolsos","8":"product_cat-office","9":"product_tag-diadelamigo","11":"first","12":"instock","13":"shipping-taxable","14":"purchasable","15":"product-type-simple"},"brands":[{"id":140,"name":"Case Logic","slug":"case-logic"}],"_links":{"self":[{"href":"https:\/\/aptecnologia.com.ar\/new\/wp-json\/wp\/v2\/product\/9364","targetHints":{"allow":["GET"]}}],"collection":[{"href":"https:\/\/aptecnologia.com.ar\/new\/wp-json\/wp\/v2\/product"}],"about":[{"href":"https:\/\/aptecnologia.com.ar\/new\/wp-json\/wp\/v2\/types\/product"}],"replies":[{"embeddable":true,"href":"https:\/\/aptecnologia.com.ar\/new\/wp-json\/wp\/v2\/comments?post=9364"}],"version-history":[{"count":0,"href":"https:\/\/aptecnologia.com.ar\/new\/wp-json\/wp\/v2\/product\/9364\/revisions"}],"wp:featuredmedia":[{"embeddable":true,"href":"https:\/\/aptecnologia.com.ar\/new\/wp-json\/wp\/v2\/media\/9357"}],"wp:attachment":[{"href":"https:\/\/aptecnologia.com.ar\/new\/wp-json\/wp\/v2\/media?parent=9364"}],"wp:term":[{"taxonomy":"pwb-brand","embeddable":true,"href":"https:\/\/aptecnologia.com.ar\/new\/wp-json\/wp\/v2\/pwb-brand?post=9364"},{"taxonomy":"product_cat","embeddable":true,"href":"https:\/\/aptecnologia.com.ar\/new\/wp-json\/wp\/v2\/product_cat?post=9364"},{"taxonomy":"product_tag","embeddable":true,"href":"https:\/\/aptecnologia.com.ar\/new\/wp-json\/wp\/v2\/product_tag?post=9364"}],"curies":[{"name":"wp","href":"https:\/\/api.w.org\/{rel}","templated":true}]}}