{"id":9356,"date":"2021-12-09T15:02:42","date_gmt":"2021-12-09T15:02:42","guid":{"rendered":"https:\/\/aptecnologia.com.ar\/new\/productos\/mochila-ccam-1116-dress-blue-case-logic-copy\/"},"modified":"2022-07-12T12:46:16","modified_gmt":"2022-07-12T12:46:16","slug":"mochila-ccam-1116-trelles-case-logic","status":"publish","type":"product","link":"https:\/\/aptecnologia.com.ar\/new\/productos\/mochila-ccam-1116-trelles-case-logic\/","title":{"rendered":"Mochila CCAM-1116 Trelles &#8211; CASE LOGIC"},"content":{"rendered":"<p>Mochicla para notebook de hasta 15.6 pulgadas. Las correas para los hombros moldeadas y un panel posterior totalmente acolchado garantizan un transporte c\u00f3modo y una proteccion para la notebook. El bolsillo lateral de malla puede guardar una botella de agua de manera conveniente. El bolsillo frontal de acceso r\u00e1pido proporciona bolsillos para art\u00edculos electr\u00f3nicos peque\u00f1os y l\u00e1pices, adem\u00e1s de brindar espacio para accesorios peque\u00f1os. Un compartimento principal amplio dise\u00f1ado para guardar libros y carpetas. Base de poli\u00e9ster 1200D resistente y acolchada. La solapa para lluvia cubre la cremallera del compartimento principal para proteger las pertenencias. Color azul, con camuflado azul y detalle en marron claro.<\/p>\n","protected":false},"excerpt":{"rendered":"<p>G\u00e9nero: Sin g\u00e9nero<br \/>\nMaterial: Poli\u00e9ster<br \/>\nTipo de mochila: Urbana<br \/>\nCon compartimento para notebook: S\u00ed<br \/>\nCon ruedas: No<\/p>\n","protected":false},"featured_media":9358,"comment_status":"open","ping_status":"closed","template":"","meta":[],"pwb-brand":[140],"product_cat":[139,138],"product_tag":[216],"class_list":{"0":"post-9356","1":"product","2":"type-product","3":"status-publish","4":"has-post-thumbnail","6":"pwb-brand-case-logic","7":"product_cat-mochilas-bolsos","8":"product_cat-office","9":"product_tag-diadelamigo","11":"first","12":"instock","13":"shipping-taxable","14":"purchasable","15":"product-type-simple"},"brands":[{"id":140,"name":"Case Logic","slug":"case-logic"}],"_links":{"self":[{"href":"https:\/\/aptecnologia.com.ar\/new\/wp-json\/wp\/v2\/product\/9356","targetHints":{"allow":["GET"]}}],"collection":[{"href":"https:\/\/aptecnologia.com.ar\/new\/wp-json\/wp\/v2\/product"}],"about":[{"href":"https:\/\/aptecnologia.com.ar\/new\/wp-json\/wp\/v2\/types\/product"}],"replies":[{"embeddable":true,"href":"https:\/\/aptecnologia.com.ar\/new\/wp-json\/wp\/v2\/comments?post=9356"}],"version-history":[{"count":0,"href":"https:\/\/aptecnologia.com.ar\/new\/wp-json\/wp\/v2\/product\/9356\/revisions"}],"wp:featuredmedia":[{"embeddable":true,"href":"https:\/\/aptecnologia.com.ar\/new\/wp-json\/wp\/v2\/media\/9358"}],"wp:attachment":[{"href":"https:\/\/aptecnologia.com.ar\/new\/wp-json\/wp\/v2\/media?parent=9356"}],"wp:term":[{"taxonomy":"pwb-brand","embeddable":true,"href":"https:\/\/aptecnologia.com.ar\/new\/wp-json\/wp\/v2\/pwb-brand?post=9356"},{"taxonomy":"product_cat","embeddable":true,"href":"https:\/\/aptecnologia.com.ar\/new\/wp-json\/wp\/v2\/product_cat?post=9356"},{"taxonomy":"product_tag","embeddable":true,"href":"https:\/\/aptecnologia.com.ar\/new\/wp-json\/wp\/v2\/product_tag?post=9356"}],"curies":[{"name":"wp","href":"https:\/\/api.w.org\/{rel}","templated":true}]}}