{"id":9351,"date":"2021-12-09T14:42:39","date_gmt":"2021-12-09T14:42:39","guid":{"rendered":"https:\/\/aptecnologia.com.ar\/new\/?post_type=product&#038;p=9351"},"modified":"2022-04-26T19:35:44","modified_gmt":"2022-04-26T19:35:44","slug":"procesador-gamer-ryzen-5-5600x-amd","status":"publish","type":"product","link":"https:\/\/aptecnologia.com.ar\/new\/productos\/procesador-gamer-ryzen-5-5600x-amd\/","title":{"rendered":"Procesador Gamer Ryzen 5 5600X &#8211; AMD"},"content":{"rendered":"<p>Clave en el rendimiento de tu computadora de escritorio, ya no ten\u00e9s que pensar en c\u00f3mo distribuir el tiempo y acciones porque ahora las tareas en simult\u00e1neo son posibles.<br \/>\nAMD cuenta con un cat\u00e1logo de productos que se adaptan a los requerimientos de todo tipo de usuarios: juegos en l\u00ednea, edici\u00f3n a gran escala, contenido en m\u00faltiples plataformas y m\u00e1s.<\/p>\n<p>En este producto, encontrar\u00e1s los cores, que son los encargados de ejecutar las instrucciones y actividades que le asign\u00e1s a tu dispositivo. Estos tienen relaci\u00f3n directa con dos elementos: los hilos y el modelo. Por lo tanto, a la hora de elegir un procesador, es importante que valores los tres en su conjunto.<\/p>\n<p>M\u00e1xima potencia<br \/>\nAl estar desbloqueado, podr\u00e1s realizar overclocking y as\u00ed aumentar la frecuencia de funcionamiento y optimizar el rendimiento de tu equipo. Personalizalo a tu gusto y disfrut\u00e1 de tus videojuegos o hac\u00e9 que la renderizaci\u00f3n de im\u00e1genes sea m\u00e1s \u00e1gil. \u00a1Descubr\u00ed el abanico de posibilidades que esta funci\u00f3n te ofrece!<\/p>\n","protected":false},"excerpt":{"rendered":"<ul class=\"ui-vpp-highlighted-specs__features-list\">\n<li class=\"ui-vpp-highlighted-specs__features-list-item ui-pdp-color--BLACK ui-pdp-size--XSMALL ui-pdp-family--REGULAR\">Es ideal para jugadores y creadores de contenido que requieran un instrumento de gran ejecuci\u00f3n.<\/li>\n<li class=\"ui-vpp-highlighted-specs__features-list-item ui-pdp-color--BLACK ui-pdp-size--XSMALL ui-pdp-family--REGULAR\">Memoria cach\u00e9 de 32 MB, r\u00e1pida y vol\u00e1til.<\/li>\n<li class=\"ui-vpp-highlighted-specs__features-list-item ui-pdp-color--BLACK ui-pdp-size--XSMALL ui-pdp-family--REGULAR\">Soporta memoria RAM DDR4.<\/li>\n<li class=\"ui-vpp-highlighted-specs__features-list-item ui-pdp-color--BLACK ui-pdp-size--XSMALL ui-pdp-family--REGULAR\">Su potencia es de 65 W.<\/li>\n<li class=\"ui-vpp-highlighted-specs__features-list-item ui-pdp-color--BLACK ui-pdp-size--XSMALL ui-pdp-family--REGULAR\">Cuenta con 12 hilos que favorecen la ejecuci\u00f3n de m\u00faltiples programas a la vez.<\/li>\n<li class=\"ui-vpp-highlighted-specs__features-list-item ui-pdp-color--BLACK ui-pdp-size--XSMALL ui-pdp-family--REGULAR\">Incluye air cooler.<\/li>\n<li class=\"ui-vpp-highlighted-specs__features-list-item ui-pdp-color--BLACK ui-pdp-size--XSMALL ui-pdp-family--REGULAR\">Producto en empaque original.<\/li>\n<li class=\"ui-vpp-highlighted-specs__features-list-item ui-pdp-color--BLACK ui-pdp-size--XSMALL ui-pdp-family--REGULAR\">Procesador innovador desarrollado bajo altos est\u00e1ndares de calidad.<\/li>\n<\/ul>\n","protected":false},"featured_media":9353,"comment_status":"open","ping_status":"closed","template":"","meta":[],"pwb-brand":[137],"product_cat":[66,97,91],"product_tag":[],"class_list":{"0":"post-9351","1":"product","2":"type-product","3":"status-publish","4":"has-post-thumbnail","6":"pwb-brand-amd","7":"product_cat-computacion","8":"product_cat-micros","9":"product_cat-componentes","11":"first","12":"outofstock","13":"shipping-taxable","14":"purchasable","15":"product-type-simple"},"brands":[{"id":137,"name":"AMD","slug":"amd"}],"_links":{"self":[{"href":"https:\/\/aptecnologia.com.ar\/new\/wp-json\/wp\/v2\/product\/9351","targetHints":{"allow":["GET"]}}],"collection":[{"href":"https:\/\/aptecnologia.com.ar\/new\/wp-json\/wp\/v2\/product"}],"about":[{"href":"https:\/\/aptecnologia.com.ar\/new\/wp-json\/wp\/v2\/types\/product"}],"replies":[{"embeddable":true,"href":"https:\/\/aptecnologia.com.ar\/new\/wp-json\/wp\/v2\/comments?post=9351"}],"version-history":[{"count":0,"href":"https:\/\/aptecnologia.com.ar\/new\/wp-json\/wp\/v2\/product\/9351\/revisions"}],"wp:featuredmedia":[{"embeddable":true,"href":"https:\/\/aptecnologia.com.ar\/new\/wp-json\/wp\/v2\/media\/9353"}],"wp:attachment":[{"href":"https:\/\/aptecnologia.com.ar\/new\/wp-json\/wp\/v2\/media?parent=9351"}],"wp:term":[{"taxonomy":"pwb-brand","embeddable":true,"href":"https:\/\/aptecnologia.com.ar\/new\/wp-json\/wp\/v2\/pwb-brand?post=9351"},{"taxonomy":"product_cat","embeddable":true,"href":"https:\/\/aptecnologia.com.ar\/new\/wp-json\/wp\/v2\/product_cat?post=9351"},{"taxonomy":"product_tag","embeddable":true,"href":"https:\/\/aptecnologia.com.ar\/new\/wp-json\/wp\/v2\/product_tag?post=9351"}],"curies":[{"name":"wp","href":"https:\/\/api.w.org\/{rel}","templated":true}]}}