{"id":9348,"date":"2021-12-08T18:44:06","date_gmt":"2021-12-08T18:44:06","guid":{"rendered":"https:\/\/aptecnologia.com.ar\/new\/?post_type=product&#038;p=9348"},"modified":"2022-04-26T19:36:35","modified_gmt":"2022-04-26T19:36:35","slug":"micro-core-i3-9100-4-2ghz-c-video-intel","status":"publish","type":"product","link":"https:\/\/aptecnologia.com.ar\/new\/productos\/micro-core-i3-9100-4-2ghz-c-video-intel\/","title":{"rendered":"Micro Core I3 9100 4.2Ghz (c\/video) &#8211; INTEL"},"content":{"rendered":"<p>Productividad y entretenimiento, todo disponible en tu computadora de escritorio. La superioridad tecnol\u00f3gica de INTEL es un beneficio para todo tipo de profesionales. Asegura el mejor rendimiento de las aplicaciones, de la transferencia de datos y la conexi\u00f3n con otros elementos tecnol\u00f3gicos.<\/p>\n<p>En este producto, encontrar\u00e1s los cores, que son los encargados de ejecutar las instrucciones y actividades que le asign\u00e1s a tu dispositivo. Estos tienen relaci\u00f3n directa con dos elementos: los hilos y el modelo. Por lo tanto, a la hora de elegir un procesador, es importante que valores los tres en su conjunto.<\/p>\n","protected":false},"excerpt":{"rendered":"<ul class=\"ui-vpp-highlighted-specs__features-list\">\n<li class=\"ui-vpp-highlighted-specs__features-list-item ui-pdp-color--BLACK ui-pdp-size--XSMALL ui-pdp-family--REGULAR\">Producto eficiente y de rendimiento est\u00e1ndar en programas de edici\u00f3n de video, contenido y juegos.<\/li>\n<li class=\"ui-vpp-highlighted-specs__features-list-item ui-pdp-color--BLACK ui-pdp-size--XSMALL ui-pdp-family--REGULAR\">Memoria cach\u00e9 de 6 MB, r\u00e1pida y vol\u00e1til.<\/li>\n<li class=\"ui-vpp-highlighted-specs__features-list-item ui-pdp-color--BLACK ui-pdp-size--XSMALL ui-pdp-family--REGULAR\">Procesador gr\u00e1fico Intel UHD Graphics 630.<\/li>\n<li class=\"ui-vpp-highlighted-specs__features-list-item ui-pdp-color--BLACK ui-pdp-size--XSMALL ui-pdp-family--REGULAR\">Soporta memoria RAM DDR4.<\/li>\n<li class=\"ui-vpp-highlighted-specs__features-list-item ui-pdp-color--BLACK ui-pdp-size--XSMALL ui-pdp-family--REGULAR\">Su potencia es de 65 W.<\/li>\n<li class=\"ui-vpp-highlighted-specs__features-list-item ui-pdp-color--BLACK ui-pdp-size--XSMALL ui-pdp-family--REGULAR\">Cuenta con 4 hilos que favorecen la ejecuci\u00f3n de m\u00faltiples programas a la vez.<\/li>\n<li class=\"ui-vpp-highlighted-specs__features-list-item ui-pdp-color--BLACK ui-pdp-size--XSMALL ui-pdp-family--REGULAR\">Producto en empaque original.<\/li>\n<li class=\"ui-vpp-highlighted-specs__features-list-item ui-pdp-color--BLACK ui-pdp-size--XSMALL ui-pdp-family--REGULAR\">Procesador avanzado de alto desempe\u00f1o y marca l\u00edder en el rubro.<\/li>\n<\/ul>\n","protected":false},"featured_media":9350,"comment_status":"open","ping_status":"closed","template":"","meta":[],"pwb-brand":[136],"product_cat":[66,97,91],"product_tag":[],"class_list":{"0":"post-9348","1":"product","2":"type-product","3":"status-publish","4":"has-post-thumbnail","6":"pwb-brand-intel","7":"product_cat-computacion","8":"product_cat-micros","9":"product_cat-componentes","11":"first","12":"outofstock","13":"shipping-taxable","14":"purchasable","15":"product-type-simple"},"brands":[{"id":136,"name":"Intel","slug":"intel"}],"_links":{"self":[{"href":"https:\/\/aptecnologia.com.ar\/new\/wp-json\/wp\/v2\/product\/9348","targetHints":{"allow":["GET"]}}],"collection":[{"href":"https:\/\/aptecnologia.com.ar\/new\/wp-json\/wp\/v2\/product"}],"about":[{"href":"https:\/\/aptecnologia.com.ar\/new\/wp-json\/wp\/v2\/types\/product"}],"replies":[{"embeddable":true,"href":"https:\/\/aptecnologia.com.ar\/new\/wp-json\/wp\/v2\/comments?post=9348"}],"version-history":[{"count":0,"href":"https:\/\/aptecnologia.com.ar\/new\/wp-json\/wp\/v2\/product\/9348\/revisions"}],"wp:featuredmedia":[{"embeddable":true,"href":"https:\/\/aptecnologia.com.ar\/new\/wp-json\/wp\/v2\/media\/9350"}],"wp:attachment":[{"href":"https:\/\/aptecnologia.com.ar\/new\/wp-json\/wp\/v2\/media?parent=9348"}],"wp:term":[{"taxonomy":"pwb-brand","embeddable":true,"href":"https:\/\/aptecnologia.com.ar\/new\/wp-json\/wp\/v2\/pwb-brand?post=9348"},{"taxonomy":"product_cat","embeddable":true,"href":"https:\/\/aptecnologia.com.ar\/new\/wp-json\/wp\/v2\/product_cat?post=9348"},{"taxonomy":"product_tag","embeddable":true,"href":"https:\/\/aptecnologia.com.ar\/new\/wp-json\/wp\/v2\/product_tag?post=9348"}],"curies":[{"name":"wp","href":"https:\/\/api.w.org\/{rel}","templated":true}]}}