{"id":9339,"date":"2021-12-08T14:56:27","date_gmt":"2021-12-08T14:56:27","guid":{"rendered":"https:\/\/aptecnologia.com.ar\/new\/?post_type=product&#038;p=9339"},"modified":"2022-08-26T22:53:53","modified_gmt":"2022-08-26T22:53:53","slug":"memoria-ram-ddr4-4g-2666-mhz-fury-kingston","status":"publish","type":"product","link":"https:\/\/aptecnologia.com.ar\/new\/productos\/memoria-ram-ddr4-4g-2666-mhz-fury-kingston\/","title":{"rendered":"Memoria Ram DDR4 4G 2666 MHZ Fury &#8211; KINGSTON"},"content":{"rendered":"<p>&#8211; Descripci\u00f3n del producto:Kingston FURY Beast &#8211; DDR4 &#8211; m\u00f3dulo &#8211; 4 GB &#8211; DIMM de 288 espigas &#8211; 2666 MHz \/ PC4-21300 &#8211; sin b\u00fafer<br \/>\n&#8211; Tipo de producto:M\u00f3dulo de memoria<br \/>\n&#8211; Capacidad:4 GB<br \/>\n&#8211; Tipo de memoria:DDR4 SDRAM &#8211; DIMM de 288 espigas<br \/>\n&#8211; Tipo de actualizaci\u00f3n:Gen\u00e9rica<br \/>\n&#8211; Comprobaci\u00f3n integridad datos:No ECC<br \/>\n&#8211; Velocidad:2666 MHz (PC4-21300)<br \/>\n&#8211; Tiempos de latencia:CL16 (16-18-18)<br \/>\n&#8211; Caracter\u00edsticas:Fila \u00fanica, On-Die Termination (ODT), Black PCB, difusor de calor de bajo perfil, diecis\u00e9is bancos, Intel Extreme Memory Profiles (XMP 2.0), AMD Ryzen Ready, sin b\u00fafer<br \/>\n&#8211; Tensi\u00f3n:1.2 V<br \/>\n&#8211; Blindaje de conector:Oro<br \/>\n&#8211; Garant\u00eda del fabricante:Garant\u00eda limitada de por vida (Rusia &#8211; 10 a\u00f1os)<\/p>\n<p>General<\/p>\n<p>&#8211; Capacidad:4 GB<br \/>\n&#8211; Tipo de actualizaci\u00f3n:Gen\u00e9rica<br \/>\n&#8211; Anchura:133.35 mm<br \/>\n&#8211; Profundidad:7.2 mm<br \/>\n&#8211; Altura:34.1 mm<\/p>\n<p>Memoria<\/p>\n<p>&#8211; Tipo:DRAM m\u00f3dulo de memoria<br \/>\n&#8211; Tecnolog\u00eda:DDR4 SDRAM<br \/>\n&#8211; Factor de forma:DIMM de 288 espigas<br \/>\n&#8211; Altura del m\u00f3dulo (pulgadas):1.34<br \/>\n&#8211; Velocidad:2666 MHz (PC4-21300)<br \/>\n&#8211; Tiempos de latencia:CL16 (16-18-18)<br \/>\n&#8211; Comprobaci\u00f3n integridad datos:No ECC<br \/>\n&#8211; Caracter\u00edsticas:Fila \u00fanica, On-Die Termination (ODT), Black PCB, difusor de calor de bajo perfil, diecis\u00e9is bancos, Intel Extreme Memory Profiles (XMP 2.0), AMD Ryzen Ready, sin b\u00fafer<br \/>\n&#8211; Configuraci\u00f3n de m\u00f3dulos:512 x 64<br \/>\n&#8211; Organizaci\u00f3n de los chips:512 x 8<br \/>\n&#8211; Tensi\u00f3n:1.2 V<br \/>\n&#8211; Blindaje de conector:Oro<\/p>\n","protected":false},"excerpt":{"rendered":"<p>Capacidad total: 4 GB<br \/>\nEs gamer: S\u00ed<br \/>\nFormato: DIMM de 288 espigas<br \/>\nTecnolog\u00eda: DDR4 SDRAM<br \/>\nVelocidad: 2666 MHz<br \/>\nAplicaci\u00f3n: Computadoras de escritorio<\/p>\n","protected":false},"featured_media":9340,"comment_status":"open","ping_status":"closed","template":"","meta":[],"pwb-brand":[121],"product_cat":[66,92,91],"product_tag":[],"class_list":{"0":"post-9339","1":"product","2":"type-product","3":"status-publish","4":"has-post-thumbnail","6":"pwb-brand-kingston","7":"product_cat-computacion","8":"product_cat-memorias-ram","9":"product_cat-componentes","11":"first","12":"instock","13":"shipping-taxable","14":"purchasable","15":"product-type-simple"},"brands":[{"id":121,"name":"Kingston","slug":"kingston"}],"_links":{"self":[{"href":"https:\/\/aptecnologia.com.ar\/new\/wp-json\/wp\/v2\/product\/9339","targetHints":{"allow":["GET"]}}],"collection":[{"href":"https:\/\/aptecnologia.com.ar\/new\/wp-json\/wp\/v2\/product"}],"about":[{"href":"https:\/\/aptecnologia.com.ar\/new\/wp-json\/wp\/v2\/types\/product"}],"replies":[{"embeddable":true,"href":"https:\/\/aptecnologia.com.ar\/new\/wp-json\/wp\/v2\/comments?post=9339"}],"version-history":[{"count":0,"href":"https:\/\/aptecnologia.com.ar\/new\/wp-json\/wp\/v2\/product\/9339\/revisions"}],"wp:featuredmedia":[{"embeddable":true,"href":"https:\/\/aptecnologia.com.ar\/new\/wp-json\/wp\/v2\/media\/9340"}],"wp:attachment":[{"href":"https:\/\/aptecnologia.com.ar\/new\/wp-json\/wp\/v2\/media?parent=9339"}],"wp:term":[{"taxonomy":"pwb-brand","embeddable":true,"href":"https:\/\/aptecnologia.com.ar\/new\/wp-json\/wp\/v2\/pwb-brand?post=9339"},{"taxonomy":"product_cat","embeddable":true,"href":"https:\/\/aptecnologia.com.ar\/new\/wp-json\/wp\/v2\/product_cat?post=9339"},{"taxonomy":"product_tag","embeddable":true,"href":"https:\/\/aptecnologia.com.ar\/new\/wp-json\/wp\/v2\/product_tag?post=9339"}],"curies":[{"name":"wp","href":"https:\/\/api.w.org\/{rel}","templated":true}]}}