{"id":9335,"date":"2021-12-08T14:43:57","date_gmt":"2021-12-08T14:43:57","guid":{"rendered":"https:\/\/aptecnologia.com.ar\/new\/?post_type=product&#038;p=9335"},"modified":"2022-03-14T18:34:59","modified_gmt":"2022-03-14T18:34:59","slug":"memoria-ram-ddr3-4gb-1600mhz-crucial","status":"publish","type":"product","link":"https:\/\/aptecnologia.com.ar\/new\/productos\/memoria-ram-ddr3-4gb-1600mhz-crucial\/","title":{"rendered":"Memoria Ram DDR3 4Gb 1600mhz &#8211; CRUCIAL"},"content":{"rendered":"<p>Dise\u00f1ada para ayudar a que su sistema funcione m\u00e1s r\u00e1pido y sin problemas, la memoria de escritorio Crucial\u00ae es una de las formas m\u00e1s f\u00e1ciles y asequibles de mejorar el rendimiento de su sistema. Cargue programas m\u00e1s r\u00e1pido. Aumentar la capacidad de responder. Ejecute aplicaciones con uso intensivo de datos con facilidad y aumente las capacidades multitarea de su escritorio.<\/p>\n<p>Especificaciones t\u00e9cnicas:<br \/>\n&#8211; Marca : Crucial<br \/>\n&#8211; L\u00ednea : Value<br \/>\n&#8211; Modelo : CT51264BD160B<br \/>\n&#8211; UPC : 649528754110<br \/>\n&#8211; Tipo : DIMM<br \/>\n&#8211; Latencia : 11<br \/>\n&#8211; Voltaje : 1.45V<br \/>\n&#8211; Capacidad : 4 GB<br \/>\n&#8211; Velocidad : 1600 MHz<br \/>\n&#8211; Tecnolog\u00eda : DDR3<br \/>\n&#8211; Aplicaci\u00f3n : PC<br \/>\n&#8211; Color : Verde<br \/>\n&#8211; Disipador : No<\/p>\n","protected":false},"excerpt":{"rendered":"<p>Capacidad total: 4 GB<br \/>\nVelocidad: 1600 MHz<br \/>\nAplicaci\u00f3n: Computadoras de escritorio<br \/>\nTecnolog\u00eda: DDR3L DRAM<br \/>\nFormato: UDIMM<\/p>\n","protected":false},"featured_media":9336,"comment_status":"open","ping_status":"closed","template":"","meta":[],"pwb-brand":[122],"product_cat":[66,92,91],"product_tag":[],"class_list":{"0":"post-9335","1":"product","2":"type-product","3":"status-publish","4":"has-post-thumbnail","6":"pwb-brand-crucial","7":"product_cat-computacion","8":"product_cat-memorias-ram","9":"product_cat-componentes","11":"first","12":"outofstock","13":"shipping-taxable","14":"purchasable","15":"product-type-simple"},"brands":[{"id":122,"name":"Crucial","slug":"crucial"}],"_links":{"self":[{"href":"https:\/\/aptecnologia.com.ar\/new\/wp-json\/wp\/v2\/product\/9335","targetHints":{"allow":["GET"]}}],"collection":[{"href":"https:\/\/aptecnologia.com.ar\/new\/wp-json\/wp\/v2\/product"}],"about":[{"href":"https:\/\/aptecnologia.com.ar\/new\/wp-json\/wp\/v2\/types\/product"}],"replies":[{"embeddable":true,"href":"https:\/\/aptecnologia.com.ar\/new\/wp-json\/wp\/v2\/comments?post=9335"}],"version-history":[{"count":0,"href":"https:\/\/aptecnologia.com.ar\/new\/wp-json\/wp\/v2\/product\/9335\/revisions"}],"wp:featuredmedia":[{"embeddable":true,"href":"https:\/\/aptecnologia.com.ar\/new\/wp-json\/wp\/v2\/media\/9336"}],"wp:attachment":[{"href":"https:\/\/aptecnologia.com.ar\/new\/wp-json\/wp\/v2\/media?parent=9335"}],"wp:term":[{"taxonomy":"pwb-brand","embeddable":true,"href":"https:\/\/aptecnologia.com.ar\/new\/wp-json\/wp\/v2\/pwb-brand?post=9335"},{"taxonomy":"product_cat","embeddable":true,"href":"https:\/\/aptecnologia.com.ar\/new\/wp-json\/wp\/v2\/product_cat?post=9335"},{"taxonomy":"product_tag","embeddable":true,"href":"https:\/\/aptecnologia.com.ar\/new\/wp-json\/wp\/v2\/product_tag?post=9335"}],"curies":[{"name":"wp","href":"https:\/\/api.w.org\/{rel}","templated":true}]}}