{"id":9334,"date":"2021-12-08T02:33:05","date_gmt":"2021-12-08T02:33:05","guid":{"rendered":"https:\/\/aptecnologia.com.ar\/new\/?post_type=product&#038;p=9334"},"modified":"2023-07-24T15:34:41","modified_gmt":"2023-07-24T18:34:41","slug":"impresora-sp3710-ricoh","status":"publish","type":"product","link":"https:\/\/aptecnologia.com.ar\/new\/productos\/impresora-sp3710-ricoh\/","title":{"rendered":"Multifunci\u00f3n Laser ByN SP3710 &#8211; RICOH"},"content":{"rendered":"<h2 class=\"ui-pdp-description__title\">Descripci\u00f3n<\/h2>\n<p class=\"ui-pdp-description__content\">Con una capacidad de 7000 impresiones, el cartucho todo en uno de larga duraci\u00f3n es solo una de las prestaciones que hacen de la Ricoh Sp 3710sf la multifuncional perfecta para oficinas y espacios de trabajo.<\/p>\n<p>Elemento de escaneo\u00a0Rayo l\u00e1ser<br \/>\nProceso de impresi\u00f3n\u00a0Impresi\u00f3n electrofotogr\u00e1fica<br \/>\nTipo de t\u00f3ner\u00a0Dry mono-component toner development<br \/>\nPanel de control\u00a0Panel LCD de 4 l\u00edneas<br \/>\nColor \/ negro y blanco<br \/>\nVelocidad de salida Copiar \/ Imprimir\u00a030 ppm<br \/>\nTiempo de salida de la primera p\u00e1gina\u00a08 segundos o menos<br \/>\nTiempo de calentamiento\u00a030 segundos o menos<br \/>\nResoluci\u00f3n\u00a0Scanning: 600 x 600 dpi via Platen, 600 x 300 dpi via ARDF<br \/>\nPrinting: Up to 1200 x 1200 dpi<br \/>\nMemoria del sistema\u00a0128 MB RAM<br \/>\nCantidad m\u00e1xima de copias\u00a099 fotocopias<br \/>\nAutom\u00e1tico (Standard)<br \/>\nTipo de alimentador de documentos Alimentador de documentos con reversi\u00f3n autom\u00e1tica (est\u00e1ndar)<br \/>\nTama\u00f1o del original del alimentador de documentos<br \/>\n5.5&#8243; x 5.5&#8243; a 8.5&#8243; x 14&#8243; (140 x 140 mm a 216 x 356 mm)<br \/>\nPeso del papel del alimentador de documentos<br \/>\nPapel Bond de 14 &#8211; 43 lb \/ Index de 90 lb (52 &#8211; 162 g\/m2)<br \/>\nCapacidad del alimentador de documentos\u00a035 hojas<br \/>\nRelaciones preestablecidas de reducci\u00f3n y ampliaci\u00f3n<br \/>\n50%, 65%, 78%, 93%, 129%, 155%, 200%, 400%<br \/>\nRango de Zoom<br \/>\n25% \u00bf 400% en incrementos de 1% mediante el ARDF o la bandeja de vidrio<br \/>\nTama\u00f1o del vidrio de exposici\u00f3n<br \/>\n8.5&#8243; x 11.7&#8243; (216 x 297 mm)<br \/>\nTipo original<br \/>\nBandeja de vidrio: Hojas\/libros\/objetos 3D\/tarjetas de identificaci\u00f3n tama\u00f1o billetera<br \/>\nTama\u00f1o m\u00e1ximo original<br \/>\nBandeja de vidrio: Hasta 8.5&#8243; x 11.7&#8243;\/A4 (210 x 297 mm)<br \/>\nARDF: Hasta 8.5&#8243; x 14&#8243; (216 x 356 mm)<br \/>\nTama\u00f1os de papel admitidos<br \/>\nBandeja est\u00e1ndar: 5.5&#8243; x 8.5&#8243; a 8.5&#8243; x 14&#8243;, A6 &#8211; B5<br \/>\nTama\u00f1os personalizados: 3.94&#8243; x 5.82&#8243; a 8.5&#8243; x 14&#8243; (100 x 148 mm a 216 x 356 mm)<br \/>\nBandeja de desv\u00edo: 5.5&#8243; x 8.5&#8243; a 8.5&#8243; x 14&#8243;, A6 &#8211; B5, sobres<br \/>\nTama\u00f1os personalizados: 3.5&#8243; x 5.5&#8243; a 8.5&#8243; x 14&#8243; (90 x 140 mm a 216 x 356 mm)<br \/>\nImpresi\u00f3n doble faz: 8.5&#8243; x 11&#8243;, 8.5&#8243; x 14&#8243;, A4<br \/>\nPesos de papel admitidos<br \/>\nPapel Bond de 14 &#8211; 43 lb \/ Index de 90 lb (52 &#8211; 162 g\/m2)<br \/>\nImpresi\u00f3n doble faz: Papel Bond de 16 &#8211; 28 lb (60 &#8211; 105 g\/m2)<br \/>\nTipos de papel admitidos<br \/>\nBandeja est\u00e1ndar: Fino, grueso, com\u00fan, reciclado, color, preimpreso, preperforado, membretado, bond, cartulina, etiquetas, OHP*, sobres*<br \/>\nCapacidad de papel est\u00e1ndar<br \/>\n1 bandeja para 250 hojas + bandeja de desv\u00edo para 50 hojas<br \/>\nCapacidad m\u00e1xima de papel<br \/>\n300 hojas<br \/>\nCapacidad de salida est\u00e1ndar<br \/>\n50 hojas (boca abajo)<br \/>\nVolumen mensual m\u00e1ximo<br \/>\n5800<br \/>\nFuente de alimentaci\u00f3n<br \/>\n220 V, 60 Hz, 7 A<br \/>\nConsumo t\u00edpico de electricidad (TEC)<br \/>\n1.5 kWh\/semana<br \/>\nEl consumo de energ\u00eda<br \/>\nEn funcionamiento: 800 W m\u00e1x.<br \/>\nModo reposo: .089 W<br \/>\nDimensiones A x P x H<br \/>\n15.9&#8243; x 15.5&#8243; x 15.9&#8243; (405 x 392 x 405 mm)<br \/>\nPeso<br \/>\n37.5 lb. (17 kg) (including Starter AIO)<\/p>\n<p>*Bandeja de desv\u00edo \u00fanicamente<br \/>\n**Consumo el\u00e9ctrico t\u00edpico por el programa ENERGY STAR\u00ae.<br \/>\nEspecificaciones de la impresora<br \/>\nVelocidad del procesador<br \/>\n360 MHz<br \/>\nInterfaces<br \/>\nWi-Fi Direct, LAN inal\u00e1mbrica IEEE 802.11 b\/g\/n (modos Ad Hoc e Infraestructura), comunicaciones de campo cercano (NFC), Ethernet 10Base-T\/100Base-TX, USB 2.0 de alta velocidad tipo B<br \/>\nProtocolos de red<br \/>\nTCP\/IP (IPv4, IPv6), IPP<br \/>\nSistemas operativos compatibles<br \/>\nWindows Vista, 7, 8, 10, Server 2003\/R2, Server 2008\/R2, Server 2012\/R2 Mac OS v10.8 or later Linux Ubuntu 14.04LTS\/14.10, Open SUSE 13.1\/13.2, Red Hat Linux Enterprise 6\/7 and Mopria support<br \/>\nUtilidades de administraci\u00f3n de dispositivos<br \/>\nWeb Image Monitor, @Remote\u00c2\u00b9 (limited support, requires optional @Remote Office Appliance)<br \/>\nIdiomas de la impresora<br \/>\nPCL6, PCL5e<br \/>\nSoporte de fuente<br \/>\nPCL: 45 + 13 internacionales<br \/>\nResoluci\u00f3n de impresi\u00f3n<br \/>\n1200 x 1200, 1200 x 600 dpi, 600 x 600 dpi<br \/>\nSoporte de impresi\u00f3n m\u00f3vil<br \/>\nSmart Device Connector app<br \/>\nCaracter\u00edsticas de la impresora<br \/>\nCompaginaci\u00f3n, tramado, doble faz, no imprimir p\u00e1ginas en blanco, car\u00e1tulas, dise\u00f1o\/N-up, reducci\u00f3n\/ampliaci\u00f3n, rotaci\u00f3n de impresi\u00f3n, ahorro de t\u00f3ner, marcas de agua<br \/>\nEspecificaciones del esc\u00e1ner<br \/>\nVelocidad de escaneo BW a todo color<br \/>\nB\/N: 13 ipm a 600 x 300 dpi (con ARDF)<br \/>\nColor: 4.5 ipm a 600 x 300 dpi (con ARDF)<br \/>\nResoluci\u00f3n de escaneo<br \/>\nHasta 1200 x 1200 dpi<br \/>\nEscala de grises<br \/>\n256 niveles<br \/>\n\u00c1rea de escaneo<br \/>\nBandeja de vidrio: 8.5&#8243; x 11.7&#8243;<br \/>\nADF: 8.5&#8243; x 14&#8243;<br \/>\nInterfaces est\u00e1ndar<br \/>\nUSB 2.0, Ethernet 10Base-T\/100Base-TX, LAN inal\u00e1mbrica IEEE 802.11 b\/g\/n<br \/>\nProtocolos<br \/>\nTCP\/IP (IPv4, IPv6), IPP<br \/>\nFormatos de archivo<br \/>\nTIFF, JPEG, PDF<br \/>\nModos de escaneo<br \/>\nEscaneo a email (1 destino por TX), escaneo a carpeta (1 destino por TX) Escaneo a FTP (1 destino por TX), escaneo a USB<br \/>\nEspecificaciones de fax<br \/>\nCircuito<br \/>\nPSTN\/PBX<br \/>\nCompatibilidad<br \/>\nITU-T G3, Super G3 Transceiver<br \/>\nResoluci\u00f3n de fax<br \/>\nEst\u00e1ndar: 200 x 100 dpi (8 x 3.85 trazos\/mm)<br \/>\nDetallado: 200 x 200 dpi (8 x 7.7 trazos\/mm)<br \/>\nM\u00e9todo de compresi\u00f3n<br \/>\nMH, MR, MMR<br \/>\nVelocidad de escaneo<br \/>\nB\/N: 13 ipm a 600 x 300 dpi (con ARDF)<br \/>\nA color: 4.5 ipm a 600 x 300 dpi (con ARDF)<br \/>\nVelocidad del m\u00f3dem<br \/>\n33.6 Kbps con fallback autom\u00e1tico a 2,400 bps<br \/>\nVelocidad de transmisi\u00f3n<br \/>\nAprox. 3 segundos\/p\u00e1gina*<br \/>\nMemoria SAF<br \/>\n100 p\u00e1ginas<br \/>\nMarcaciones de un toque \/ velocidad<br \/>\nEntrada directa de n\u00fameros de fax, 8 n\u00fameros de marcaci\u00f3n r\u00e1pida, 100 n\u00fameros de marcaci\u00f3n r\u00e1pida<br \/>\nFunciones de fax<br \/>\nEnv\u00edo\/recepci\u00f3n de fax desde PC, respuesta autom\u00e1tica, remarcado autom\u00e1tico, recepci\u00f3n autom\u00e1tica\/manual, reservar fax, transmisi\u00f3n de radio (100 estaciones), control de contraste, modo de correcci\u00f3n de errores, reducci\u00f3n de imagen, transmisi\u00f3n inmediata\/en memoria, altavoz, marcaci\u00f3n sin desconectar, retransmisi\u00f3n de p\u00e1gina, selecci\u00f3n de pulso\/tono, alisado, interfaz de contestadora autom\u00e1tica, reloj.<\/p>\n","protected":false},"excerpt":{"rendered":"<p>-Im-Imprime hasta 34 ppm, copia, escaneo, fax<br \/>\n-Resoluci\u00f3n de impresi\u00f3n de 1200&#215;1200 dpi<br \/>\n-Capacidad de papel hasta 300 p\u00e1ginas<br \/>\n-Reduce las demoras y costos con cartuchos de impresi\u00f3n de alto rendimiento.prime hasta 34 ppm, copia, escaneo, fax<br \/>\n-Resoluci\u00f3n de impresi\u00f3n de 1200&#215;1200 dpi<br \/>\n-Capacidad de papel hasta 300 p\u00e1ginas<br \/>\n-Reduce las demoras y costos con cartuchos de impresi\u00f3n de alto rendimiento.<\/p>\n","protected":false},"featured_media":9332,"comment_status":"open","ping_status":"closed","template":"","meta":[],"pwb-brand":[133],"product_cat":[66,165,270,268,89],"product_tag":[],"class_list":{"0":"post-9334","1":"product","2":"type-product","3":"status-publish","4":"has-post-thumbnail","6":"pwb-brand-ricoh","7":"product_cat-computacion","8":"product_cat-impresoras","9":"product_cat-multiflaserbyn","10":"product_cat-multifuncion","11":"product_cat-impresion","13":"first","14":"outofstock","15":"shipping-taxable","16":"purchasable","17":"product-type-simple"},"brands":[{"id":133,"name":"Ricoh","slug":"ricoh"}],"_links":{"self":[{"href":"https:\/\/aptecnologia.com.ar\/new\/wp-json\/wp\/v2\/product\/9334","targetHints":{"allow":["GET"]}}],"collection":[{"href":"https:\/\/aptecnologia.com.ar\/new\/wp-json\/wp\/v2\/product"}],"about":[{"href":"https:\/\/aptecnologia.com.ar\/new\/wp-json\/wp\/v2\/types\/product"}],"replies":[{"embeddable":true,"href":"https:\/\/aptecnologia.com.ar\/new\/wp-json\/wp\/v2\/comments?post=9334"}],"version-history":[{"count":0,"href":"https:\/\/aptecnologia.com.ar\/new\/wp-json\/wp\/v2\/product\/9334\/revisions"}],"wp:featuredmedia":[{"embeddable":true,"href":"https:\/\/aptecnologia.com.ar\/new\/wp-json\/wp\/v2\/media\/9332"}],"wp:attachment":[{"href":"https:\/\/aptecnologia.com.ar\/new\/wp-json\/wp\/v2\/media?parent=9334"}],"wp:term":[{"taxonomy":"pwb-brand","embeddable":true,"href":"https:\/\/aptecnologia.com.ar\/new\/wp-json\/wp\/v2\/pwb-brand?post=9334"},{"taxonomy":"product_cat","embeddable":true,"href":"https:\/\/aptecnologia.com.ar\/new\/wp-json\/wp\/v2\/product_cat?post=9334"},{"taxonomy":"product_tag","embeddable":true,"href":"https:\/\/aptecnologia.com.ar\/new\/wp-json\/wp\/v2\/product_tag?post=9334"}],"curies":[{"name":"wp","href":"https:\/\/api.w.org\/{rel}","templated":true}]}}