{"id":9327,"date":"2021-12-08T02:20:27","date_gmt":"2021-12-08T02:20:27","guid":{"rendered":"https:\/\/aptecnologia.com.ar\/new\/?post_type=product&#038;p=9327"},"modified":"2023-07-24T15:36:33","modified_gmt":"2023-07-24T18:36:33","slug":"impresora-multifuncion-mf-264dwtoner-orig-canon","status":"publish","type":"product","link":"https:\/\/aptecnologia.com.ar\/new\/productos\/impresora-multifuncion-mf-264dwtoner-orig-canon\/","title":{"rendered":"Multifunci\u00f3n Laser ByN MF-264DW &#8211; CANON"},"content":{"rendered":"<p>Siempre hay una impresora Canon que te ayuda a llevar el trabajo y la diversi\u00f3n al siguiente nivel. Son est\u00e9ticamente elegantes, c\u00f3modas y tienen una velocidad de impresi\u00f3n que te va a sorprender.<\/p>\n<p>Eficiencia y calidad<br \/>\nImprim\u00ed archivos, escane\u00e1 documentos y hac\u00e9 todas las fotocopias que necesit\u00e9s con esta impresora multifunci\u00f3n Canon, siempre lista para facilitar tu rutina de trabajo o estudio.<\/p>\n<p>Perfecta para tu hogar o la oficina<br \/>\nSi busc\u00e1s realizar grandes tiradas en pocos minutos, su tecnolog\u00eda l\u00e1ser es ideal para vos. Es simple y f\u00e1cil de usar y tiene un costo de mantenimiento significativamente menor que las que funcionan a tinta.<\/p>\n<p>Conectividad m\u00f3vil<br \/>\nAhora pod\u00e9s imprimir f\u00e1cilmente desde tu celular sin importar en donde te encuentres y sin la asistencia de una computadora. Disfrut\u00e1 de sus soluciones de impresi\u00f3n m\u00f3vil, utiliz\u00e1 la que m\u00e1s te guste y ten\u00e9 tus documentos en solo segundos.<\/p>\n","protected":false},"excerpt":{"rendered":"<ul class=\"ui-vpp-highlighted-specs__features-list\">\n<li class=\"ui-vpp-highlighted-specs__features-list-item ui-pdp-color--BLACK ui-pdp-size--XSMALL ui-pdp-family--REGULAR\">Es monocrom\u00e1tica.<\/li>\n<li class=\"ui-vpp-highlighted-specs__features-list-item ui-pdp-color--BLACK ui-pdp-size--XSMALL ui-pdp-family--REGULAR\">Imprime, escanea y hace copias.<\/li>\n<li class=\"ui-vpp-highlighted-specs__features-list-item ui-pdp-color--BLACK ui-pdp-size--XSMALL ui-pdp-family--REGULAR\">Tecnolog\u00eda de impresi\u00f3n: l\u00e1ser.<\/li>\n<li class=\"ui-vpp-highlighted-specs__features-list-item ui-pdp-color--BLACK ui-pdp-size--XSMALL ui-pdp-family--REGULAR\">Posee pantalla LCD t\u00e1ctil para visualizar el proceso.<\/li>\n<li class=\"ui-vpp-highlighted-specs__features-list-item ui-pdp-color--BLACK ui-pdp-size--XSMALL ui-pdp-family--REGULAR\">Tiene entrada USB.<\/li>\n<li class=\"ui-vpp-highlighted-specs__features-list-item ui-pdp-color--BLACK ui-pdp-size--XSMALL ui-pdp-family--REGULAR\">Imprime 30 ppm.<\/li>\n<li class=\"ui-vpp-highlighted-specs__features-list-item ui-pdp-color--BLACK ui-pdp-size--XSMALL ui-pdp-family--REGULAR\">Capacidad m\u00e1xima de 251 hojas.<\/li>\n<li class=\"ui-vpp-highlighted-specs__features-list-item ui-pdp-color--BLACK ui-pdp-size--XSMALL ui-pdp-family--REGULAR\">Soporta papel tama\u00f1o Sobre C5, Sobre DL, Carta, C5, DL, Ejecutivo, Legal, Media carta, Sobre Com-10, Sobre Monarca.<\/li>\n<li class=\"ui-vpp-highlighted-specs__features-list-item ui-pdp-color--BLACK ui-pdp-size--XSMALL ui-pdp-family--REGULAR\">Incluye accesorios.<\/li>\n<li class=\"ui-vpp-highlighted-specs__features-list-item ui-pdp-color--BLACK ui-pdp-size--XSMALL ui-pdp-family--REGULAR\">Pr\u00e1ctica y funcional tanto para uso personal como profesional.<\/li>\n<\/ul>\n","protected":false},"featured_media":9328,"comment_status":"open","ping_status":"closed","template":"","meta":[],"pwb-brand":[132],"product_cat":[66,165,270,268,89],"product_tag":[],"class_list":{"0":"post-9327","1":"product","2":"type-product","3":"status-publish","4":"has-post-thumbnail","6":"pwb-brand-canon","7":"product_cat-computacion","8":"product_cat-impresoras","9":"product_cat-multiflaserbyn","10":"product_cat-multifuncion","11":"product_cat-impresion","13":"first","14":"outofstock","15":"shipping-taxable","16":"purchasable","17":"product-type-simple"},"brands":[{"id":132,"name":"Canon","slug":"canon"}],"_links":{"self":[{"href":"https:\/\/aptecnologia.com.ar\/new\/wp-json\/wp\/v2\/product\/9327","targetHints":{"allow":["GET"]}}],"collection":[{"href":"https:\/\/aptecnologia.com.ar\/new\/wp-json\/wp\/v2\/product"}],"about":[{"href":"https:\/\/aptecnologia.com.ar\/new\/wp-json\/wp\/v2\/types\/product"}],"replies":[{"embeddable":true,"href":"https:\/\/aptecnologia.com.ar\/new\/wp-json\/wp\/v2\/comments?post=9327"}],"version-history":[{"count":0,"href":"https:\/\/aptecnologia.com.ar\/new\/wp-json\/wp\/v2\/product\/9327\/revisions"}],"wp:featuredmedia":[{"embeddable":true,"href":"https:\/\/aptecnologia.com.ar\/new\/wp-json\/wp\/v2\/media\/9328"}],"wp:attachment":[{"href":"https:\/\/aptecnologia.com.ar\/new\/wp-json\/wp\/v2\/media?parent=9327"}],"wp:term":[{"taxonomy":"pwb-brand","embeddable":true,"href":"https:\/\/aptecnologia.com.ar\/new\/wp-json\/wp\/v2\/pwb-brand?post=9327"},{"taxonomy":"product_cat","embeddable":true,"href":"https:\/\/aptecnologia.com.ar\/new\/wp-json\/wp\/v2\/product_cat?post=9327"},{"taxonomy":"product_tag","embeddable":true,"href":"https:\/\/aptecnologia.com.ar\/new\/wp-json\/wp\/v2\/product_tag?post=9327"}],"curies":[{"name":"wp","href":"https:\/\/api.w.org\/{rel}","templated":true}]}}