{"id":9322,"date":"2021-12-08T01:55:24","date_gmt":"2021-12-08T01:55:24","guid":{"rendered":"https:\/\/aptecnologia.com.ar\/new\/?post_type=product&#038;p=9322"},"modified":"2023-07-24T15:35:36","modified_gmt":"2023-07-24T18:35:36","slug":"impresora-multifuncion-deskjet-2675-wifi-hp","status":"publish","type":"product","link":"https:\/\/aptecnologia.com.ar\/new\/productos\/impresora-multifuncion-deskjet-2675-wifi-hp\/","title":{"rendered":"Multifunci\u00f3n Inkjet Color 2675 USB\/WIFI &#8211; HP"},"content":{"rendered":"<p>HP provee las impresoras m\u00e1s seguras del mundo. Con ellas, conseguir\u00e1s proteger tu informaci\u00f3n, obtener lo m\u00e1ximo en tecnolog\u00eda y un rendimiento impresionante que se adaptar\u00e1 a cualquier reto que tengas. Sin dudas, esta m\u00e1quina es ideal para cumplir, de forma eficiente, la meta que te propongas.<\/p>\n<p>Eficiencia y calidad<br \/>\nImprim\u00ed archivos, escane\u00e1 documentos y hac\u00e9 todas las fotocopias que necesit\u00e9s con esta impresora multifunci\u00f3n HP, siempre lista para facilitar tu rutina de trabajo o estudio.<\/p>\n<p>Perfecta para tu hogar o la oficina<br \/>\nAl ser a tinta te permitir\u00e1 lograr impresiones de gran calidad con colores vivos y degradados suaves. Ocupa poco espacio y es f\u00e1cil de manejar lo que la convierte en la opci\u00f3n ideal para cuestiones laborales, tareas escolares y requerimientos de la vida diaria.<\/p>\n<p>Conectividad m\u00f3vil<br \/>\nAhora pod\u00e9s imprimir f\u00e1cilmente desde tu celular sin importar en donde te encuentres y sin la asistencia de una computadora. Disfrut\u00e1 de sus soluciones de impresi\u00f3n m\u00f3vil, utiliz\u00e1 la que m\u00e1s te guste y ten\u00e9 tus documentos en solo segundos.<\/p>\n","protected":false},"excerpt":{"rendered":"<ul class=\"ui-vpp-highlighted-specs__features-list\">\n<li class=\"ui-vpp-highlighted-specs__features-list-item ui-pdp-color--BLACK ui-pdp-size--XSMALL ui-pdp-family--REGULAR\">Imprime, escanea y hace copias.<\/li>\n<li class=\"ui-vpp-highlighted-specs__features-list-item ui-pdp-color--BLACK ui-pdp-size--XSMALL ui-pdp-family--REGULAR\">Impresi\u00f3n doble faz manual.<\/li>\n<li class=\"ui-vpp-highlighted-specs__features-list-item ui-pdp-color--BLACK ui-pdp-size--XSMALL ui-pdp-family--REGULAR\">Tecnolog\u00eda de impresi\u00f3n: inyecci\u00f3n de tinta.<\/li>\n<li class=\"ui-vpp-highlighted-specs__features-list-item ui-pdp-color--BLACK ui-pdp-size--XSMALL ui-pdp-family--REGULAR\">Posee pantalla LCD para visualizar el proceso.<\/li>\n<li class=\"ui-vpp-highlighted-specs__features-list-item ui-pdp-color--BLACK ui-pdp-size--XSMALL ui-pdp-family--REGULAR\">Tiene entrada USB.<\/li>\n<li class=\"ui-vpp-highlighted-specs__features-list-item ui-pdp-color--BLACK ui-pdp-size--XSMALL ui-pdp-family--REGULAR\">Imprime 16 ppm a color.<\/li>\n<li class=\"ui-vpp-highlighted-specs__features-list-item ui-pdp-color--BLACK ui-pdp-size--XSMALL ui-pdp-family--REGULAR\">Capacidad m\u00e1xima de 60 hojas.<\/li>\n<li class=\"ui-vpp-highlighted-specs__features-list-item ui-pdp-color--BLACK ui-pdp-size--XSMALL ui-pdp-family--REGULAR\">Soporta papel tama\u00f1o A4, A6, B5, Sobre DL.<\/li>\n<li class=\"ui-vpp-highlighted-specs__features-list-item ui-pdp-color--BLACK ui-pdp-size--XSMALL ui-pdp-family--REGULAR\">Pr\u00e1ctica y funcional tanto para uso personal como profesional.<\/li>\n<\/ul>\n","protected":false},"featured_media":9323,"comment_status":"open","ping_status":"closed","template":"","meta":[],"pwb-brand":[118],"product_cat":[66,165,273,268,89],"product_tag":[207],"class_list":{"0":"post-9322","1":"product","2":"type-product","3":"status-publish","4":"has-post-thumbnail","6":"pwb-brand-hp","7":"product_cat-computacion","8":"product_cat-impresoras","9":"product_cat-inkjetcolor","10":"product_cat-multifuncion","11":"product_cat-impresion","12":"product_tag-hotsale","14":"first","15":"outofstock","16":"shipping-taxable","17":"purchasable","18":"product-type-simple"},"brands":[{"id":118,"name":"HP","slug":"hp"}],"_links":{"self":[{"href":"https:\/\/aptecnologia.com.ar\/new\/wp-json\/wp\/v2\/product\/9322","targetHints":{"allow":["GET"]}}],"collection":[{"href":"https:\/\/aptecnologia.com.ar\/new\/wp-json\/wp\/v2\/product"}],"about":[{"href":"https:\/\/aptecnologia.com.ar\/new\/wp-json\/wp\/v2\/types\/product"}],"replies":[{"embeddable":true,"href":"https:\/\/aptecnologia.com.ar\/new\/wp-json\/wp\/v2\/comments?post=9322"}],"version-history":[{"count":0,"href":"https:\/\/aptecnologia.com.ar\/new\/wp-json\/wp\/v2\/product\/9322\/revisions"}],"wp:featuredmedia":[{"embeddable":true,"href":"https:\/\/aptecnologia.com.ar\/new\/wp-json\/wp\/v2\/media\/9323"}],"wp:attachment":[{"href":"https:\/\/aptecnologia.com.ar\/new\/wp-json\/wp\/v2\/media?parent=9322"}],"wp:term":[{"taxonomy":"pwb-brand","embeddable":true,"href":"https:\/\/aptecnologia.com.ar\/new\/wp-json\/wp\/v2\/pwb-brand?post=9322"},{"taxonomy":"product_cat","embeddable":true,"href":"https:\/\/aptecnologia.com.ar\/new\/wp-json\/wp\/v2\/product_cat?post=9322"},{"taxonomy":"product_tag","embeddable":true,"href":"https:\/\/aptecnologia.com.ar\/new\/wp-json\/wp\/v2\/product_tag?post=9322"}],"curies":[{"name":"wp","href":"https:\/\/api.w.org\/{rel}","templated":true}]}}