{"id":9312,"date":"2021-12-07T15:34:37","date_gmt":"2021-12-07T15:34:37","guid":{"rendered":"https:\/\/aptecnologia.com.ar\/new\/?post_type=product&#038;p=9312"},"modified":"2022-03-14T19:17:03","modified_gmt":"2022-03-14T19:17:03","slug":"fuente-sata-4-box-550w-performance","status":"publish","type":"product","link":"https:\/\/aptecnologia.com.ar\/new\/productos\/fuente-sata-4-box-550w-performance\/","title":{"rendered":"Fuente SATA 4 Box 550W &#8211; PERFORMANCE"},"content":{"rendered":"<p>Tipo de fuente de alimentaci\u00f3n para PC: ATX<br \/>\nTipo de refrigeraci\u00f3n: Por aire<br \/>\nCon iluminaci\u00f3n RGB: No<br \/>\nCantidad de conectores SATA: 4<br \/>\nDi\u00e1metro del ventilador: 8 cm<br \/>\nCantidad de conectores MOLEX: 1<br \/>\nCantidad de pines de la placa madre: 24<\/p>\n","protected":false},"excerpt":{"rendered":"<p>Tipo de fuente de alimentaci\u00f3n para PC: ATX Tipo de refrigeraci\u00f3n: Por aire Con iluminaci\u00f3n RGB: No Cantidad de conectores SATA: 4 Di\u00e1metro del ventilador: 8 cm Cantidad de conectores MOLEX: 1 Cantidad de pines de la placa madre: 24<\/p>\n","protected":false},"featured_media":9310,"comment_status":"open","ping_status":"closed","template":"","meta":[],"pwb-brand":[131],"product_cat":[66,128,91],"product_tag":[],"class_list":{"0":"post-9312","1":"product","2":"type-product","3":"status-publish","4":"has-post-thumbnail","6":"pwb-brand-performance","7":"product_cat-computacion","8":"product_cat-fuentes","9":"product_cat-componentes","11":"first","12":"outofstock","13":"shipping-taxable","14":"purchasable","15":"product-type-simple"},"brands":[{"id":131,"name":"Performance","slug":"performance"}],"_links":{"self":[{"href":"https:\/\/aptecnologia.com.ar\/new\/wp-json\/wp\/v2\/product\/9312","targetHints":{"allow":["GET"]}}],"collection":[{"href":"https:\/\/aptecnologia.com.ar\/new\/wp-json\/wp\/v2\/product"}],"about":[{"href":"https:\/\/aptecnologia.com.ar\/new\/wp-json\/wp\/v2\/types\/product"}],"replies":[{"embeddable":true,"href":"https:\/\/aptecnologia.com.ar\/new\/wp-json\/wp\/v2\/comments?post=9312"}],"version-history":[{"count":0,"href":"https:\/\/aptecnologia.com.ar\/new\/wp-json\/wp\/v2\/product\/9312\/revisions"}],"wp:featuredmedia":[{"embeddable":true,"href":"https:\/\/aptecnologia.com.ar\/new\/wp-json\/wp\/v2\/media\/9310"}],"wp:attachment":[{"href":"https:\/\/aptecnologia.com.ar\/new\/wp-json\/wp\/v2\/media?parent=9312"}],"wp:term":[{"taxonomy":"pwb-brand","embeddable":true,"href":"https:\/\/aptecnologia.com.ar\/new\/wp-json\/wp\/v2\/pwb-brand?post=9312"},{"taxonomy":"product_cat","embeddable":true,"href":"https:\/\/aptecnologia.com.ar\/new\/wp-json\/wp\/v2\/product_cat?post=9312"},{"taxonomy":"product_tag","embeddable":true,"href":"https:\/\/aptecnologia.com.ar\/new\/wp-json\/wp\/v2\/product_tag?post=9312"}],"curies":[{"name":"wp","href":"https:\/\/api.w.org\/{rel}","templated":true}]}}