{"id":9297,"date":"2021-12-07T14:42:00","date_gmt":"2021-12-07T14:42:00","guid":{"rendered":"https:\/\/aptecnologia.com.ar\/new\/?post_type=product&#038;p=9297"},"modified":"2025-01-13T14:36:24","modified_gmt":"2025-01-13T17:36:24","slug":"escaner-laser-sc455-2d-inalambrico-3nstar","status":"publish","type":"product","link":"https:\/\/aptecnologia.com.ar\/new\/productos\/escaner-laser-sc455-2d-inalambrico-3nstar\/","title":{"rendered":"Escaner laser SC455 2D Inalambrico &#8211; 3nstar"},"content":{"rendered":"<p>Lector De Codigo De Barras 2d \/ Qr Inalambrico 3nstar Sc455<\/p>\n<p>El SC455 de 3nStar es un lector imager 2D inal\u00e1mbrico, lo que lo convierte en uno de los m\u00e1s vers\u00e1tiles de su clase. Sus aplicaciones van desde tiendas de ventas al por menor, hasta dep\u00f3sitos de mercanc\u00eda, programas de fidelidad y muchas aplicaciones m\u00e1s. El lector puede operar hasta a 100mts de distancia de<br \/>\nla base y su bater\u00eda le brinda una autonom\u00eda de hasta 12 horas. Incluye memoria para seguir operando aun fuera del \u00e1rea de comunicaci\u00f3n de la base. La descarga de registros se realiza a trav\u00e9s de la base, conectada a un computador principal, v\u00eda cable USB (el cable y la base, est\u00e1n incluidos).<\/p>\n<p>CARACTERISTICAS PRINCIPALES:<br \/>\nTecnolog\u00eda inal\u00e1mbrica 433Mhz permite transmitir hasta a 100 metros de distancia de la base.<br \/>\nResiste ca\u00eddas de hasta 1.5 metros (5 pies)<br \/>\nMemoria: 4MB puede almacenar hasta 200K escaneos EAN-13<br \/>\nPuede escanear hasta 12 horas sin ser recargado<br \/>\nCompatible con: Windows, Mac OS, Linux, Android, IOS<\/p>\n","protected":false},"excerpt":{"rendered":"<p>Tipo de lector de c\u00f3digo de barras: De Mano<br \/>\nTecnolog\u00eda del sensor: Imager<br \/>\nTipo de escaneo: Area imager<br \/>\nPatr\u00f3n de escaneo: 2D<br \/>\nInterfaces soportadas: Windows,Mac,Linux,Android,iOS<br \/>\nTemperatura m\u00e1xima de funcionamiento: 40 \u00b0C<br \/>\nPeso: 186 g<br \/>\nDuraci\u00f3n de la bater\u00eda: 6 h<br \/>\nFuente de luz: LED blanco<br \/>\nEs inal\u00e1mbrico: S\u00ed<br \/>\nLargo del cable: 1.8 m<br \/>\n\u00c1ngulo de lectura horizontal: 39 \u00b0<br \/>\n\u00c1ngulo de lectura vertical: 35 \u00b0<br \/>\nProfundidad m\u00ednima de campo: 0 mm<br \/>\nProfundidad m\u00e1xima de campo: 350 mm<br \/>\nContraste de impresi\u00f3n: 25 %<\/p>\n","protected":false},"featured_media":9298,"comment_status":"open","ping_status":"closed","template":"","meta":[],"pwb-brand":[126],"product_cat":[66,125],"product_tag":[],"class_list":{"0":"post-9297","1":"product","2":"type-product","3":"status-publish","4":"has-post-thumbnail","6":"pwb-brand-3nstar","7":"product_cat-computacion","8":"product_cat-escaners","10":"first","11":"outofstock","12":"shipping-taxable","13":"purchasable","14":"product-type-simple"},"brands":[{"id":126,"name":"3nstar","slug":"3nstar"}],"_links":{"self":[{"href":"https:\/\/aptecnologia.com.ar\/new\/wp-json\/wp\/v2\/product\/9297","targetHints":{"allow":["GET"]}}],"collection":[{"href":"https:\/\/aptecnologia.com.ar\/new\/wp-json\/wp\/v2\/product"}],"about":[{"href":"https:\/\/aptecnologia.com.ar\/new\/wp-json\/wp\/v2\/types\/product"}],"replies":[{"embeddable":true,"href":"https:\/\/aptecnologia.com.ar\/new\/wp-json\/wp\/v2\/comments?post=9297"}],"version-history":[{"count":0,"href":"https:\/\/aptecnologia.com.ar\/new\/wp-json\/wp\/v2\/product\/9297\/revisions"}],"wp:featuredmedia":[{"embeddable":true,"href":"https:\/\/aptecnologia.com.ar\/new\/wp-json\/wp\/v2\/media\/9298"}],"wp:attachment":[{"href":"https:\/\/aptecnologia.com.ar\/new\/wp-json\/wp\/v2\/media?parent=9297"}],"wp:term":[{"taxonomy":"pwb-brand","embeddable":true,"href":"https:\/\/aptecnologia.com.ar\/new\/wp-json\/wp\/v2\/pwb-brand?post=9297"},{"taxonomy":"product_cat","embeddable":true,"href":"https:\/\/aptecnologia.com.ar\/new\/wp-json\/wp\/v2\/product_cat?post=9297"},{"taxonomy":"product_tag","embeddable":true,"href":"https:\/\/aptecnologia.com.ar\/new\/wp-json\/wp\/v2\/product_tag?post=9297"}],"curies":[{"name":"wp","href":"https:\/\/api.w.org\/{rel}","templated":true}]}}