{"id":9292,"date":"2021-12-07T14:32:26","date_gmt":"2021-12-07T14:32:26","guid":{"rendered":"https:\/\/aptecnologia.com.ar\/new\/?post_type=product&#038;p=9292"},"modified":"2022-03-14T19:54:25","modified_gmt":"2022-03-14T19:54:25","slug":"escaner-laser-1d-con-base-sc50-3nstar","status":"publish","type":"product","link":"https:\/\/aptecnologia.com.ar\/new\/productos\/escaner-laser-1d-con-base-sc50-3nstar\/","title":{"rendered":"Escaner Laser 1D con Base SC50 &#8211; 3nstar"},"content":{"rendered":"<p>El SC050 es un lector de c\u00f3digo de barras de bajo costo que provee lecturas r\u00e1pidas y confiables adem\u00e1s de un dise\u00f1o ergon\u00f3mico y liviano.<\/p>\n<p>Especificaciones:<br \/>\nColor: Gris<br \/>\nConstrucci\u00f3n: ABS + PC<br \/>\nCable: Est\u00e1ndar 1.8M<br \/>\nVelocidad de lectura: 100 lecturas por segundo<br \/>\nProfundidad de Campo: 7-300mm (0.33mm pcs 0.9 )<br \/>\nDise\u00f1o anti-impacto: Soporta 1.5 m (5 ft.) de ca\u00edda<br \/>\nDurabilidad del Bot\u00f3n: 10 millones de lecturas<br \/>\nInterface: USB<br \/>\nCompatibilidad: Windows XP, 8.1, 10, Linux, Mac OS.<br \/>\nSellado: IP54<br \/>\nFuente de Luz: Laser Diodo Visible 650nm<br \/>\nPatr\u00f3n de Escaneo: Simple<br \/>\nPrecisi\u00f3n de Escaneo: 4mil<br \/>\nIndicador Visual: Led<br \/>\nAncho de Escaneo: 12mm en la ventana de lectura<br \/>\nCapacidad de Lectura: EAN-8, EAN-13, UPC-A, UPC-E, Code 39, Code 128, EAN128, Codabar, Industrial 2 of 5, Interleave 2 of 5, Matrix 2 of 5, MSI, etc<br \/>\nInclinaci\u00f3n: 30<br \/>\nAngulo de Elevaci\u00f3n: 70<br \/>\nAngulo de desviaci\u00f3n: 40<br \/>\nContraste de Impresi\u00f3n: 20% @ UPC\/EAN 100%<br \/>\nIndicador de Patr\u00f3n: Timbre, Indicador<br \/>\nModo de Escaneo: Manual<br \/>\nVoltaje: 5V DC+\/- 10%<br \/>\nConsumo de energ\u00eda: 4.2watts<br \/>\nConsumo Operativo: 85mA<br \/>\nCorriente Est\u00e1tica: 53mA<br \/>\nTipo de Laser: IEC 60825-1 Clase 2, GB7247.1-2001<br \/>\nEMC: CE, FCC<br \/>\nTemperatura de Operaci\u00f3n: -20\u00b0C a 65\u00b0C (-4\u00b0F to 149\u00b0F)<br \/>\nHumedad Operativa: 20% a 85% humedad relativa, sin condensaci\u00f3n<br \/>\nNivel de Luz: Luz diurna , 5OOO Lux<br \/>\nDimensiones: 168 x 70 x 95 mm<br \/>\nPeso: 120g<\/p>\n","protected":false},"excerpt":{"rendered":"<p>\u2022 Resistencia al polvo, salpicaduras de agua y aceite.<br \/>\n\u2022 Profundidad de campo de hasta 30 cm.<br \/>\n\u2022 Resistencias a ca\u00eddas de hasta 1,5 m (5 pies)<br \/>\n\u2022 Duraci\u00f3n del bot\u00f3n:\u00a0 10 millones de lecturas<\/p>\n","protected":false},"featured_media":9296,"comment_status":"open","ping_status":"closed","template":"","meta":[],"pwb-brand":[126],"product_cat":[66,125],"product_tag":[],"class_list":{"0":"post-9292","1":"product","2":"type-product","3":"status-publish","4":"has-post-thumbnail","6":"pwb-brand-3nstar","7":"product_cat-computacion","8":"product_cat-escaners","10":"first","11":"outofstock","12":"shipping-taxable","13":"purchasable","14":"product-type-simple"},"brands":[{"id":126,"name":"3nstar","slug":"3nstar"}],"_links":{"self":[{"href":"https:\/\/aptecnologia.com.ar\/new\/wp-json\/wp\/v2\/product\/9292","targetHints":{"allow":["GET"]}}],"collection":[{"href":"https:\/\/aptecnologia.com.ar\/new\/wp-json\/wp\/v2\/product"}],"about":[{"href":"https:\/\/aptecnologia.com.ar\/new\/wp-json\/wp\/v2\/types\/product"}],"replies":[{"embeddable":true,"href":"https:\/\/aptecnologia.com.ar\/new\/wp-json\/wp\/v2\/comments?post=9292"}],"version-history":[{"count":0,"href":"https:\/\/aptecnologia.com.ar\/new\/wp-json\/wp\/v2\/product\/9292\/revisions"}],"wp:featuredmedia":[{"embeddable":true,"href":"https:\/\/aptecnologia.com.ar\/new\/wp-json\/wp\/v2\/media\/9296"}],"wp:attachment":[{"href":"https:\/\/aptecnologia.com.ar\/new\/wp-json\/wp\/v2\/media?parent=9292"}],"wp:term":[{"taxonomy":"pwb-brand","embeddable":true,"href":"https:\/\/aptecnologia.com.ar\/new\/wp-json\/wp\/v2\/pwb-brand?post=9292"},{"taxonomy":"product_cat","embeddable":true,"href":"https:\/\/aptecnologia.com.ar\/new\/wp-json\/wp\/v2\/product_cat?post=9292"},{"taxonomy":"product_tag","embeddable":true,"href":"https:\/\/aptecnologia.com.ar\/new\/wp-json\/wp\/v2\/product_tag?post=9292"}],"curies":[{"name":"wp","href":"https:\/\/api.w.org\/{rel}","templated":true}]}}