{"id":9289,"date":"2021-12-07T00:47:02","date_gmt":"2021-12-07T00:47:02","guid":{"rendered":"https:\/\/aptecnologia.com.ar\/new\/?post_type=product&#038;p=9289"},"modified":"2022-03-14T19:56:04","modified_gmt":"2022-03-14T19:56:04","slug":"disco-ssd-480gb-green-sata3-2-5-wd","status":"publish","type":"product","link":"https:\/\/aptecnologia.com.ar\/new\/productos\/disco-ssd-480gb-green-sata3-2-5-wd\/","title":{"rendered":"Disco SSD 480Gb Green SATA3 2.5&#8243; &#8211; WD"},"content":{"rendered":"<p>Una actualizaci\u00f3n f\u00e1cil para su ordenador<br \/>\nCompatible con la mayor\u00eda de ordenadores de sobremesa y port\u00e1tiles, los SSD WD Green est\u00e1n disponibles en formatos de 2,5 pulgadas \/ 7 mm y en los modelos M.2 2280 para instalarlos de forma sencilla y sin preocupaciones.<\/p>\n<p>PANEL DE CONTROL SSD DE WD DESCARGABLE Y SOFTWARE ACRONIS<br \/>\nSupervise el estado de su disco con el Panel de control WD SSD gratuito y descargable, y clone discos con el software Acronis\u00ae True Image\u2122 WD Edition.<\/p>\n<p>Almacenamiento mejorado para sus necesidades inform\u00e1ticas del d\u00eda a d\u00eda<br \/>\nLos SSD WD Green mejoran la experiencia inform\u00e1tica del d\u00eda a d\u00eda en su ordenador de sobremesa o port\u00e1til para un rendimiento r\u00e1pido y una gran fiabilidad.<br \/>\nRendimiento mejorado para la inform\u00e1tica del d\u00eda a d\u00eda<br \/>\nCon la mejora del rendimiento del SSD WD Green SATA, puede navegar por internet, jugar o, simplemente, arrancar su sistema en un instante.<\/p>\n<p>Fiabilidad de estado s\u00f3lido<br \/>\nLigeros y resistentes a los golpes, los SSD WD Green no tienen piezas m\u00f3viles y ayudan a proteger sus datos frente a golpes o ca\u00eddas accidentales.<\/p>\n<p>Menos consumo. M\u00e1s diversi\u00f3n.<br \/>\nLos SSD WD Green son de los discos que menos energ\u00eda consumen del sector. Y cuando consume menos energ\u00eda, su ordenador port\u00e1til funciona m\u00e1s tiempo.<\/p>\n<p>Especificaciones t\u00e9cnicas<br \/>\nVelocidades de transferencia de hasta 545 MB\/s y capacidades de hasta 480 GB con modelos disponibles para la mayor\u00eda de ordenadores de sobremesa y port\u00e1tiles.<\/p>\n<p>Especificaciones<br \/>\nCapacidad 480 GB<br \/>\nInterfaz SATA III 6 Gb\/s<br \/>\nFactor de forma Disco de 2.5 pulgadas<br \/>\nMetric Peso 0,32 kg<br \/>\nMetric Profundidad 100,2 mm<br \/>\nMetric Ancho 69,85 mm<\/p>\n","protected":false},"excerpt":{"rendered":"<ul>\n<li>Capacidad: 480 GB<\/li>\n<li>Factor de forma: 2.5 \u00ab<\/li>\n<li>Aplicaciones: Notebook<\/li>\n<li>Tecnolog\u00eda de almacenamiento: SSD<\/li>\n<li>Interfaces: SATA III<\/li>\n<\/ul>\n","protected":false},"featured_media":9286,"comment_status":"open","ping_status":"closed","template":"","meta":[],"pwb-brand":[124],"product_cat":[66,94,91],"product_tag":[],"class_list":{"0":"post-9289","1":"product","2":"type-product","3":"status-publish","4":"has-post-thumbnail","6":"pwb-brand-wd","7":"product_cat-computacion","8":"product_cat-discos","9":"product_cat-componentes","11":"first","12":"outofstock","13":"shipping-taxable","14":"purchasable","15":"product-type-simple"},"brands":[{"id":124,"name":"WD","slug":"wd"}],"_links":{"self":[{"href":"https:\/\/aptecnologia.com.ar\/new\/wp-json\/wp\/v2\/product\/9289","targetHints":{"allow":["GET"]}}],"collection":[{"href":"https:\/\/aptecnologia.com.ar\/new\/wp-json\/wp\/v2\/product"}],"about":[{"href":"https:\/\/aptecnologia.com.ar\/new\/wp-json\/wp\/v2\/types\/product"}],"replies":[{"embeddable":true,"href":"https:\/\/aptecnologia.com.ar\/new\/wp-json\/wp\/v2\/comments?post=9289"}],"version-history":[{"count":0,"href":"https:\/\/aptecnologia.com.ar\/new\/wp-json\/wp\/v2\/product\/9289\/revisions"}],"wp:featuredmedia":[{"embeddable":true,"href":"https:\/\/aptecnologia.com.ar\/new\/wp-json\/wp\/v2\/media\/9286"}],"wp:attachment":[{"href":"https:\/\/aptecnologia.com.ar\/new\/wp-json\/wp\/v2\/media?parent=9289"}],"wp:term":[{"taxonomy":"pwb-brand","embeddable":true,"href":"https:\/\/aptecnologia.com.ar\/new\/wp-json\/wp\/v2\/pwb-brand?post=9289"},{"taxonomy":"product_cat","embeddable":true,"href":"https:\/\/aptecnologia.com.ar\/new\/wp-json\/wp\/v2\/product_cat?post=9289"},{"taxonomy":"product_tag","embeddable":true,"href":"https:\/\/aptecnologia.com.ar\/new\/wp-json\/wp\/v2\/product_tag?post=9289"}],"curies":[{"name":"wp","href":"https:\/\/api.w.org\/{rel}","templated":true}]}}