{"id":9283,"date":"2021-12-07T00:22:25","date_gmt":"2021-12-07T00:22:25","guid":{"rendered":"https:\/\/aptecnologia.com.ar\/new\/?post_type=product&#038;p=9283"},"modified":"2022-07-14T13:45:06","modified_gmt":"2022-07-14T13:45:06","slug":"disco-ssd-240gb-bx500-crucial","status":"publish","type":"product","link":"https:\/\/aptecnologia.com.ar\/new\/productos\/disco-ssd-240gb-bx500-crucial\/","title":{"rendered":"Disco SSD 240Gb BX500 &#8211; CRUCIAL"},"content":{"rendered":"<p>Con este disco s\u00f3lido de Crucial podr\u00e1s acelerar la carga de archivos en tu computadora. Su \u00f3ptimo rendimiento presenta velocidades de escritura de hasta 500 MB\/s y lectura de hasta 540 MB\/s. A su vez, su formato de f\u00e1cil instalaci\u00f3n y dise\u00f1o compacto lo convierten en un dispositivo ideal para potenciar tu PC.<\/p>\n<p>M\u00e1s velocidad a tu alcance<br \/>\nEste producto posee una interfaz SATA III que se encarga de transferir datos con la placa madre de tu computadora. Es de gran importancia y con su velocidad de env\u00edo de informaci\u00f3n mejora el rendimiento. Vas a poder cargar todo tipo de archivos en tu PC con rapidez.<\/p>\n","protected":false},"excerpt":{"rendered":"<ul class=\"ui-vpp-highlighted-specs__features-list\">\n<li class=\"ui-vpp-highlighted-specs__features-list-item ui-pdp-color--BLACK ui-pdp-size--XSMALL ui-pdp-family--REGULAR\">Con tecnolog\u00eda 3D NAND.<\/li>\n<li class=\"ui-vpp-highlighted-specs__features-list-item ui-pdp-color--BLACK ui-pdp-size--XSMALL ui-pdp-family--REGULAR\">\u00datil para guardar programas y documentos con su capacidad de 240\u00a0GB.<\/li>\n<li class=\"ui-vpp-highlighted-specs__features-list-item ui-pdp-color--BLACK ui-pdp-size--XSMALL ui-pdp-family--REGULAR\">Tama\u00f1o de 2.5\u00a0\u00ab.<\/li>\n<li class=\"ui-vpp-highlighted-specs__features-list-item ui-pdp-color--BLACK ui-pdp-size--XSMALL ui-pdp-family--REGULAR\">Interfaz de conexi\u00f3n: SATA III.<\/li>\n<li class=\"ui-vpp-highlighted-specs__features-list-item ui-pdp-color--BLACK ui-pdp-size--XSMALL ui-pdp-family--REGULAR\">Apto para PC y Notebook.<\/li>\n<li class=\"ui-vpp-highlighted-specs__features-list-item ui-pdp-color--BLACK ui-pdp-size--XSMALL ui-pdp-family--REGULAR\">Incrementa el rendimiento de tu equipo.<\/li>\n<\/ul>\n","protected":false},"featured_media":9281,"comment_status":"open","ping_status":"closed","template":"","meta":[],"pwb-brand":[122],"product_cat":[66,94,91],"product_tag":[],"class_list":{"0":"post-9283","1":"product","2":"type-product","3":"status-publish","4":"has-post-thumbnail","6":"pwb-brand-crucial","7":"product_cat-computacion","8":"product_cat-discos","9":"product_cat-componentes","11":"first","12":"instock","13":"shipping-taxable","14":"purchasable","15":"product-type-simple"},"brands":[{"id":122,"name":"Crucial","slug":"crucial"}],"_links":{"self":[{"href":"https:\/\/aptecnologia.com.ar\/new\/wp-json\/wp\/v2\/product\/9283","targetHints":{"allow":["GET"]}}],"collection":[{"href":"https:\/\/aptecnologia.com.ar\/new\/wp-json\/wp\/v2\/product"}],"about":[{"href":"https:\/\/aptecnologia.com.ar\/new\/wp-json\/wp\/v2\/types\/product"}],"replies":[{"embeddable":true,"href":"https:\/\/aptecnologia.com.ar\/new\/wp-json\/wp\/v2\/comments?post=9283"}],"version-history":[{"count":0,"href":"https:\/\/aptecnologia.com.ar\/new\/wp-json\/wp\/v2\/product\/9283\/revisions"}],"wp:featuredmedia":[{"embeddable":true,"href":"https:\/\/aptecnologia.com.ar\/new\/wp-json\/wp\/v2\/media\/9281"}],"wp:attachment":[{"href":"https:\/\/aptecnologia.com.ar\/new\/wp-json\/wp\/v2\/media?parent=9283"}],"wp:term":[{"taxonomy":"pwb-brand","embeddable":true,"href":"https:\/\/aptecnologia.com.ar\/new\/wp-json\/wp\/v2\/pwb-brand?post=9283"},{"taxonomy":"product_cat","embeddable":true,"href":"https:\/\/aptecnologia.com.ar\/new\/wp-json\/wp\/v2\/product_cat?post=9283"},{"taxonomy":"product_tag","embeddable":true,"href":"https:\/\/aptecnologia.com.ar\/new\/wp-json\/wp\/v2\/product_tag?post=9283"}],"curies":[{"name":"wp","href":"https:\/\/api.w.org\/{rel}","templated":true}]}}