{"id":9275,"date":"2021-12-07T00:08:59","date_gmt":"2021-12-07T00:08:59","guid":{"rendered":"https:\/\/aptecnologia.com.ar\/new\/?post_type=product&#038;p=9275"},"modified":"2023-03-08T18:18:39","modified_gmt":"2023-03-08T18:18:39","slug":"disco-ssd-120gb-a400-sata3-2-5-kingston","status":"publish","type":"product","link":"https:\/\/aptecnologia.com.ar\/new\/productos\/disco-ssd-120gb-a400-sata3-2-5-kingston\/","title":{"rendered":"Disco SSD 120Gb A400 SATA3 2.5&#8243; &#8211; KINGSTON"},"content":{"rendered":"<p>DISCO S\u00d3LIDO SSD KINGSTON A400 120GB SATA3 500MB\/S<\/p>\n<p>A400 SSD La unidad de estado s\u00f3lido A400 de Kingston mejora dram\u00e1ticamente la capacidad de respuesta de su sistema existente con velocidades incre\u00edbles de inicio, carga y transferencia, comparadas con los discos duros mec\u00e1nicos. Usando un controlador de \u00faltima generaci\u00f3n para leer y escribir a velocidades de hasta 500MB\/seg y 450MB\/seg1, este SSD es 10 veces m\u00e1s r\u00e1pido que un disco duro tradicional1 para un mejor rendimiento, mayor capacidad de respuesta y multi-tarea, y en general un sistema m\u00e1s r\u00e1pido. Adem\u00e1s de ser m\u00e1s confiable y duradero -Factor de forma 2.5&#8243; &#8211; 7mm de espesor -Interfaz SATA Rev. 3.0 (6Gb\/seg) con compatibilidad inversa para SATA Rev. 2.0 (3Gb\/seg) -Capacidad: 120Gb -Controladora: 2 Canales -NAND TLC -Velocidad: Hasta 500MB\/s Lectura y 320MB\/s Escritura -Consumo de energ\u00eda: 1.5W Maximo<\/p>\n","protected":false},"excerpt":{"rendered":"<ul>\n<li>Capacidad: 120 GB<\/li>\n<li>Factor de forma: 2.5 \u00ab<\/li>\n<li>Aplicaciones: PC,Notebook<\/li>\n<li>Tecnolog\u00eda de almacenamiento: SSD<\/li>\n<li>Interfaces: SATA III<\/li>\n<\/ul>\n","protected":false},"featured_media":12181,"comment_status":"open","ping_status":"closed","template":"","meta":[],"pwb-brand":[121],"product_cat":[66,94,91],"product_tag":[],"class_list":{"0":"post-9275","1":"product","2":"type-product","3":"status-publish","4":"has-post-thumbnail","6":"pwb-brand-kingston","7":"product_cat-computacion","8":"product_cat-discos","9":"product_cat-componentes","11":"first","12":"instock","13":"shipping-taxable","14":"purchasable","15":"product-type-simple"},"brands":[{"id":121,"name":"Kingston","slug":"kingston"}],"_links":{"self":[{"href":"https:\/\/aptecnologia.com.ar\/new\/wp-json\/wp\/v2\/product\/9275","targetHints":{"allow":["GET"]}}],"collection":[{"href":"https:\/\/aptecnologia.com.ar\/new\/wp-json\/wp\/v2\/product"}],"about":[{"href":"https:\/\/aptecnologia.com.ar\/new\/wp-json\/wp\/v2\/types\/product"}],"replies":[{"embeddable":true,"href":"https:\/\/aptecnologia.com.ar\/new\/wp-json\/wp\/v2\/comments?post=9275"}],"version-history":[{"count":0,"href":"https:\/\/aptecnologia.com.ar\/new\/wp-json\/wp\/v2\/product\/9275\/revisions"}],"wp:featuredmedia":[{"embeddable":true,"href":"https:\/\/aptecnologia.com.ar\/new\/wp-json\/wp\/v2\/media\/12181"}],"wp:attachment":[{"href":"https:\/\/aptecnologia.com.ar\/new\/wp-json\/wp\/v2\/media?parent=9275"}],"wp:term":[{"taxonomy":"pwb-brand","embeddable":true,"href":"https:\/\/aptecnologia.com.ar\/new\/wp-json\/wp\/v2\/pwb-brand?post=9275"},{"taxonomy":"product_cat","embeddable":true,"href":"https:\/\/aptecnologia.com.ar\/new\/wp-json\/wp\/v2\/product_cat?post=9275"},{"taxonomy":"product_tag","embeddable":true,"href":"https:\/\/aptecnologia.com.ar\/new\/wp-json\/wp\/v2\/product_tag?post=9275"}],"curies":[{"name":"wp","href":"https:\/\/api.w.org\/{rel}","templated":true}]}}