{"id":9272,"date":"2021-12-07T00:02:14","date_gmt":"2021-12-07T00:02:14","guid":{"rendered":"https:\/\/aptecnologia.com.ar\/new\/?post_type=product&#038;p=9272"},"modified":"2022-03-21T19:03:35","modified_gmt":"2022-03-21T19:03:35","slug":"disco-ssd-120gb-2-5-sata-3-gigabyte","status":"publish","type":"product","link":"https:\/\/aptecnologia.com.ar\/new\/productos\/disco-ssd-120gb-2-5-sata-3-gigabyte\/","title":{"rendered":"Disco SSD 120Gb 2.5&#8243; SATA 3 &#8211; GIGABYTE"},"content":{"rendered":"<p class=\"ui-pdp-description__content\">Con la unidad en estado s\u00f3lido Gigabyte vas a incrementar la capacidad de respuesta de tu equipo. Gracias a esta tecnolog\u00eda podr\u00e1s invertir en velocidad y eficiencia para el inicio, la carga y la transferencia de datos.<\/p>\n<p>Irrompible<br \/>\nAdem\u00e1s de su funcionalidad y soporte, la importancia de los discos de almacenamiento tambi\u00e9n radica en su calidad y resistencia. Despreocupate y disfrut\u00e1 de la durabilidad de este producto debido a su capacidad de absorber y resistir fuertes impactos.<\/p>\n<p>M\u00e1s velocidad a tu alcance<br \/>\nEste producto posee una interfaz SATA III que se encarga de transferir datos con la placa madre de tu computadora. Es de gran importancia y con su velocidad de env\u00edo de informaci\u00f3n mejora el rendimiento. Vas a poder cargar todo tipo de archivos en tu PC con rapidez.<\/p>\n","protected":false},"excerpt":{"rendered":"<ul class=\"ui-vpp-highlighted-specs__features-list\">\n<li class=\"ui-vpp-highlighted-specs__features-list-item ui-pdp-color--BLACK ui-pdp-size--XSMALL ui-pdp-family--REGULAR\">Con tecnolog\u00eda 3D NAND.<\/li>\n<li class=\"ui-vpp-highlighted-specs__features-list-item ui-pdp-color--BLACK ui-pdp-size--XSMALL ui-pdp-family--REGULAR\">\u00datil para guardar programas y documentos con su capacidad de 120\u00a0GB.<\/li>\n<li class=\"ui-vpp-highlighted-specs__features-list-item ui-pdp-color--BLACK ui-pdp-size--XSMALL ui-pdp-family--REGULAR\">Resistente a fuertes golpes.<\/li>\n<li class=\"ui-vpp-highlighted-specs__features-list-item ui-pdp-color--BLACK ui-pdp-size--XSMALL ui-pdp-family--REGULAR\">Tama\u00f1o de 2.5\u00a0\u00ab.<\/li>\n<li class=\"ui-vpp-highlighted-specs__features-list-item ui-pdp-color--BLACK ui-pdp-size--XSMALL ui-pdp-family--REGULAR\">Es compatible con Windows 10.<\/li>\n<li class=\"ui-vpp-highlighted-specs__features-list-item ui-pdp-color--BLACK ui-pdp-size--XSMALL ui-pdp-family--REGULAR\">Interfaz de conexi\u00f3n: SATA III.<\/li>\n<li class=\"ui-vpp-highlighted-specs__features-list-item ui-pdp-color--BLACK ui-pdp-size--XSMALL ui-pdp-family--REGULAR\">Apto para PC y Notebook.<\/li>\n<\/ul>\n","protected":false},"featured_media":9274,"comment_status":"open","ping_status":"closed","template":"","meta":[],"pwb-brand":[120],"product_cat":[66,94,91],"product_tag":[],"class_list":{"0":"post-9272","1":"product","2":"type-product","3":"status-publish","4":"has-post-thumbnail","6":"pwb-brand-gigabyte","7":"product_cat-computacion","8":"product_cat-discos","9":"product_cat-componentes","11":"first","12":"outofstock","13":"shipping-taxable","14":"purchasable","15":"product-type-simple"},"brands":[{"id":120,"name":"Gigabyte","slug":"gigabyte"}],"_links":{"self":[{"href":"https:\/\/aptecnologia.com.ar\/new\/wp-json\/wp\/v2\/product\/9272","targetHints":{"allow":["GET"]}}],"collection":[{"href":"https:\/\/aptecnologia.com.ar\/new\/wp-json\/wp\/v2\/product"}],"about":[{"href":"https:\/\/aptecnologia.com.ar\/new\/wp-json\/wp\/v2\/types\/product"}],"replies":[{"embeddable":true,"href":"https:\/\/aptecnologia.com.ar\/new\/wp-json\/wp\/v2\/comments?post=9272"}],"version-history":[{"count":0,"href":"https:\/\/aptecnologia.com.ar\/new\/wp-json\/wp\/v2\/product\/9272\/revisions"}],"wp:featuredmedia":[{"embeddable":true,"href":"https:\/\/aptecnologia.com.ar\/new\/wp-json\/wp\/v2\/media\/9274"}],"wp:attachment":[{"href":"https:\/\/aptecnologia.com.ar\/new\/wp-json\/wp\/v2\/media?parent=9272"}],"wp:term":[{"taxonomy":"pwb-brand","embeddable":true,"href":"https:\/\/aptecnologia.com.ar\/new\/wp-json\/wp\/v2\/pwb-brand?post=9272"},{"taxonomy":"product_cat","embeddable":true,"href":"https:\/\/aptecnologia.com.ar\/new\/wp-json\/wp\/v2\/product_cat?post=9272"},{"taxonomy":"product_tag","embeddable":true,"href":"https:\/\/aptecnologia.com.ar\/new\/wp-json\/wp\/v2\/product_tag?post=9272"}],"curies":[{"name":"wp","href":"https:\/\/api.w.org\/{rel}","templated":true}]}}