{"id":9255,"date":"2021-12-06T14:11:24","date_gmt":"2021-12-06T14:11:24","guid":{"rendered":"https:\/\/aptecnologia.com.ar\/new\/?post_type=product&#038;p=9255"},"modified":"2022-03-14T16:50:45","modified_gmt":"2022-03-14T16:50:45","slug":"combo-tecladomouse-mk120-usb-logitech","status":"publish","type":"product","link":"https:\/\/aptecnologia.com.ar\/new\/productos\/combo-tecladomouse-mk120-usb-logitech\/","title":{"rendered":"Combo teclado+mouse MK120 USB &#8211; LOGITECH"},"content":{"rendered":"<p>Escritura c\u00f3moda.<br \/>\nDisfrutar\u00e1 de teclas planas que apenas hacen ruido y un dise\u00f1o<br \/>\nest\u00e1ndar con teclas F y teclado num\u00e9rico de tama\u00f1o normal.<\/p>\n<p>Atractivo y robusto.<br \/>\nEl teclado no es s\u00f3lo elegante: es resistente, con un dise\u00f1o<br \/>\nresistente a salpicaduras, s\u00f3lidas patas ajustables y teclas duraderas.<\/p>\n<p>As\u00ed de simple.<br \/>\nBasta con conectarlo al puerto USB de la computadora,<br \/>\nport\u00e1til o netbook, y ya se puede empezar a usar.<\/p>\n<p>REQUISITOS DEL SISTEMA<br \/>\nSistema Operativo: Windows\u00ae XP, Windows Vista\u00ae, Windows 7, Windows 8, Windows 10<br \/>\nPuerto USB<br \/>\nLinux\u00ae<br \/>\nLinux\u00ae kernel 2.6+<br \/>\nPuerto USB<\/p>\n<p>ESTA CAJA CONTIENE<br \/>\nTeclado<br \/>\nRat\u00f3n<br \/>\nDocumentaci\u00f3n del usuario<\/p>\n","protected":false},"excerpt":{"rendered":"<p>Modelo del teclado: K120<br \/>\nModelo del mouse: M100<br \/>\nTipo de sensor del mouse: \u00d3ptico<br \/>\nResoluci\u00f3n del sensor del mouse: 1000 dpi<br \/>\nIncluye mouse pad: No<br \/>\nIncluye auriculares: No<br \/>\nIncluye parlantes: No<br \/>\nIncluye bater\u00eda: No<br \/>\nEs inal\u00e1mbrico: No<br \/>\nEs recargable: No<br \/>\nEs gamer: No<\/p>\n","protected":false},"featured_media":9257,"comment_status":"open","ping_status":"closed","template":"","meta":[],"pwb-brand":[108],"product_cat":[115,66,90],"product_tag":[],"class_list":{"0":"post-9255","1":"product","2":"type-product","3":"status-publish","4":"has-post-thumbnail","6":"pwb-brand-logitech","7":"product_cat-combos","8":"product_cat-computacion","9":"product_cat-perifericos","11":"first","12":"instock","13":"shipping-taxable","14":"purchasable","15":"product-type-simple"},"brands":[{"id":108,"name":"Logitech","slug":"logitech"}],"_links":{"self":[{"href":"https:\/\/aptecnologia.com.ar\/new\/wp-json\/wp\/v2\/product\/9255","targetHints":{"allow":["GET"]}}],"collection":[{"href":"https:\/\/aptecnologia.com.ar\/new\/wp-json\/wp\/v2\/product"}],"about":[{"href":"https:\/\/aptecnologia.com.ar\/new\/wp-json\/wp\/v2\/types\/product"}],"replies":[{"embeddable":true,"href":"https:\/\/aptecnologia.com.ar\/new\/wp-json\/wp\/v2\/comments?post=9255"}],"version-history":[{"count":0,"href":"https:\/\/aptecnologia.com.ar\/new\/wp-json\/wp\/v2\/product\/9255\/revisions"}],"wp:featuredmedia":[{"embeddable":true,"href":"https:\/\/aptecnologia.com.ar\/new\/wp-json\/wp\/v2\/media\/9257"}],"wp:attachment":[{"href":"https:\/\/aptecnologia.com.ar\/new\/wp-json\/wp\/v2\/media?parent=9255"}],"wp:term":[{"taxonomy":"pwb-brand","embeddable":true,"href":"https:\/\/aptecnologia.com.ar\/new\/wp-json\/wp\/v2\/pwb-brand?post=9255"},{"taxonomy":"product_cat","embeddable":true,"href":"https:\/\/aptecnologia.com.ar\/new\/wp-json\/wp\/v2\/product_cat?post=9255"},{"taxonomy":"product_tag","embeddable":true,"href":"https:\/\/aptecnologia.com.ar\/new\/wp-json\/wp\/v2\/product_tag?post=9255"}],"curies":[{"name":"wp","href":"https:\/\/api.w.org\/{rel}","templated":true}]}}