{"id":9232,"date":"2021-12-03T22:16:00","date_gmt":"2021-12-03T22:16:00","guid":{"rendered":"https:\/\/aptecnologia.com.ar\/new\/?post_type=product&#038;p=9232"},"modified":"2022-03-09T14:34:57","modified_gmt":"2022-03-09T14:34:57","slug":"camara-interior-cs-cv246-1080-hikvision","status":"publish","type":"product","link":"https:\/\/aptecnologia.com.ar\/new\/productos\/camara-interior-cs-cv246-1080-hikvision\/","title":{"rendered":"Camara Interior CS-CV246 1080 &#8211; HIKVISION"},"content":{"rendered":"<p>Si est\u00e1s lejos de casa y quieres saber qu\u00e9 es lo que sucede, ya puedes hacerlo con la c\u00e1mara EZVIZ Mini 360<\/p>\n<p>La c\u00e1mara EZVIZ Mini 360 se inclina hasta 90\u00ba y gira hasta 360\u00ba para una visi\u00f3n m\u00e1s clara de la habitaci\u00f3n que est\u00e9s observando.<\/p>\n<p>Lo mejor es que puedes monitorear lo que sucede a trav\u00e9s de la app de EZVIZ y puedes recibir alertas de movimiento en tu \u00a0smartphone cuando no est\u00e1s.<br \/>\nLa Mini 360 tambi\u00e9n incluye visi\u00f3n nocturna, lo cual permite tener una mayor visibilidad en condiciones de poca luz.<\/p>\n<p>Caracter\u00edsticas:<br \/>\nCamara EZVIZ C6N 1080P Domo Motorizado Ip Wifi CV246 (A0-1C2WFR)<br \/>\n\u2022 Resoluci\u00f3n: 1920\u00d71080p<br \/>\n\u2022 Lente. 4mm@ F2.2, view angle:82\u00b0 (Horizontal), 94\u00b0(Diagonal)<br \/>\n\u2022 Rotacion: Pan: 340\u00b0, Tilt: 120\u00b0<br \/>\n\u2022 IR: 10 mts (32,8 ft)<br \/>\n\u2022 Modo d\u00eda\/noche: Auto switch<br \/>\n\u2022 Almacenamiento local: Slot para micro SD de hasta 256 GB (No incluida)<br \/>\n\u2022 Audio: Micr\u00f3fono y altavoz incorporado.<br \/>\n\u2022 Temperatura e operacion: -10\u00b0C a +50\u00b0C<br \/>\n\u2022 Potencia: DC 5V<br \/>\n\u2022 Dimensiones: 87,7X187,7X112,7mm<br \/>\n\u2022 WiFi: 2.4 GHz<br \/>\n\u2022 Sistemas celulares de compatibilidad: Android e iOS<br \/>\n\u2022 Servidor: P2P<br \/>\n\u2022 Peso: 260 g<br \/>\n\u2022 Color: Blanco<\/p>\n","protected":false},"excerpt":{"rendered":"<p>Tipo de c\u00e1maras IP.<br \/>\nCalidad de resoluci\u00f3n HD 720p.<br \/>\nFormato Domo.<br \/>\nTipo de conector Inal\u00e1mbrico.<br \/>\nAmbiente de uso Interno.<br \/>\nCapacidad de almacenamiento 128 GB.<br \/>\nDistancia de alcance 30 m.<br \/>\n\u00c1ngulo de visi\u00f3n 360\u00b0<\/p>\n","protected":false},"featured_media":9231,"comment_status":"open","ping_status":"closed","template":"","meta":[],"pwb-brand":[114],"product_cat":[112,68],"product_tag":[],"class_list":{"0":"post-9232","1":"product","2":"type-product","3":"status-publish","4":"has-post-thumbnail","6":"pwb-brand-hikvision","7":"product_cat-camaras","8":"product_cat-seguridad-y-vigilancia","10":"first","11":"outofstock","12":"shipping-taxable","13":"purchasable","14":"product-type-simple"},"brands":[{"id":114,"name":"Hikvision","slug":"hikvision"}],"_links":{"self":[{"href":"https:\/\/aptecnologia.com.ar\/new\/wp-json\/wp\/v2\/product\/9232","targetHints":{"allow":["GET"]}}],"collection":[{"href":"https:\/\/aptecnologia.com.ar\/new\/wp-json\/wp\/v2\/product"}],"about":[{"href":"https:\/\/aptecnologia.com.ar\/new\/wp-json\/wp\/v2\/types\/product"}],"replies":[{"embeddable":true,"href":"https:\/\/aptecnologia.com.ar\/new\/wp-json\/wp\/v2\/comments?post=9232"}],"version-history":[{"count":0,"href":"https:\/\/aptecnologia.com.ar\/new\/wp-json\/wp\/v2\/product\/9232\/revisions"}],"wp:featuredmedia":[{"embeddable":true,"href":"https:\/\/aptecnologia.com.ar\/new\/wp-json\/wp\/v2\/media\/9231"}],"wp:attachment":[{"href":"https:\/\/aptecnologia.com.ar\/new\/wp-json\/wp\/v2\/media?parent=9232"}],"wp:term":[{"taxonomy":"pwb-brand","embeddable":true,"href":"https:\/\/aptecnologia.com.ar\/new\/wp-json\/wp\/v2\/pwb-brand?post=9232"},{"taxonomy":"product_cat","embeddable":true,"href":"https:\/\/aptecnologia.com.ar\/new\/wp-json\/wp\/v2\/product_cat?post=9232"},{"taxonomy":"product_tag","embeddable":true,"href":"https:\/\/aptecnologia.com.ar\/new\/wp-json\/wp\/v2\/product_tag?post=9232"}],"curies":[{"name":"wp","href":"https:\/\/api.w.org\/{rel}","templated":true}]}}