{"id":9212,"date":"2021-12-02T19:15:10","date_gmt":"2021-12-02T19:15:10","guid":{"rendered":"https:\/\/aptecnologia.com.ar\/new\/?post_type=product&#038;p=9212"},"modified":"2022-03-14T17:31:47","modified_gmt":"2022-03-14T17:31:47","slug":"auricular-h111-estereo-logitech","status":"publish","type":"product","link":"https:\/\/aptecnologia.com.ar\/new\/productos\/auricular-h111-estereo-logitech\/","title":{"rendered":"Auricular H111 estereo &#8211; LOGITECH"},"content":{"rendered":"<p>La forma m\u00e1s sencilla de empezar a hablar usando computadoras, smartphones.<br \/>\nTienen una toma de audio est\u00e1ndar de 3,5 mm y son compatibles con la mayor\u00eda de los sistemas operativos y plataformas. Permiten o\u00edr lo esencial y ser o\u00eddo con claridad.<\/p>\n","protected":false},"excerpt":{"rendered":"<ul class=\"ui-vpp-highlighted-specs__features-list\">\n<li class=\"ui-vpp-highlighted-specs__features-list-item ui-pdp-color--BLACK ui-pdp-size--XSMALL ui-pdp-family--REGULAR\">Con micr\u00f3fono incorporado.<\/li>\n<li class=\"ui-vpp-highlighted-specs__features-list-item ui-pdp-color--BLACK ui-pdp-size--XSMALL ui-pdp-family--REGULAR\">El largo del cable es de 1.8\u00a0m.<\/li>\n<li class=\"ui-vpp-highlighted-specs__features-list-item ui-pdp-color--BLACK ui-pdp-size--XSMALL ui-pdp-family--REGULAR\">Sonido superior y sin l\u00edmites.<\/li>\n<li class=\"ui-vpp-highlighted-specs__features-list-item ui-pdp-color--BLACK ui-pdp-size--XSMALL ui-pdp-family--REGULAR\">C\u00f3modos y pr\u00e1cticos.<\/li>\n<li>Respuesta en frecuencia 20Hz<\/li>\n<li>Sensibilidad 100 dB<\/li>\n<\/ul>\n","protected":false},"featured_media":9209,"comment_status":"open","ping_status":"closed","template":"","meta":[],"pwb-brand":[108],"product_cat":[67,86],"product_tag":[175],"class_list":{"0":"post-9212","1":"product","2":"type-product","3":"status-publish","4":"has-post-thumbnail","6":"pwb-brand-logitech","7":"product_cat-audio-y-video","8":"product_cat-auriculares","9":"product_tag-vuelta_a_clases","11":"first","12":"instock","13":"shipping-taxable","14":"purchasable","15":"product-type-simple"},"brands":[{"id":108,"name":"Logitech","slug":"logitech"}],"_links":{"self":[{"href":"https:\/\/aptecnologia.com.ar\/new\/wp-json\/wp\/v2\/product\/9212","targetHints":{"allow":["GET"]}}],"collection":[{"href":"https:\/\/aptecnologia.com.ar\/new\/wp-json\/wp\/v2\/product"}],"about":[{"href":"https:\/\/aptecnologia.com.ar\/new\/wp-json\/wp\/v2\/types\/product"}],"replies":[{"embeddable":true,"href":"https:\/\/aptecnologia.com.ar\/new\/wp-json\/wp\/v2\/comments?post=9212"}],"version-history":[{"count":0,"href":"https:\/\/aptecnologia.com.ar\/new\/wp-json\/wp\/v2\/product\/9212\/revisions"}],"wp:featuredmedia":[{"embeddable":true,"href":"https:\/\/aptecnologia.com.ar\/new\/wp-json\/wp\/v2\/media\/9209"}],"wp:attachment":[{"href":"https:\/\/aptecnologia.com.ar\/new\/wp-json\/wp\/v2\/media?parent=9212"}],"wp:term":[{"taxonomy":"pwb-brand","embeddable":true,"href":"https:\/\/aptecnologia.com.ar\/new\/wp-json\/wp\/v2\/pwb-brand?post=9212"},{"taxonomy":"product_cat","embeddable":true,"href":"https:\/\/aptecnologia.com.ar\/new\/wp-json\/wp\/v2\/product_cat?post=9212"},{"taxonomy":"product_tag","embeddable":true,"href":"https:\/\/aptecnologia.com.ar\/new\/wp-json\/wp\/v2\/product_tag?post=9212"}],"curies":[{"name":"wp","href":"https:\/\/api.w.org\/{rel}","templated":true}]}}