{"id":9178,"date":"2021-11-30T14:02:52","date_gmt":"2021-11-30T14:02:52","guid":{"rendered":"https:\/\/aptecnologia.com.ar\/new\/productos\/smartwatch-fashion-gtr-1-39-caja-47mm-de-aleacion-de-aluminio-amazfit-copy\/"},"modified":"2023-03-31T11:10:15","modified_gmt":"2023-03-31T11:10:15","slug":"smartwatch-fashion-gtr-1-39-caja-47mm-de-acero-amazfit","status":"publish","type":"product","link":"https:\/\/aptecnologia.com.ar\/new\/productos\/smartwatch-fashion-gtr-1-39-caja-47mm-de-acero-amazfit\/","title":{"rendered":"Reloj Smartwatch Fashion GTR 1.39&#8243; caja 47mm malla de acero &#8211; AMAZFIT"},"content":{"rendered":"<p class=\"ui-pdp-description__content\">Los smartwatches de Amazfit pisan fuerte: dise\u00f1o moderno y funcionalidad se combinan para una gran experiencia. La pantalla se destaca frente a otros relojes por su calidad y buena visualizaci\u00f3n, incluso a plena luz del d\u00eda. Adem\u00e1s, poseen modalidades deportivas muy \u00fatiles para todo tipo de entrenamientos.<\/p>\n<p>Descans\u00e1 mejor, rend\u00ed m\u00e1s<br \/>\nGracias a la funci\u00f3n de monitoreo del sue\u00f1o podr\u00e1s aprender m\u00e1s acerca de tus h\u00e1bitos por las noches y la calidad de tu descanso para que puedas rendir mejor al d\u00eda siguiente.<\/p>\n<p>Seguimiento preciso de tu entrenamiento<br \/>\nRegistr\u00e1 todos tus recorridos en tiempo real gracias al m\u00f3dulo GPS incorporado en el smartwatch. Desafi\u00e1 tus l\u00edmites con los datos que te proporciona en tiempo real como la distancia, la velocidad y el ritmo.<\/p>\n<p>Energ\u00eda que se adapta a tu rutina<br \/>\n\u00a1Entren\u00e1 todos los d\u00edas! Su bater\u00eda tiene una duraci\u00f3n de hasta 24 d\u00edas, dependiendo de la intensidad del uso. Vas a tener energ\u00eda suficiente para acompa\u00f1ar tus entrenamientos diarios y llevarlos a otro nivel.<\/p>\n","protected":false},"excerpt":{"rendered":"<ul class=\"ui-vpp-highlighted-specs__features-list\">\n<li class=\"ui-vpp-highlighted-specs__features-list-item ui-pdp-color--BLACK ui-pdp-size--XSMALL ui-pdp-family--REGULAR\">Pantalla t\u00e1ctil AMOLED de 1.39&#8243;.<\/li>\n<li class=\"ui-vpp-highlighted-specs__features-list-item ui-pdp-color--BLACK ui-pdp-size--XSMALL ui-pdp-family--REGULAR\">Resiste hasta 50m bajo el agua.<\/li>\n<li class=\"ui-vpp-highlighted-specs__features-list-item ui-pdp-color--BLACK ui-pdp-size--XSMALL ui-pdp-family--REGULAR\">Con GPS integrado.<\/li>\n<li class=\"ui-vpp-highlighted-specs__features-list-item ui-pdp-color--BLACK ui-pdp-size--XSMALL ui-pdp-family--REGULAR\">Bater\u00eda de 24 d\u00edas de duraci\u00f3n.<\/li>\n<li class=\"ui-vpp-highlighted-specs__features-list-item ui-pdp-color--BLACK ui-pdp-size--XSMALL ui-pdp-family--REGULAR\">Conectividad por Bluetooth.<\/li>\n<li class=\"ui-vpp-highlighted-specs__features-list-item ui-pdp-color--BLACK ui-pdp-size--XSMALL ui-pdp-family--REGULAR\">Sensores incluidos: aceler\u00f3metro, bar\u00f3metro, sensor capacitivo, sensor de luz ambiente, sensor geomagn\u00e9tico, sensor \u00f3ptico de frecuencia card\u00edaca ppg.<\/li>\n<li class=\"ui-vpp-highlighted-specs__features-list-item ui-pdp-color--BLACK ui-pdp-size--XSMALL ui-pdp-family--REGULAR\">Malla intercambiable por otros colores, no incluidos en el producto.<\/li>\n<\/ul>\n","protected":false},"featured_media":9179,"comment_status":"open","ping_status":"closed","template":"","meta":[],"pwb-brand":[106],"product_cat":[75,69],"product_tag":[],"class_list":{"0":"post-9178","1":"product","2":"type-product","3":"status-publish","4":"has-post-thumbnail","6":"pwb-brand-amazfit","7":"product_cat-relojes","8":"product_cat-salud-y-bienestar","10":"first","11":"outofstock","12":"shipping-taxable","13":"purchasable","14":"product-type-simple"},"brands":[{"id":106,"name":"Amazfit","slug":"amazfit"}],"_links":{"self":[{"href":"https:\/\/aptecnologia.com.ar\/new\/wp-json\/wp\/v2\/product\/9178","targetHints":{"allow":["GET"]}}],"collection":[{"href":"https:\/\/aptecnologia.com.ar\/new\/wp-json\/wp\/v2\/product"}],"about":[{"href":"https:\/\/aptecnologia.com.ar\/new\/wp-json\/wp\/v2\/types\/product"}],"replies":[{"embeddable":true,"href":"https:\/\/aptecnologia.com.ar\/new\/wp-json\/wp\/v2\/comments?post=9178"}],"version-history":[{"count":0,"href":"https:\/\/aptecnologia.com.ar\/new\/wp-json\/wp\/v2\/product\/9178\/revisions"}],"wp:featuredmedia":[{"embeddable":true,"href":"https:\/\/aptecnologia.com.ar\/new\/wp-json\/wp\/v2\/media\/9179"}],"wp:attachment":[{"href":"https:\/\/aptecnologia.com.ar\/new\/wp-json\/wp\/v2\/media?parent=9178"}],"wp:term":[{"taxonomy":"pwb-brand","embeddable":true,"href":"https:\/\/aptecnologia.com.ar\/new\/wp-json\/wp\/v2\/pwb-brand?post=9178"},{"taxonomy":"product_cat","embeddable":true,"href":"https:\/\/aptecnologia.com.ar\/new\/wp-json\/wp\/v2\/product_cat?post=9178"},{"taxonomy":"product_tag","embeddable":true,"href":"https:\/\/aptecnologia.com.ar\/new\/wp-json\/wp\/v2\/product_tag?post=9178"}],"curies":[{"name":"wp","href":"https:\/\/api.w.org\/{rel}","templated":true}]}}