{"id":9171,"date":"2021-11-30T13:39:51","date_gmt":"2021-11-30T13:39:51","guid":{"rendered":"https:\/\/aptecnologia.com.ar\/new\/?post_type=product&#038;p=9171"},"modified":"2022-08-12T13:03:27","modified_gmt":"2022-08-12T13:03:27","slug":"reloj-stratos-smartwach-134-negro-bluetooth-sport-amazfit","status":"publish","type":"product","link":"https:\/\/aptecnologia.com.ar\/new\/productos\/reloj-stratos-smartwach-134-negro-bluetooth-sport-amazfit\/","title":{"rendered":"Reloj Stratos Smartwach 1,34 Negro Bluetooth Sport &#8211; AMAZFIT"},"content":{"rendered":"<p>Material: Metal<br \/>\nAlmacenamiento: 512MB<br \/>\nDeportes: 390&#215;390<br \/>\nOtros: Pantalla Capacitiva LCD t\u00e1ctil 1,34\u201d 320&#215;300 &#8211; Micro procesador Ingenic M200S dual-core 1,2 Ghz &#8211; Ram 512mb &#8211; Almacenamiento 4 GB -Bluetooth 4.0 BLE, WiFi 802.11n &#8211; SO Android 4.4- Caja met\u00e1lica &#8211; Correa silicona &#8211; Geoposicionamiento &#8211; Aceler\u00f3metro ,giros copio, magnet\u00f3metro, sensor \u00f3ptico para medici\u00f3n del ritmo cardiaco , medici\u00f3n de luz ambiental y bar\u00f3metro &#8211; Resistente al agua 50 m- Bater\u00eda 290 mAh &#8211; Tiempo de carga 2 horas .<\/p>\n","protected":false},"excerpt":{"rendered":"<p>Compatibilidad: Metal<br \/>\nAlmacenamiento: 512MB<br \/>\nDeportes: 390&#215;390<br \/>\nPantalla Capacitiva LCD t\u00e1ctil 1,34\u201d 320&#215;300<\/p>\n","protected":false},"featured_media":9167,"comment_status":"open","ping_status":"closed","template":"","meta":[],"pwb-brand":[106],"product_cat":[75,69],"product_tag":[],"class_list":{"0":"post-9171","1":"product","2":"type-product","3":"status-publish","4":"has-post-thumbnail","6":"pwb-brand-amazfit","7":"product_cat-relojes","8":"product_cat-salud-y-bienestar","10":"first","11":"instock","12":"shipping-taxable","13":"purchasable","14":"product-type-simple"},"brands":[{"id":106,"name":"Amazfit","slug":"amazfit"}],"_links":{"self":[{"href":"https:\/\/aptecnologia.com.ar\/new\/wp-json\/wp\/v2\/product\/9171","targetHints":{"allow":["GET"]}}],"collection":[{"href":"https:\/\/aptecnologia.com.ar\/new\/wp-json\/wp\/v2\/product"}],"about":[{"href":"https:\/\/aptecnologia.com.ar\/new\/wp-json\/wp\/v2\/types\/product"}],"replies":[{"embeddable":true,"href":"https:\/\/aptecnologia.com.ar\/new\/wp-json\/wp\/v2\/comments?post=9171"}],"version-history":[{"count":0,"href":"https:\/\/aptecnologia.com.ar\/new\/wp-json\/wp\/v2\/product\/9171\/revisions"}],"wp:featuredmedia":[{"embeddable":true,"href":"https:\/\/aptecnologia.com.ar\/new\/wp-json\/wp\/v2\/media\/9167"}],"wp:attachment":[{"href":"https:\/\/aptecnologia.com.ar\/new\/wp-json\/wp\/v2\/media?parent=9171"}],"wp:term":[{"taxonomy":"pwb-brand","embeddable":true,"href":"https:\/\/aptecnologia.com.ar\/new\/wp-json\/wp\/v2\/pwb-brand?post=9171"},{"taxonomy":"product_cat","embeddable":true,"href":"https:\/\/aptecnologia.com.ar\/new\/wp-json\/wp\/v2\/product_cat?post=9171"},{"taxonomy":"product_tag","embeddable":true,"href":"https:\/\/aptecnologia.com.ar\/new\/wp-json\/wp\/v2\/product_tag?post=9171"}],"curies":[{"name":"wp","href":"https:\/\/api.w.org\/{rel}","templated":true}]}}