{"id":9166,"date":"2021-11-30T13:25:55","date_gmt":"2021-11-30T13:25:55","guid":{"rendered":"https:\/\/aptecnologia.com.ar\/new\/?post_type=product&#038;p=9166"},"modified":"2023-03-31T11:10:36","modified_gmt":"2023-03-31T11:10:36","slug":"smartwatch-ct3-negro-gps-bt-fb-ig-wsp-cubitt","status":"publish","type":"product","link":"https:\/\/aptecnologia.com.ar\/new\/productos\/smartwatch-ct3-negro-gps-bt-fb-ig-wsp-cubitt\/","title":{"rendered":"Reloj Smartwatch Ct3 Negro Gps Bt Fb Ig Wsp &#8211; CUBITT"},"content":{"rendered":"<p>Tama\u00f1o de Pantalla: 1.3&#8243;<br \/>\nResistente al Agua: IP68 50m<br \/>\nDuraci\u00f3n de Bater\u00edas: 7 d\u00edas<br \/>\nMaterial de la Caja: Metal\/Resina<br \/>\nMaterial Malla: Resina<br \/>\nBluetooth: 4.2<br \/>\nTipo de Pantalla: TFT-LCD<br \/>\nFunciones: Monitor cont\u00ednuo del ritmo card\u00edaco &#8211; 12 modos de ejercicio &#8211; Quema de calor\u00edas a lo largo del d\u00eda &#8211; Contador de pasos diarios &#8211; Control de sue\u00f1o y sus fases &#8211; Alerta sedentaria &#8211; Seguimiento en tiempo real de la distancia &#8211; Notificaciones de tu tel\u00e9fono inteligente &#8211; Pron\u00f3stico del tiempo &#8211; MUC N\u00f3rdico &#8211; Sensor: aceler\u00f3metro y frecuencia card\u00edaca<\/p>\n","protected":false},"excerpt":{"rendered":"<p>Tama\u00f1o de Pantalla: 1.3&#8243;<br \/>\nResistente al Agua: IP68 50m<br \/>\nDuraci\u00f3n de Bater\u00edas: 7 d\u00edas<br \/>\nMaterial de la Caja: Metal\/Resina<br \/>\nMaterial Malla: Resina<br \/>\nBluetooth: 4.2<br \/>\nTipo de Pantalla: TFT-LCD<\/p>\n","protected":false},"featured_media":9163,"comment_status":"open","ping_status":"closed","template":"","meta":[],"pwb-brand":[105],"product_cat":[75,69],"product_tag":[],"class_list":{"0":"post-9166","1":"product","2":"type-product","3":"status-publish","4":"has-post-thumbnail","6":"pwb-brand-cubitt","7":"product_cat-relojes","8":"product_cat-salud-y-bienestar","10":"first","11":"instock","12":"shipping-taxable","13":"purchasable","14":"product-type-simple"},"brands":[{"id":105,"name":"Cubitt","slug":"cubitt"}],"_links":{"self":[{"href":"https:\/\/aptecnologia.com.ar\/new\/wp-json\/wp\/v2\/product\/9166","targetHints":{"allow":["GET"]}}],"collection":[{"href":"https:\/\/aptecnologia.com.ar\/new\/wp-json\/wp\/v2\/product"}],"about":[{"href":"https:\/\/aptecnologia.com.ar\/new\/wp-json\/wp\/v2\/types\/product"}],"replies":[{"embeddable":true,"href":"https:\/\/aptecnologia.com.ar\/new\/wp-json\/wp\/v2\/comments?post=9166"}],"version-history":[{"count":0,"href":"https:\/\/aptecnologia.com.ar\/new\/wp-json\/wp\/v2\/product\/9166\/revisions"}],"wp:featuredmedia":[{"embeddable":true,"href":"https:\/\/aptecnologia.com.ar\/new\/wp-json\/wp\/v2\/media\/9163"}],"wp:attachment":[{"href":"https:\/\/aptecnologia.com.ar\/new\/wp-json\/wp\/v2\/media?parent=9166"}],"wp:term":[{"taxonomy":"pwb-brand","embeddable":true,"href":"https:\/\/aptecnologia.com.ar\/new\/wp-json\/wp\/v2\/pwb-brand?post=9166"},{"taxonomy":"product_cat","embeddable":true,"href":"https:\/\/aptecnologia.com.ar\/new\/wp-json\/wp\/v2\/product_cat?post=9166"},{"taxonomy":"product_tag","embeddable":true,"href":"https:\/\/aptecnologia.com.ar\/new\/wp-json\/wp\/v2\/product_tag?post=9166"}],"curies":[{"name":"wp","href":"https:\/\/api.w.org\/{rel}","templated":true}]}}