{"id":9160,"date":"2021-11-30T13:17:58","date_gmt":"2021-11-30T13:17:58","guid":{"rendered":"https:\/\/aptecnologia.com.ar\/new\/?post_type=product&#038;p=9160"},"modified":"2023-08-31T22:43:33","modified_gmt":"2023-09-01T01:43:33","slug":"smartwatch-reloj-inteligente-match-100-touch-fitness-ritmo-cardiaco-soul","status":"publish","type":"product","link":"https:\/\/aptecnologia.com.ar\/new\/productos\/smartwatch-reloj-inteligente-match-100-touch-fitness-ritmo-cardiaco-soul\/","title":{"rendered":"Smartwatch Reloj Inteligente Match 100 Touch Fitness R\u00edtmo Cardiaco &#8211; SOUL"},"content":{"rendered":"<p>Bluetooh 4.0<br \/>\nResoluci\u00f3n Pantalla: 1.3 Inch Colorida<br \/>\nTouch Screen &#8211; 240 RGB*240<br \/>\nMemoria: 32 m Flash + ROM 512 K<br \/>\nBater\u00eda: 150 maH, 5 d\u00edas de uso aprox<br \/>\nAncho de la malla: 2CM<br \/>\nCaracteristicas B\u00e1sicas: Record Deportivo (pasos, km, kcal), Ritmo Card\u00edaco, Presi\u00f3n Sanguinea, Saturaci\u00f3n de Ox\u00edgeno, Dormir<br \/>\nNotificaciones: Mensaje de Facebook, Instagram, Whatsapp<br \/>\nReporte de Data, Modo Deporte<br \/>\nDescarga de Aplicaci\u00f3n: APP LEFUN Health<\/p>\n<p>Requerimientos minimos<br \/>\nAndroid 4.2 o superior<br \/>\nIOS 8.0 o superior<br \/>\nSoporta BT4.0<\/p>\n<p>Funciones:<br \/>\nPodometro: Cuenta tus pasos.<br \/>\nModo Deporte: Estad\u00edsticas diarias<br \/>\nSaturaci\u00f3n de Ox\u00edgeno: Mide el ox\u00edgeno<br \/>\nRitmo Card\u00edaco: Mide el r\u00edtmo card\u00edaco<br \/>\nKilometraje: Mide km. recorridos<br \/>\nPresi\u00f3n Sangu\u00ednea: Mide tu presi\u00f3n.<br \/>\nDespertador Inteligente: Programable para despertador.<br \/>\nRecordatorio de Sedentarismo: Programable para recordarte la falta de ejercicio.<br \/>\nRecordatorio de Tomar Agua: Programable para mantener la hidrataci\u00f3n.<br \/>\nActividad del celular: Mensajes\/ llamadas<br \/>\nSacudir para Selfie: en la barra menu pod\u00e9s activar esta funci\u00f3n, una vez activada solo debes sacudir tu SmartBand para tomar la foto.<br \/>\nBusca el dispositivo: presion\u00e1 \u201cbuscar dispositivo\u201d, la SmartBand vibrar\u00e1.<\/p>\n","protected":false},"excerpt":{"rendered":"<p>Bluetooh 4.0<br \/>\nResoluci\u00f3n Pantalla: 1.3 Inch Colorida<br \/>\nTouch Screen &#8211; 240 RGB*240<br \/>\nMemoria: 32 m Flash + ROM 512 K<br \/>\nBater\u00eda: 150 maH, 5 d\u00edas de uso aprox<br \/>\nAncho de la malla: 2CM<\/p>\n","protected":false},"featured_media":9161,"comment_status":"open","ping_status":"closed","template":"","meta":[],"pwb-brand":[104],"product_cat":[75,69],"product_tag":[],"class_list":{"0":"post-9160","1":"product","2":"type-product","3":"status-publish","4":"has-post-thumbnail","6":"pwb-brand-soul","7":"product_cat-relojes","8":"product_cat-salud-y-bienestar","10":"first","11":"outofstock","12":"shipping-taxable","13":"purchasable","14":"product-type-simple"},"brands":[{"id":104,"name":"Soul","slug":"soul"}],"_links":{"self":[{"href":"https:\/\/aptecnologia.com.ar\/new\/wp-json\/wp\/v2\/product\/9160","targetHints":{"allow":["GET"]}}],"collection":[{"href":"https:\/\/aptecnologia.com.ar\/new\/wp-json\/wp\/v2\/product"}],"about":[{"href":"https:\/\/aptecnologia.com.ar\/new\/wp-json\/wp\/v2\/types\/product"}],"replies":[{"embeddable":true,"href":"https:\/\/aptecnologia.com.ar\/new\/wp-json\/wp\/v2\/comments?post=9160"}],"version-history":[{"count":0,"href":"https:\/\/aptecnologia.com.ar\/new\/wp-json\/wp\/v2\/product\/9160\/revisions"}],"wp:featuredmedia":[{"embeddable":true,"href":"https:\/\/aptecnologia.com.ar\/new\/wp-json\/wp\/v2\/media\/9161"}],"wp:attachment":[{"href":"https:\/\/aptecnologia.com.ar\/new\/wp-json\/wp\/v2\/media?parent=9160"}],"wp:term":[{"taxonomy":"pwb-brand","embeddable":true,"href":"https:\/\/aptecnologia.com.ar\/new\/wp-json\/wp\/v2\/pwb-brand?post=9160"},{"taxonomy":"product_cat","embeddable":true,"href":"https:\/\/aptecnologia.com.ar\/new\/wp-json\/wp\/v2\/product_cat?post=9160"},{"taxonomy":"product_tag","embeddable":true,"href":"https:\/\/aptecnologia.com.ar\/new\/wp-json\/wp\/v2\/product_tag?post=9160"}],"curies":[{"name":"wp","href":"https:\/\/api.w.org\/{rel}","templated":true}]}}