{"id":9159,"date":"2021-11-30T13:09:35","date_gmt":"2021-11-30T13:09:35","guid":{"rendered":"https:\/\/aptecnologia.com.ar\/new\/?post_type=product&#038;p=9159"},"modified":"2023-07-06T06:21:33","modified_gmt":"2023-07-06T09:21:33","slug":"smartwatch-match-150-bluetooth-android-soul","status":"publish","type":"product","link":"https:\/\/aptecnologia.com.ar\/new\/productos\/smartwatch-match-150-bluetooth-android-soul\/","title":{"rendered":"Reloj Smartwatch Match 150 Bluetooth Android &#8211; SOUL"},"content":{"rendered":"<p>Bater\u00eda recargable.<br \/>\nControl R\u00edtmico.<br \/>\nHora &amp; Alarma.<br \/>\nAlerta de mensajes.<br \/>\nAlerta de llamadas.<br \/>\nFunci\u00f3n Sport.<br \/>\nContador de pasos.<\/p>\n<p>App: Da Fit<br \/>\nBateria: 170 mAh<br \/>\nBluetooth: 4.0<br \/>\nDuraci\u00f3n de la bater\u00eda: 5 d\u00edas (aprox)<br \/>\nFunciones: Notificaciones &#8211; Pasos &#8211; Presi\u00f3n Sangu\u00ednea &#8211; Ritmo Card\u00edaco<br \/>\nMemoria: RAM 64KB ROM 32KB<br \/>\nResoluci\u00f3n de pantalla: 240 RGBx240<br \/>\nTama\u00f1o de pantalla: 1.3&#8243;<\/p>\n<p>Requerimientos m\u00ednimos:<br \/>\nIOS 8.0 \/ Android 4.2<\/p>\n","protected":false},"excerpt":{"rendered":"<p>Bater\u00eda recargable.<br \/>\nControl R\u00edtmico.<br \/>\nHora &amp; Alarma.<br \/>\nAlerta de mensajes.<br \/>\nAlerta de llamadas.<br \/>\nFunci\u00f3n Sport.<br \/>\nContador de pasos.<\/p>\n","protected":false},"featured_media":9156,"comment_status":"open","ping_status":"closed","template":"","meta":[],"pwb-brand":[104],"product_cat":[75,69],"product_tag":[235],"class_list":{"0":"post-9159","1":"product","2":"type-product","3":"status-publish","4":"has-post-thumbnail","6":"pwb-brand-soul","7":"product_cat-relojes","8":"product_cat-salud-y-bienestar","9":"product_tag-navidad","11":"first","12":"outofstock","13":"shipping-taxable","14":"purchasable","15":"product-type-simple"},"brands":[{"id":104,"name":"Soul","slug":"soul"}],"_links":{"self":[{"href":"https:\/\/aptecnologia.com.ar\/new\/wp-json\/wp\/v2\/product\/9159","targetHints":{"allow":["GET"]}}],"collection":[{"href":"https:\/\/aptecnologia.com.ar\/new\/wp-json\/wp\/v2\/product"}],"about":[{"href":"https:\/\/aptecnologia.com.ar\/new\/wp-json\/wp\/v2\/types\/product"}],"replies":[{"embeddable":true,"href":"https:\/\/aptecnologia.com.ar\/new\/wp-json\/wp\/v2\/comments?post=9159"}],"version-history":[{"count":0,"href":"https:\/\/aptecnologia.com.ar\/new\/wp-json\/wp\/v2\/product\/9159\/revisions"}],"wp:featuredmedia":[{"embeddable":true,"href":"https:\/\/aptecnologia.com.ar\/new\/wp-json\/wp\/v2\/media\/9156"}],"wp:attachment":[{"href":"https:\/\/aptecnologia.com.ar\/new\/wp-json\/wp\/v2\/media?parent=9159"}],"wp:term":[{"taxonomy":"pwb-brand","embeddable":true,"href":"https:\/\/aptecnologia.com.ar\/new\/wp-json\/wp\/v2\/pwb-brand?post=9159"},{"taxonomy":"product_cat","embeddable":true,"href":"https:\/\/aptecnologia.com.ar\/new\/wp-json\/wp\/v2\/product_cat?post=9159"},{"taxonomy":"product_tag","embeddable":true,"href":"https:\/\/aptecnologia.com.ar\/new\/wp-json\/wp\/v2\/product_tag?post=9159"}],"curies":[{"name":"wp","href":"https:\/\/api.w.org\/{rel}","templated":true}]}}